{"id":4411717,"date":"2025-12-19T12:44:20","date_gmt":"2025-12-19T11:44:20","guid":{"rendered":"https:\/\/aktuar-group.at\/vm\/?page_id=4411717"},"modified":"2025-12-19T12:44:52","modified_gmt":"2025-12-19T11:44:52","slug":"alexandra-bruckner-2","status":"publish","type":"page","link":"https:\/\/old.aktuar-group.at\/vm\/team\/alexandra-bruckner-2\/","title":{"rendered":"Alexandra Bruckner"},"content":{"rendered":"<p>[et_pb_section fb_built=&#8220;1&#8243; _builder_version=&#8220;4.16&#8243; _module_preset=&#8220;default&#8220; background_color=&#8220;#353D47&#8243; custom_margin=&#8220;||||false|false&#8220; custom_padding=&#8220;||||false|false&#8220; bottom_divider_style=&#8220;ramp2&#8243; bottom_divider_color=&#8220;#FFFFFF&#8220; bottom_divider_height=&#8220;150px&#8220; bottom_divider_flip=&#8220;horizontal|vertical&#8220; global_colors_info=&#8220;{}&#8220; theme_builder_area=&#8220;post_content&#8220;][et_pb_row column_structure=&#8220;1_3,2_3&#8243; _builder_version=&#8220;4.16&#8243; _module_preset=&#8220;default&#8220; width=&#8220;90%&#8220; max_width=&#8220;1280px&#8220; custom_margin=&#8220;10vh||||false|false&#8220; custom_padding=&#8220;||||false|false&#8220; pac_drh_enable_stacking=&#8220;pac_drh_stack_row pac_drh_stack_tab_mob&#8220; global_colors_info=&#8220;{}&#8220; theme_builder_area=&#8220;post_content&#8220;][et_pb_column type=&#8220;1_3&#8243; _builder_version=&#8220;4.16&#8243; _module_preset=&#8220;default&#8220; positioning=&#8220;none&#8220; position_origin_a=&#8220;bottom_left&#8220; custom_padding=&#8220;||||false|false&#8220; pac_drh_add_staking_order_tab=&#8220;pac_drh_order_tab_two&#8220; pac_drh_add_staking_order_mob=&#8220;pac_drh_order_mob_two&#8220; global_colors_info=&#8220;{}&#8220; theme_builder_area=&#8220;post_content&#8220;][et_pb_image src=&#8220;https:\/\/old.aktuar-group.at\/vm\/wp-content\/uploads\/sites\/2\/2025\/12\/Alexandra-Bruckner.png&#8220; alt=&#8220;Kaltrina Zenuni&#8220; title_text=&#8220;Alexandra Bruckner&#8220; show_bottom_space=&#8220;off&#8220; _builder_version=&#8220;4.27.4&#8243; _module_preset=&#8220;default&#8220; max_height=&#8220;60vh&#8220; custom_margin=&#8220;||||false|false&#8220; custom_margin_tablet=&#8220;||-10vh||false|false&#8220; custom_margin_phone=&#8220;||-10vh||false|false&#8220; custom_margin_last_edited=&#8220;on|tablet&#8220; hover_enabled=&#8220;0&#8243; border_radii=&#8220;on|22px|22px|22px|22px&#8220; box_shadow_style=&#8220;preset1&#8243; global_colors_info=&#8220;{}&#8220; theme_builder_area=&#8220;post_content&#8220; sticky_enabled=&#8220;0&#8243;][\/et_pb_image][\/et_pb_column][et_pb_column type=&#8220;2_3&#8243; _builder_version=&#8220;4.16&#8243; _module_preset=&#8220;default&#8220; positioning=&#8220;none&#8220; position_origin_a=&#8220;top_right&#8220; pac_drh_add_staking_order_tab=&#8220;pac_drh_order_tab_one&#8220; pac_drh_add_staking_order_mob=&#8220;pac_drh_order_mob_one&#8220; global_colors_info=&#8220;{}&#8220; theme_builder_area=&#8220;post_content&#8220;][et_pb_image src=&#8220;https:\/\/old.aktuar-group.at\/vm\/wp-content\/uploads\/sites\/2\/2021\/08\/AKTUAR_Logo_Favicon_Weiss.svg&#8220; alt=&#8220;AKTUAR_Logo_Favicon_Wei\u00df&#8220; title_text=&#8220;AKTUAR_Logo_Favicon_Wei\u00df&#8220; align=&#8220;left&#8220; _builder_version=&#8220;4.16&#8243; _module_preset=&#8220;default&#8220; module_alignment=&#8220;left&#8220; height=&#8220;80px&#8220; global_colors_info=&#8220;{}&#8220; theme_builder_area=&#8220;post_content&#8220;][\/et_pb_image][et_pb_text module_class=&#8220;span-font-brand&#8220; _builder_version=&#8220;4.27.4&#8243; _module_preset=&#8220;default&#8220; text_font=&#8220;|700|||||||&#8220; text_text_color=&#8220;#98A0AB&#8220; header_font=&#8220;|700|||||||&#8220; header_text_color=&#8220;#FFFFFF&#8220; header_font_size=&#8220;40px&#8220; header_2_font=&#8220;|700|||||||&#8220; header_2_font_size=&#8220;42px&#8220; header_3_font=&#8220;|700|||||||&#8220; header_3_text_color=&#8220;#009DE0&#8243; custom_margin_tablet=&#8220;||10vh||false|false&#8220; custom_margin_phone=&#8220;&#8220; custom_margin_last_edited=&#8220;on|phone&#8220; custom_padding=&#8220;||||false|false&#8220; animation_style=&#8220;zoom&#8220; animation_direction=&#8220;left&#8220; hover_enabled=&#8220;0&#8243; header_font_size_tablet=&#8220;32px&#8220; header_font_size_phone=&#8220;24px&#8220; header_font_size_last_edited=&#8220;on|phone&#8220; header_2_font_size_tablet=&#8220;32px&#8220; header_2_font_size_phone=&#8220;24px&#8220; header_2_font_size_last_edited=&#8220;on|phone&#8220; header_3_font_size_tablet=&#8220;&#8220; header_3_font_size_phone=&#8220;20px&#8220; header_3_font_size_last_edited=&#8220;on|phone&#8220; global_colors_info=&#8220;{}&#8220; theme_builder_area=&#8220;post_content&#8220; sticky_enabled=&#8220;0&#8243;]<\/p>\n<h1>Alexandra Bruckner, BSc<\/h1>\n<p>Consultant<\/p>\n<p>[\/et_pb_text][\/et_pb_column][\/et_pb_row][\/et_pb_section][et_pb_section fb_built=&#8220;1&#8243; custom_padding_last_edited=&#8220;on|phone&#8220; _builder_version=&#8220;4.16&#8243; _module_preset=&#8220;default&#8220; background_color=&#8220;RGBA(0,0,0,0)&#8220; custom_padding=&#8220;15vh||15vh||true|false&#8220; custom_padding_tablet=&#8220;&#8220; custom_padding_phone=&#8220;10vh||5vh||false|false&#8220; global_colors_info=&#8220;{}&#8220; theme_builder_area=&#8220;post_content&#8220;][et_pb_row _builder_version=&#8220;4.16&#8243; _module_preset=&#8220;default&#8220; width=&#8220;90%&#8220; max_width=&#8220;1280px&#8220; custom_margin=&#8220;||||false|false&#8220; animation_style=&#8220;zoom&#8220; animation_duration=&#8220;1500ms&#8220; global_colors_info=&#8220;{}&#8220; theme_builder_area=&#8220;post_content&#8220;][et_pb_column type=&#8220;4_4&#8243; _builder_version=&#8220;4.16&#8243; _module_preset=&#8220;default&#8220; global_colors_info=&#8220;{}&#8220; theme_builder_area=&#8220;post_content&#8220;][et_pb_text _builder_version=&#8220;4.27.4&#8243; _module_preset=&#8220;default&#8220; text_font=&#8220;|700|||||||&#8220; text_text_color=&#8220;#98A0AB&#8220; header_2_font=&#8220;|700|||||||&#8220; header_2_text_align=&#8220;center&#8220; header_2_font_size=&#8220;42px&#8220; text_orientation=&#8220;center&#8220; custom_padding=&#8220;||||false|false&#8220; animation_style=&#8220;zoom&#8220; animation_direction=&#8220;left&#8220; hover_enabled=&#8220;0&#8243; text_font_size_tablet=&#8220;&#8220; text_font_size_phone=&#8220;14px&#8220; text_font_size_last_edited=&#8220;on|phone&#8220; header_2_font_size_tablet=&#8220;30px&#8220; header_2_font_size_phone=&#8220;22px&#8220; header_2_font_size_last_edited=&#8220;on|phone&#8220; global_colors_info=&#8220;{}&#8220; theme_builder_area=&#8220;post_content&#8220; sticky_enabled=&#8220;0&#8243;]<\/p>\n<h2>Was man verstehen gelernt hat, f\u00fcrchtet man nicht mehr.<\/h2>\n<p>Marie Curie, Nobelpreis f\u00fcr Chemie und Physik (Polen), 1867 &#8211; 1934<\/p>\n<p>[\/et_pb_text][\/et_pb_column][\/et_pb_row][\/et_pb_section][et_pb_section fb_built=&#8220;1&#8243; custom_padding_last_edited=&#8220;on|phone&#8220; _builder_version=&#8220;4.16&#8243; _module_preset=&#8220;default&#8220; background_color=&#8220;#FFFFFF&#8220; custom_margin=&#8220;0px||0px||true|false&#8220; custom_padding=&#8220;15vh||15vh||true|false&#8220; custom_padding_tablet=&#8220;&#8220; custom_padding_phone=&#8220;5vh||5vh||true|false&#8220; global_colors_info=&#8220;{}&#8220; theme_builder_area=&#8220;post_content&#8220;][et_pb_row custom_padding_last_edited=&#8220;on|phone&#8220; _builder_version=&#8220;4.19.0&#8243; _module_preset=&#8220;default&#8220; width=&#8220;90%&#8220; width_tablet=&#8220;95%&#8220; width_phone=&#8220;100%&#8220; width_last_edited=&#8220;on|tablet&#8220; max_width=&#8220;1280px&#8220; custom_margin=&#8220;||5vh||false|false&#8220; custom_margin_tablet=&#8220;||5vh||false|false&#8220; custom_margin_phone=&#8220;||||false|false&#8220; custom_margin_last_edited=&#8220;on|phone&#8220; custom_padding=&#8220;||||false|false&#8220; custom_padding_tablet=&#8220;||||false|false&#8220; custom_padding_phone=&#8220;||||false|false&#8220; animation_style=&#8220;fade&#8220; animation_duration=&#8220;1500ms&#8220; global_colors_info=&#8220;{}&#8220; theme_builder_area=&#8220;post_content&#8220;][et_pb_column type=&#8220;4_4&#8243; _builder_version=&#8220;4.16&#8243; _module_preset=&#8220;default&#8220; global_colors_info=&#8220;{}&#8220; theme_builder_area=&#8220;post_content&#8220;][dmpro_timeline timeline_line_color=&#8220;#98A0AB&#8220; timeline_active_line_color=&#8220;#009DE0&#8243; card_arrow_size=&#8220;20px&#8220; card_arrow_color=&#8220;#FFFFFF&#8220; _builder_version=&#8220;4.27.4&#8243; _module_preset=&#8220;default&#8220; custom_margin_tablet=&#8220;&#8220; custom_margin_phone=&#8220;|22px|||false|false&#8220; custom_margin_last_edited=&#8220;on|phone&#8220; custom_padding=&#8220;||||false|true&#8220; hover_enabled=&#8220;0&#8243; locked=&#8220;off&#8220; global_colors_info=&#8220;{}&#8220; theme_builder_area=&#8220;post_content&#8220; sticky_enabled=&#8220;0&#8243;][dmpro_timeline_item title=&#8220;VERANTWORTUNGSBEREICH&#8220; timeline_icon=&#8220;&#xe08a;||divi||400&#8243; timeline_icon_color=&#8220;#FFFFFF&#8220; date_circle_color=&#8220;#009DE0&#8243; title_tablet=&#8220;VERANTWORTUNGSBEREICH&#8220; title_phone=&#8220;VERANTWORTUNGS-BEREICH&#8220; title_last_edited=&#8220;on|phone&#8220; _builder_version=&#8220;4.27.4&#8243; _module_preset=&#8220;default&#8220; header_level=&#8220;h4&#8243; header_font=&#8220;|700|||||||&#8220; header_text_color=&#8220;#009DE0&#8243; body_font=&#8220;|300|||||||&#8220; body_text_color=&#8220;#242424&#8243; background_color=&#8220;#FFFFFF&#8220; background_enable_color=&#8220;on&#8220; hover_enabled=&#8220;0&#8243; header_line_height_tablet=&#8220;&#8220; header_line_height_phone=&#8220;1.1em&#8220; header_line_height_last_edited=&#8220;on|phone&#8220; border_radii=&#8220;on|22px|22px|22px|22px&#8220; border_color_all_image=&#8220;RGBA(255,255,255,0)&#8220; box_shadow_style=&#8220;preset1&#8243; global_colors_info=&#8220;{}&#8220; theme_builder_area=&#8220;post_content&#8220; sticky_enabled=&#8220;0&#8243;]Alexandra ist seit Juli 2025 bei der AKTUAR Versicherungsmathematik GmbH als Aktuar und Consultant im Bereich Mathematik t\u00e4tig.<br \/>\nSie f\u00fchrt sowohl finanzmathematische als auch versicherungsmathematische Berechnungen von Personalr\u00fcckstellungen (Abfertigungen, Jubil\u00e4umsgelder, Pensionen) nach nationalen und internationalen Rechnungslegungsvorschriften durch. Die Erstellung versicherungsmathematischer Gutachten z\u00e4hlt ebenso zu ihren T\u00e4tigkeiten sowie die diesbez\u00fcgliche Beratung unserer Klienten.[\/dmpro_timeline_item][dmpro_timeline_item title=&#8220;AUSBILDUNG&#8220; timeline_icon=&#8220;&#xe0dd;||divi||400&#8243; timeline_icon_color=&#8220;#FFFFFF&#8220; date_circle_color=&#8220;#009DE0&#8243; _builder_version=&#8220;4.27.4&#8243; _module_preset=&#8220;default&#8220; header_level=&#8220;h4&#8243; header_font=&#8220;|700|||||||&#8220; header_text_color=&#8220;#009DE0&#8243; body_font=&#8220;|300|||||||&#8220; body_text_color=&#8220;#242424&#8243; background_color=&#8220;#FFFFFF&#8220; background_enable_color=&#8220;on&#8220; hover_enabled=&#8220;0&#8243; border_radii=&#8220;on|22px|22px|22px|22px&#8220; box_shadow_style=&#8220;preset1&#8243; global_colors_info=&#8220;{}&#8220; theme_builder_area=&#8220;post_content&#8220; sticky_enabled=&#8220;0&#8243;]Alexandra hat ihr Bachelorstudium der Statistik an der Universit\u00e4t Wien abgeschlossen und studiert derzeit im fachgleichen Magisterstudium.[\/dmpro_timeline_item][dmpro_timeline_item title=&#8220;SPRACHEN&#8220; timeline_icon=&#8220;&#xe069;||divi||400&#8243; timeline_icon_color=&#8220;#FFFFFF&#8220; date_circle_color=&#8220;#009DE0&#8243; _builder_version=&#8220;4.27.4&#8243; _module_preset=&#8220;default&#8220; header_level=&#8220;h4&#8243; header_font=&#8220;|700|||||||&#8220; header_text_color=&#8220;#009DE0&#8243; body_font=&#8220;|300|||||||&#8220; body_text_color=&#8220;#242424&#8243; background_color=&#8220;#FFFFFF&#8220; background_enable_color=&#8220;on&#8220; hover_enabled=&#8220;0&#8243; border_radii=&#8220;on|22px|22px|22px|22px&#8220; box_shadow_style=&#8220;preset1&#8243; global_colors_info=&#8220;{}&#8220; theme_builder_area=&#8220;post_content&#8220; sticky_enabled=&#8220;0&#8243;]<\/p>\n<p>Deutsch: Muttersprache<br \/>\nEnglisch: gute Kenntnisse<\/p>\n<p>[\/dmpro_timeline_item][\/dmpro_timeline][\/et_pb_column][\/et_pb_row][\/et_pb_section][et_pb_section fb_built=&#8220;1&#8243; disabled_on=&#8220;off|off|off&#8220; _builder_version=&#8220;4.16&#8243; _module_preset=&#8220;default&#8220; background_color=&#8220;#F5F5F5&#8243; custom_margin=&#8220;0px||0px||true|false&#8220; custom_padding=&#8220;15vh||15vh||true|false&#8220; global_colors_info=&#8220;{}&#8220; theme_builder_area=&#8220;post_content&#8220;][et_pb_row _builder_version=&#8220;4.16&#8243; _module_preset=&#8220;default&#8220; width=&#8220;90%&#8220; max_width=&#8220;90vw&#8220; custom_margin=&#8220;||5vh||false|false&#8220; global_colors_info=&#8220;{}&#8220; theme_builder_area=&#8220;post_content&#8220;][et_pb_column type=&#8220;4_4&#8243; _builder_version=&#8220;4.16&#8243; _module_preset=&#8220;default&#8220; global_colors_info=&#8220;{}&#8220; theme_builder_area=&#8220;post_content&#8220;][et_pb_text module_class=&#8220;span-font-brand&#8220; _builder_version=&#8220;4.27.4&#8243; _module_preset=&#8220;default&#8220; text_font=&#8220;|600|||||||&#8220; text_text_color=&#8220;#98A0AB&#8220; header_font=&#8220;|700|||||||&#8220; header_font_size=&#8220;56px&#8220; header_2_font=&#8220;|700|||||||&#8220; header_2_font_size=&#8220;42px&#8220; header_3_font=&#8220;|700|||||||&#8220; header_3_text_color=&#8220;#009DE0&#8243; custom_padding=&#8220;||||false|false&#8220; animation_style=&#8220;zoom&#8220; animation_direction=&#8220;left&#8220; hover_enabled=&#8220;0&#8243; header_font_size_tablet=&#8220;48px&#8220; header_font_size_phone=&#8220;32px&#8220; header_font_size_last_edited=&#8220;on|desktop&#8220; header_2_font_size_tablet=&#8220;32px&#8220; header_2_font_size_phone=&#8220;24px&#8220; header_2_font_size_last_edited=&#8220;on|phone&#8220; header_3_font_size_tablet=&#8220;&#8220; header_3_font_size_phone=&#8220;20px&#8220; header_3_font_size_last_edited=&#8220;on|phone&#8220; global_colors_info=&#8220;{}&#8220; theme_builder_area=&#8220;post_content&#8220; disabled_on=&#8220;on|off|off&#8220; sticky_enabled=&#8220;0&#8243;]<\/p>\n<h2>KENNTNISSE<br \/>\n<span>Alexandra Bruckner<\/span><\/h2>\n<p>[\/et_pb_text][\/et_pb_column][\/et_pb_row][et_pb_row _builder_version=&#8220;4.16&#8243; _module_preset=&#8220;default&#8220; global_colors_info=&#8220;{}&#8220; theme_builder_area=&#8220;post_content&#8220;][et_pb_column type=&#8220;4_4&#8243; _builder_version=&#8220;4.16&#8243; _module_preset=&#8220;default&#8220; global_colors_info=&#8220;{}&#8220; theme_builder_area=&#8220;post_content&#8220;][dsm_icon_list _builder_version=&#8220;4.27.4&#8243; _module_preset=&#8220;6c412425-84be-41d1-a7a1-bffb095ee310&#8243; custom_margin=&#8220;||||false|false&#8220; hover_enabled=&#8220;0&#8243; global_colors_info=&#8220;{}&#8220; custom_padding__hover_enabled=&#8220;on|desktop&#8220; theme_builder_area=&#8220;post_content&#8220; sticky_enabled=&#8220;0&#8243;][dsm_icon_list_child text=&#8220;Versicherungsmathematische Gutachten&#8220; use_icon=&#8220;off&#8220; _builder_version=&#8220;4.16&#8243; _module_preset=&#8220;2dcf1c75-a0e6-4c39-a657-967c1c80eddf&#8220; global_colors_info=&#8220;{}&#8220; theme_builder_area=&#8220;post_content&#8220;][\/dsm_icon_list_child][dsm_icon_list_child text=&#8220;Bewertungen von Pensionsr\u00fcckstellungen&#8220; use_icon=&#8220;off&#8220; _builder_version=&#8220;4.16&#8243; _module_preset=&#8220;2dcf1c75-a0e6-4c39-a657-967c1c80eddf&#8220; global_colors_info=&#8220;{}&#8220; theme_builder_area=&#8220;post_content&#8220;][\/dsm_icon_list_child][dsm_icon_list_child text=&#8220;Leistungs- und beitragsorientierter Pensionsplan&#8220; use_icon=&#8220;off&#8220; _builder_version=&#8220;4.16&#8243; _module_preset=&#8220;2dcf1c75-a0e6-4c39-a657-967c1c80eddf&#8220; global_colors_info=&#8220;{}&#8220; theme_builder_area=&#8220;post_content&#8220;][\/dsm_icon_list_child][\/dsm_icon_list][\/et_pb_column][\/et_pb_row][\/et_pb_section]<\/p>\n","protected":false},"excerpt":{"rendered":"<p>Alexandra Bruckner, BSc ConsultantWas man verstehen gelernt hat, f\u00fcrchtet man nicht mehr. Marie Curie, Nobelpreis f\u00fcr Chemie und Physik (Polen), 1867 &#8211; 1934<div class=\"et_pb_module dmpro_timeline dmpro_timeline_0\">\n\t\t\t\t\n\t\t\t\t\n\t\t\t\t\n\t\t\t\t\n\t\t\t\t\n\t\t\t\t\n\t\t\t\t<div class=\"et_pb_module_inner\">\n\t\t\t\t\t<div class=\"dmpro_timeline_custom_classes dmpro_timeline_layout_mixed dmpro_timeline_layout_right_tablet dmpro_timeline_layout_right_phone startpos-left dmpro_timeline_show-card-arrow\">\n        <div class=\"dmpro_timeline_container\">\n          <div class=\"dmpro-timeline-items\"><div class=\"et_pb_with_border et_pb_module dmpro_timeline_item dmpro_timeline_item_0\">\n\t\t\t\t\n\t\t\t\t\n\t\t\t\t\n\t\t\t\t\n\t\t\t\t\n\t\t\t\t\n\t\t\t\t<div class=\"et_pb_module_inner\">\n\t\t\t\t\t<div class=\"dmpro_timeline_item_custom_classes dmpro_timeline_item_position_top et_pb_bg_layout_\">\n        <div class=\"dmpro_timeline_item_container\">\n          <div class=\"dmpro_timeline_date\"><\/div>\n          <div class=\"et_pb_image_wrap date-icon-wrap\"><span data-icon=\"&#xe08a;\" class=\"date-icon date-icon-circle\"><\/span><\/div>\n          <div class=\"dmpro_timeline_item_card-wrap\">\n            <div class=\"dmpro_timeline_item_card\">\n              \n              <div class=\"dmpro_timeline_item_content\">\n                <div class=\"dmpro_timeline_date\"><\/div>\n                <div class=\"dmpro_timeline_item_content_text\">\n                  <h4 class=\"dmpro_timeline_item_header\"><span data-et-multi-view=\"{&quot;schema&quot;:{&quot;content&quot;:{&quot;desktop&quot;:&quot;VERANTWORTUNGSBEREICH&quot;,&quot;phone&quot;:&quot;VERANTWORTUNGS-BEREICH&quot;}},&quot;slug&quot;:&quot;dmpro_timeline_item&quot;}\" data-et-multi-view-load-phone-hidden=\"true\">VERANTWORTUNGSBEREICH<\/span><\/h4>\n                  <div class=\"dmpro_timeline_item_description\">Alexandra ist seit Juli 2025 bei der AKTUAR Versicherungsmathematik GmbH als Aktuar und Consultant im Bereich Mathematik t\u00e4tig. Sie f\u00fchrt sowohl finanzmathematische als auch versicherungsmathematische Berechnungen von Personalr\u00fcckstellungen (Abfertigungen, Jubil\u00e4umsgelder, Pensionen) nach nationalen und internationalen Rechnungslegungsvorschriften durch. Die Erstellung versicherungsmathematischer Gutachten z\u00e4hlt ebenso zu ihren T\u00e4tigkeiten sowie die diesbez\u00fcgliche Beratung unserer Klienten.<\/div>\n                <\/div>\n                \n              <\/div> <!-- .dmpro_timeline_item_content -->\n            <\/div> <!-- .dmpro_timeline_item_card -->\n          <\/div>\n        <\/div>\n      <\/div>\n\t\t\n\t\t\t\t<\/div>\n\t\t\t<\/div><div class=\"et_pb_module dmpro_timeline_item dmpro_timeline_item_1\">\n\t\t\t\t\n\t\t\t\t\n\t\t\t\t\n\t\t\t\t\n\t\t\t\t\n\t\t\t\t\n\t\t\t\t<div class=\"et_pb_module_inner\">\n\t\t\t\t\t<div class=\"dmpro_timeline_item_custom_classes dmpro_timeline_item_position_top et_pb_bg_layout_\">\n        <div class=\"dmpro_timeline_item_container\">\n          <div class=\"dmpro_timeline_date\"><\/div>\n          <div class=\"et_pb_image_wrap date-icon-wrap\"><span data-icon=\"&#xe0dd;\" class=\"date-icon date-icon-circle\"><\/span><\/div>\n          <div class=\"dmpro_timeline_item_card-wrap\">\n            <div class=\"dmpro_timeline_item_card\">\n              \n              <div class=\"dmpro_timeline_item_content\">\n                <div class=\"dmpro_timeline_date\"><\/div>\n                <div class=\"dmpro_timeline_item_content_text\">\n                  <h4 class=\"dmpro_timeline_item_header\"><span>AUSBILDUNG<\/span><\/h4>\n                  <div class=\"dmpro_timeline_item_description\">Alexandra hat ihr Bachelorstudium der Statistik an der Universit\u00e4t Wien abgeschlossen und studiert derzeit im fachgleichen Magisterstudium.<\/div>\n                <\/div>\n                \n              <\/div> <!-- .dmpro_timeline_item_content -->\n            <\/div> <!-- .dmpro_timeline_item_card -->\n          <\/div>\n        <\/div>\n      <\/div>\n\t\t\n\t\t\t\t<\/div>\n\t\t\t<\/div><div class=\"et_pb_module dmpro_timeline_item dmpro_timeline_item_2\">\n\t\t\t\t\n\t\t\t\t\n\t\t\t\t\n\t\t\t\t\n\t\t\t\t\n\t\t\t\t\n\t\t\t\t<div class=\"et_pb_module_inner\">\n\t\t\t\t\t<div class=\"dmpro_timeline_item_custom_classes dmpro_timeline_item_position_top et_pb_bg_layout_\">\n        <div class=\"dmpro_timeline_item_container\">\n          <div class=\"dmpro_timeline_date\"><\/div>\n          <div class=\"et_pb_image_wrap date-icon-wrap\"><span data-icon=\"&#xe069;\" class=\"date-icon date-icon-circle\"><\/span><\/div>\n          <div class=\"dmpro_timeline_item_card-wrap\">\n            <div class=\"dmpro_timeline_item_card\">\n              \n              <div class=\"dmpro_timeline_item_content\">\n                <div class=\"dmpro_timeline_date\"><\/div>\n                <div class=\"dmpro_timeline_item_content_text\">\n                  <h4 class=\"dmpro_timeline_item_header\"><span>SPRACHEN<\/span><\/h4>\n                  <div class=\"dmpro_timeline_item_description\">Deutsch: Muttersprache Englisch: gute Kenntnisse<\/div>\n                <\/div>\n                \n              <\/div> <!-- .dmpro_timeline_item_content -->\n            <\/div> <!-- .dmpro_timeline_item_card -->\n          <\/div>\n        <\/div>\n      <\/div>\n\t\t\n\t\t\t\t<\/div>\n\t\t\t<\/div><\/div>\n          <div class=\"dmpro-timeline-line\"><\/div><div class=\"dmpro-timeline-line__active\"><\/div>\n        <\/div>\n      <\/div>\n      \n\t\t\t\t<\/div>\n\t\t\t<\/div>KENNTNISSE Alexandra Bruckner<div class=\"et_pb_module dsm_icon_list dsm_icon_list_0 et_animated\">\n\t\t\t\t\n\t\t\t\t\n\t\t\t\t\n\t\t\t\t\n\t\t\t\t\n\t\t\t\t\n\t\t\t\t<div class=\"et_pb_module_inner\">\n\t\t\t\t\t<ul class=\"dsm_icon_list_items dsm_icon_list_ltr_direction dsm_icon_list_layout_horizontal\"><\/ul>\n\t\t\t\t<\/div>\n\t\t\t<\/div><li class=\"dsm_icon_list_child dsm_icon_list_child_0\">\n\t\t\t\t\n\t\t\t\t\n\t\t\t\t\n\t\t\t\t\n\t\t\t\t<span class=\"dsm_icon_list_wrapper\"><\/span><span class=\"dsm_icon_list_text\">Versicherungsmathematische Gutachten<\/span>\n\t\t\t<\/li><li class=\"dsm_icon_list_child dsm_icon_list_child_1\">\n\t\t\t\t\n\t\t\t\t\n\t\t\t\t\n\t\t\t\t\n\t\t\t\t<span class=\"dsm_icon_list_wrapper\"><\/span><span class=\"dsm_icon_list_text\">Bewertungen von Pensionsr\u00fcckstellungen<\/span>\n\t\t\t<\/li><li class=\"dsm_icon_list_child dsm_icon_list_child_2\">\n\t\t\t\t\n\t\t\t\t\n\t\t\t\t\n\t\t\t\t\n\t\t\t\t<span class=\"dsm_icon_list_wrapper\"><span class=\"dsm_icon_list_icon\">P<\/span><\/span><span class=\"dsm_icon_list_text\">&#8220;Leistungs-<\/span>\n\t\t\t<\/li><\/p>\n","protected":false},"author":1,"featured_media":0,"parent":10982,"menu_order":0,"comment_status":"closed","ping_status":"closed","template":"","meta":{"_et_pb_use_builder":"on","_et_pb_old_content":"","_et_gb_content_width":"","footnotes":""},"class_list":["post-4411717","page","type-page","status-publish","hentry"],"_links":{"self":[{"href":"https:\/\/old.aktuar-group.at\/vm\/wp-json\/wp\/v2\/pages\/4411717","targetHints":{"allow":["GET"]}}],"collection":[{"href":"https:\/\/old.aktuar-group.at\/vm\/wp-json\/wp\/v2\/pages"}],"about":[{"href":"https:\/\/old.aktuar-group.at\/vm\/wp-json\/wp\/v2\/types\/page"}],"author":[{"embeddable":true,"href":"https:\/\/old.aktuar-group.at\/vm\/wp-json\/wp\/v2\/users\/1"}],"replies":[{"embeddable":true,"href":"https:\/\/old.aktuar-group.at\/vm\/wp-json\/wp\/v2\/comments?post=4411717"}],"version-history":[{"count":2,"href":"https:\/\/old.aktuar-group.at\/vm\/wp-json\/wp\/v2\/pages\/4411717\/revisions"}],"predecessor-version":[{"id":4411721,"href":"https:\/\/old.aktuar-group.at\/vm\/wp-json\/wp\/v2\/pages\/4411717\/revisions\/4411721"}],"up":[{"embeddable":true,"href":"https:\/\/old.aktuar-group.at\/vm\/wp-json\/wp\/v2\/pages\/10982"}],"wp:attachment":[{"href":"https:\/\/old.aktuar-group.at\/vm\/wp-json\/wp\/v2\/media?parent=4411717"}],"curies":[{"name":"wp","href":"https:\/\/api.w.org\/{rel}","templated":true}]}}