{"id":4408038,"date":"2021-10-04T11:14:22","date_gmt":"2021-10-04T09:14:22","guid":{"rendered":"https:\/\/aktuar.cc\/vm\/?page_id=4408038"},"modified":"2024-11-29T18:27:37","modified_gmt":"2024-11-29T17:27:37","slug":"jasmin-bacher","status":"publish","type":"page","link":"https:\/\/old.aktuar-group.at\/vm\/team\/jasmin-bacher\/","title":{"rendered":"Jasmin Bacher"},"content":{"rendered":"<p>[et_pb_section fb_built=&#8220;1&#8243; _builder_version=&#8220;4.16&#8243; _module_preset=&#8220;default&#8220; background_color=&#8220;#353D47&#8243; custom_margin=&#8220;||||false|false&#8220; custom_padding=&#8220;||||false|false&#8220; bottom_divider_style=&#8220;ramp2&#8243; bottom_divider_color=&#8220;#FFFFFF&#8220; bottom_divider_height=&#8220;150px&#8220; bottom_divider_flip=&#8220;horizontal|vertical&#8220; global_colors_info=&#8220;{}&#8220;][et_pb_row column_structure=&#8220;1_3,2_3&#8243; _builder_version=&#8220;4.16&#8243; _module_preset=&#8220;default&#8220; width=&#8220;90%&#8220; max_width=&#8220;1280px&#8220; custom_margin=&#8220;10vh||||false|false&#8220; custom_padding=&#8220;||||false|false&#8220; pac_drh_enable_stacking=&#8220;pac_drh_stack_row pac_drh_stack_tab_mob&#8220; global_colors_info=&#8220;{}&#8220;][et_pb_column type=&#8220;1_3&#8243; _builder_version=&#8220;4.16&#8243; _module_preset=&#8220;default&#8220; positioning=&#8220;none&#8220; position_origin_a=&#8220;bottom_left&#8220; custom_padding=&#8220;||||false|false&#8220; pac_drh_add_staking_order_tab=&#8220;pac_drh_order_tab_two&#8220; pac_drh_add_staking_order_mob=&#8220;pac_drh_order_mob_two&#8220; global_colors_info=&#8220;{}&#8220;][et_pb_image src=&#8220;https:\/\/old.aktuar-group.at\/vm\/wp-content\/uploads\/sites\/2\/2021\/09\/Bacher-Jasmin.png&#8220; title_text=&#8220;Bacher Jasmin&#8220; show_bottom_space=&#8220;off&#8220; _builder_version=&#8220;4.16&#8243; _module_preset=&#8220;default&#8220; max_height=&#8220;60vh&#8220; custom_margin=&#8220;||||false|false&#8220; custom_margin_tablet=&#8220;||-10vh||false|false&#8220; custom_margin_phone=&#8220;||-10vh||false|false&#8220; custom_margin_last_edited=&#8220;on|tablet&#8220; border_radii=&#8220;on|22px|22px|22px|22px&#8220; box_shadow_style=&#8220;preset1&#8243; global_colors_info=&#8220;{}&#8220;][\/et_pb_image][\/et_pb_column][et_pb_column type=&#8220;2_3&#8243; _builder_version=&#8220;4.16&#8243; _module_preset=&#8220;default&#8220; positioning=&#8220;none&#8220; position_origin_a=&#8220;top_right&#8220; pac_drh_add_staking_order_tab=&#8220;pac_drh_order_tab_one&#8220; pac_drh_add_staking_order_mob=&#8220;pac_drh_order_mob_one&#8220; global_colors_info=&#8220;{}&#8220;][et_pb_image src=&#8220;https:\/\/old.aktuar-group.at\/vm\/wp-content\/uploads\/sites\/2\/2021\/08\/AKTUAR_Logo_Favicon_Weiss.svg&#8220; alt=&#8220;AKTUAR_Logo_Favicon_Wei\u00df&#8220; title_text=&#8220;AKTUAR_Logo_Favicon_Wei\u00df&#8220; align=&#8220;left&#8220; _builder_version=&#8220;4.16&#8243; _module_preset=&#8220;default&#8220; module_alignment=&#8220;left&#8220; height=&#8220;80px&#8220; global_colors_info=&#8220;{}&#8220;][\/et_pb_image][et_pb_text module_class=&#8220;span-font-brand&#8220; _builder_version=&#8220;4.16&#8243; _module_preset=&#8220;default&#8220; text_font=&#8220;|700|||||||&#8220; text_text_color=&#8220;#98A0AB&#8220; header_font=&#8220;|700|||||||&#8220; header_text_color=&#8220;#FFFFFF&#8220; header_font_size=&#8220;40px&#8220; header_2_font=&#8220;|700|||||||&#8220; header_2_font_size=&#8220;42px&#8220; header_3_font=&#8220;|700|||||||&#8220; header_3_text_color=&#8220;#009DE0&#8243; custom_margin_tablet=&#8220;||10vh||false|false&#8220; custom_margin_phone=&#8220;&#8220; custom_margin_last_edited=&#8220;on|phone&#8220; custom_padding=&#8220;||||false|false&#8220; animation_style=&#8220;zoom&#8220; animation_direction=&#8220;left&#8220; header_font_size_tablet=&#8220;32px&#8220; header_font_size_phone=&#8220;24px&#8220; header_font_size_last_edited=&#8220;on|phone&#8220; header_2_font_size_tablet=&#8220;32px&#8220; header_2_font_size_phone=&#8220;24px&#8220; header_2_font_size_last_edited=&#8220;on|phone&#8220; header_3_font_size_tablet=&#8220;&#8220; header_3_font_size_phone=&#8220;20px&#8220; header_3_font_size_last_edited=&#8220;on|phone&#8220; global_colors_info=&#8220;{}&#8220;]<\/p>\n<h1>JASMIN BACHER<\/h1>\n<p>TEAMASSISTENTIN<\/p>\n<p>[\/et_pb_text][\/et_pb_column][\/et_pb_row][\/et_pb_section][et_pb_section fb_built=&#8220;1&#8243; custom_padding_last_edited=&#8220;on|phone&#8220; disabled_on=&#8220;off|off|off&#8220; _builder_version=&#8220;4.16&#8243; _module_preset=&#8220;default&#8220; background_color=&#8220;RGBA(0,0,0,0)&#8220; custom_padding=&#8220;15vh||15vh||true|false&#8220; custom_padding_tablet=&#8220;&#8220; custom_padding_phone=&#8220;10vh||5vh||false|false&#8220; global_colors_info=&#8220;{}&#8220;][et_pb_row _builder_version=&#8220;4.16&#8243; _module_preset=&#8220;default&#8220; width=&#8220;90%&#8220; max_width=&#8220;1280px&#8220; custom_margin=&#8220;||||false|false&#8220; animation_style=&#8220;zoom&#8220; animation_duration=&#8220;1500ms&#8220; global_colors_info=&#8220;{}&#8220;][et_pb_column type=&#8220;4_4&#8243; _builder_version=&#8220;4.16&#8243; _module_preset=&#8220;default&#8220; global_colors_info=&#8220;{}&#8220;][et_pb_text _builder_version=&#8220;4.16&#8243; _module_preset=&#8220;default&#8220; text_font=&#8220;|700|||||||&#8220; text_text_color=&#8220;#98A0AB&#8220; header_2_font=&#8220;|700|||||||&#8220; header_2_text_align=&#8220;center&#8220; header_2_font_size=&#8220;42px&#8220; text_orientation=&#8220;center&#8220; custom_padding=&#8220;||||false|false&#8220; animation_style=&#8220;zoom&#8220; animation_direction=&#8220;left&#8220; text_font_size_tablet=&#8220;&#8220; text_font_size_phone=&#8220;14px&#8220; text_font_size_last_edited=&#8220;on|phone&#8220; header_2_font_size_tablet=&#8220;30px&#8220; header_2_font_size_phone=&#8220;22px&#8220; header_2_font_size_last_edited=&#8220;on|phone&#8220; global_colors_info=&#8220;{}&#8220;]<\/p>\n<h2>Qualit\u00e4t ist kein Zufall, sie ist immer das Ergebnis angestrengten Denkens.<\/h2>\n<p>JOHN RUSKIN, ENGLISCHER KUNSTKRITIKER, SOZIAL\u00d6KONOM UND SOZIALREFORMER, 1819 -1900<\/p>\n<p>[\/et_pb_text][\/et_pb_column][\/et_pb_row][\/et_pb_section][et_pb_section fb_built=&#8220;1&#8243; custom_padding_last_edited=&#8220;on|phone&#8220; _builder_version=&#8220;4.16&#8243; _module_preset=&#8220;default&#8220; background_color=&#8220;#FFFFFF&#8220; custom_margin=&#8220;0px||0px||true|false&#8220; custom_padding=&#8220;15vh||15vh||true|false&#8220; custom_padding_tablet=&#8220;&#8220; custom_padding_phone=&#8220;5vh||5vh||true|false&#8220; global_colors_info=&#8220;{}&#8220;][et_pb_row _builder_version=&#8220;4.25.0&#8243; _module_preset=&#8220;default&#8220; width=&#8220;90%&#8220; width_tablet=&#8220;95%&#8220; width_phone=&#8220;95%&#8220; width_last_edited=&#8220;on|phone&#8220; max_width=&#8220;1280px&#8220; module_alignment=&#8220;center&#8220; custom_margin=&#8220;||5vh||false|false&#8220; custom_padding=&#8220;||||false|false&#8220; animation_style=&#8220;fade&#8220; animation_duration=&#8220;1500ms&#8220; global_colors_info=&#8220;{}&#8220; locked=&#8220;off&#8220;][et_pb_column type=&#8220;4_4&#8243; _builder_version=&#8220;4.16&#8243; _module_preset=&#8220;default&#8220; global_colors_info=&#8220;{}&#8220;][dsm_content_timeline dsm_bg_color=&#8220;#FFFFFF&#8220; dsm_pointer_bg_color=&#8220;#009DE0&#8243; dsm_pointer_icon_font_size=&#8220;32px&#8220; dsm_tree_bg_color=&#8220;#009DE0&#8243; dsm_tree_width=&#8220;4px&#8220; dsm_icon_font_size=&#8220;24px&#8220; dsm_pointer_icon_font_size_tablet=&#8220;24px&#8220; dsm_pointer_icon_font_size_phone=&#8220;16px&#8220; dsm_pointer_icon_font_size_last_edited=&#8220;on|tablet&#8220; _builder_version=&#8220;4.27.4&#8243; _module_preset=&#8220;default&#8220; header_level=&#8220;h2&#8243; header_font=&#8220;|700|||||||&#8220; header_text_color=&#8220;#009DE0&#8243; header_font_size=&#8220;26px&#8220; content_font=&#8220;|300|||||||&#8220; width=&#8220;90%&#8220; module_alignment=&#8220;center&#8220; custom_padding_tablet=&#8220;&#8220; custom_padding_phone=&#8220;8px|24px|16px|24px|false|true&#8220; custom_padding_last_edited=&#8220;on|phone&#8220; hover_enabled=&#8220;0&#8243; header_font_size_tablet=&#8220;2vw&#8220; header_font_size_phone=&#8220;4vw&#8220; header_font_size_last_edited=&#8220;on|phone&#8220; border_radii_card_border=&#8220;on|22px|22px|22px|22px&#8220; box_shadow_style_card_shadow=&#8220;preset1&#8243; global_colors_info=&#8220;{}&#8220; sticky_enabled=&#8220;0&#8243;][dsm_content_timeline_child dsm_use_icon_image=&#8220;off&#8220; dsm_title=&#8220;VERANTWORTUNGSBEREICH&#8220; dsm_content=&#8220;<\/p>\n<p>Jasmin ist seit August 2015 bei der Aktuar Versicherungsmathematik GmbH als Teamassistentin t\u00e4tig. Sie unterst\u00fctzt die Gesch\u00e4ftsf\u00fchrung in organisatorischen und administrativen Belangen. Ihr Aufgabengebiet umfasst zudem die Pflege der Kundendatenbank sowie allgemeine Assistenzarbeiten.<\/p>\n<p>&#8220; dsm_use_pointer_element=&#8220;on&#8220; dsm_point_font_icon=&#8220;&#xf007;||fa||900&#8243; dsm_horizontal_alignment=&#8220;left&#8220; dsm_icon_image_align=&#8220;center&#8220; _builder_version=&#8220;4.27.4&#8243; _module_preset=&#8220;default&#8220; hover_enabled=&#8220;0&#8243; global_colors_info=&#8220;{}&#8220; parent_header_level=&#8220;h2&#8243; sticky_enabled=&#8220;0&#8243;][\/dsm_content_timeline_child][dsm_content_timeline_child dsm_use_icon_image=&#8220;off&#8220; dsm_title=&#8220;BERUFSERFAHRUNG&#8220; dsm_content=&#8220;<\/p>\n<p>Jasmin war einige Jahre als Assistentin im medizinisch-technischen Bereich t\u00e4tig.<\/p>\n<p>&#8220; dsm_use_pointer_element=&#8220;on&#8220; dsm_point_font_icon=&#8220;&#xe0dd;||divi||400&#8243; _builder_version=&#8220;4.27.4&#8243; _module_preset=&#8220;default&#8220; hover_enabled=&#8220;0&#8243; global_colors_info=&#8220;{}&#8220; parent_header_level=&#8220;h2&#8243; sticky_enabled=&#8220;0&#8243;][\/dsm_content_timeline_child][dsm_content_timeline_child dsm_use_icon_image=&#8220;off&#8220; dsm_title=&#8220;AUSBILDUNG&#8220; dsm_content=&#8220;<\/p>\n<p>Jasmin hat eine abgeschlossene Ausbildung im kaufm\u00e4nnischen Bereich mit Schwerpunkt in Medieninformatik.<\/p>\n<p>&#8220; dsm_use_pointer_element=&#8220;on&#8220; dsm_point_font_icon=&#8220;&#xf19d;||fa||900&#8243; _builder_version=&#8220;4.27.4&#8243; _module_preset=&#8220;default&#8220; hover_enabled=&#8220;0&#8243; global_colors_info=&#8220;{}&#8220; parent_header_level=&#8220;h2&#8243; sticky_enabled=&#8220;0&#8243;][\/dsm_content_timeline_child][dsm_content_timeline_child dsm_use_icon_image=&#8220;off&#8220; dsm_title=&#8220;SPRACHEN&#8220; dsm_content=&#8220;<\/p>\n<p>Deutsch: Muttersprache<br \/>\nEnglisch: gute Kenntnisse<\/p>\n<p>&#8220; dsm_use_pointer_element=&#8220;on&#8220; dsm_point_font_icon=&#8220;&#xf027;||fa||900&#8243; _builder_version=&#8220;4.27.4&#8243; _module_preset=&#8220;default&#8220; hover_enabled=&#8220;0&#8243; global_colors_info=&#8220;{}&#8220; parent_header_level=&#8220;h2&#8243; sticky_enabled=&#8220;0&#8243;][\/dsm_content_timeline_child][\/dsm_content_timeline][\/et_pb_column][\/et_pb_row][\/et_pb_section][et_pb_section fb_built=&#8220;1&#8243; _builder_version=&#8220;4.16&#8243; _module_preset=&#8220;default&#8220; background_color=&#8220;#F5F5F5&#8243; custom_margin=&#8220;0px||0px||true|false&#8220; custom_padding=&#8220;15vh||15vh||true|false&#8220; global_colors_info=&#8220;{}&#8220;][et_pb_row _builder_version=&#8220;4.16&#8243; _module_preset=&#8220;default&#8220; width=&#8220;90%&#8220; max_width=&#8220;90vw&#8220; custom_margin=&#8220;||5vh||false|false&#8220; global_colors_info=&#8220;{}&#8220;][et_pb_column type=&#8220;4_4&#8243; _builder_version=&#8220;4.16&#8243; _module_preset=&#8220;default&#8220; global_colors_info=&#8220;{}&#8220;][et_pb_text module_class=&#8220;span-font-brand&#8220; _builder_version=&#8220;4.16&#8243; _module_preset=&#8220;default&#8220; text_font=&#8220;|600|||||||&#8220; text_text_color=&#8220;#98A0AB&#8220; header_font=&#8220;|700|||||||&#8220; header_font_size=&#8220;56px&#8220; header_2_font=&#8220;|700|||||||&#8220; header_2_font_size=&#8220;42px&#8220; header_3_font=&#8220;|700|||||||&#8220; header_3_text_color=&#8220;#009DE0&#8243; custom_padding=&#8220;||||false|false&#8220; animation_style=&#8220;zoom&#8220; animation_direction=&#8220;left&#8220; header_font_size_tablet=&#8220;48px&#8220; header_font_size_phone=&#8220;32px&#8220; header_font_size_last_edited=&#8220;on|desktop&#8220; header_2_font_size_tablet=&#8220;32px&#8220; header_2_font_size_phone=&#8220;24px&#8220; header_2_font_size_last_edited=&#8220;on|phone&#8220; header_3_font_size_tablet=&#8220;&#8220; header_3_font_size_phone=&#8220;20px&#8220; header_3_font_size_last_edited=&#8220;on|phone&#8220; global_colors_info=&#8220;{}&#8220;]<\/p>\n<h2>KENNTNISSE<br \/>\n<span>JASMIN BACHER<\/span><\/h2>\n<p>[\/et_pb_text][\/et_pb_column][\/et_pb_row][et_pb_row _builder_version=&#8220;4.16&#8243; _module_preset=&#8220;default&#8220; global_colors_info=&#8220;{}&#8220;][et_pb_column type=&#8220;4_4&#8243; _builder_version=&#8220;4.16&#8243; _module_preset=&#8220;default&#8220; global_colors_info=&#8220;{}&#8220;][dsm_icon_list _builder_version=&#8220;4.16&#8243; _module_preset=&#8220;6c412425-84be-41d1-a7a1-bffb095ee310&#8243; custom_margin=&#8220;||||false|false&#8220; global_colors_info=&#8220;{}&#8220; custom_padding__hover_enabled=&#8220;on|desktop&#8220;][dsm_icon_list_child text=&#8220;Vorbereitung von Pr\u00e4sentationen&#8220; use_icon=&#8220;off&#8220; _builder_version=&#8220;4.16&#8243; _module_preset=&#8220;2dcf1c75-a0e6-4c39-a657-967c1c80eddf&#8220; global_colors_info=&#8220;{}&#8220;][\/dsm_icon_list_child][dsm_icon_list_child text=&#8220;Teamkoordination&#8220; use_icon=&#8220;off&#8220; _builder_version=&#8220;4.16&#8243; _module_preset=&#8220;2dcf1c75-a0e6-4c39-a657-967c1c80eddf&#8220; global_colors_info=&#8220;{}&#8220;][\/dsm_icon_list_child][dsm_icon_list_child text=&#8220;Mitorganisation von Veranstaltungen&#8220; use_icon=&#8220;off&#8220; _builder_version=&#8220;4.16&#8243; _module_preset=&#8220;2dcf1c75-a0e6-4c39-a657-967c1c80eddf&#8220; global_colors_info=&#8220;{}&#8220;][\/dsm_icon_list_child][dsm_icon_list_child text=&#8220;Telefonbetreuung&#8220; use_icon=&#8220;off&#8220; _builder_version=&#8220;4.16&#8243; _module_preset=&#8220;2dcf1c75-a0e6-4c39-a657-967c1c80eddf&#8220; global_colors_info=&#8220;{}&#8220;][\/dsm_icon_list_child][dsm_icon_list_child text=&#8220;Postbearbeitung&#8220; use_icon=&#8220;off&#8220; _builder_version=&#8220;4.16&#8243; _module_preset=&#8220;2dcf1c75-a0e6-4c39-a657-967c1c80eddf&#8220; global_colors_info=&#8220;{}&#8220;][\/dsm_icon_list_child][dsm_icon_list_child text=&#8220;Pflege der Kundendatenbank&#8220; use_icon=&#8220;off&#8220; _builder_version=&#8220;4.16&#8243; _module_preset=&#8220;2dcf1c75-a0e6-4c39-a657-967c1c80eddf&#8220; global_colors_info=&#8220;{}&#8220;][\/dsm_icon_list_child][dsm_icon_list_child text=&#8220;Grafische Aufbereitung von Pr\u00e4sentationen&#8220; use_icon=&#8220;off&#8220; _builder_version=&#8220;4.16&#8243; _module_preset=&#8220;2dcf1c75-a0e6-4c39-a657-967c1c80eddf&#8220; global_colors_info=&#8220;{}&#8220;][\/dsm_icon_list_child][dsm_icon_list_child text=&#8220;Organisation von Meetings und Telefonkonferenzen&#8220; use_icon=&#8220;off&#8220; _builder_version=&#8220;4.16&#8243; _module_preset=&#8220;2dcf1c75-a0e6-4c39-a657-967c1c80eddf&#8220; global_colors_info=&#8220;{}&#8220;][\/dsm_icon_list_child][dsm_icon_list_child text=&#8220;Archivierung&#8220; use_icon=&#8220;off&#8220; _builder_version=&#8220;4.16&#8243; _module_preset=&#8220;2dcf1c75-a0e6-4c39-a657-967c1c80eddf&#8220; global_colors_info=&#8220;{}&#8220;][\/dsm_icon_list_child][\/dsm_icon_list][\/et_pb_column][\/et_pb_row][\/et_pb_section]<\/p>\n","protected":false},"excerpt":{"rendered":"<p>JASMIN BACHER TEAMASSISTENTINQualit\u00e4t ist kein Zufall, sie ist immer das Ergebnis angestrengten Denkens. JOHN RUSKIN, ENGLISCHER KUNSTKRITIKER, SOZIAL\u00d6KONOM UND SOZIALREFORMER, 1819 -1900<div class=\"et_pb_module dsm_content_timeline dsm_content_timeline_0\">\n\t\t\t\t\n\t\t\t\t\n\t\t\t\t\n\t\t\t\t\n\t\t\t\t\n\t\t\t\t\n\t\t\t\t<div class=\"et_pb_module_inner\">\n\t\t\t\t\t<div class=\"dsm-content-timeline-items-wrapper dsm-center\" data-tree-animation=\"off\" data-tree-animation-tablet=\"\" data-tree-animation-phone=\"\" data-image_lightbox=\"off\">\n\t\t\t<div class=\"dsm-content-timeline-tree\">\n\t\t\t\t\n\t\t\t<\/div>\n\t\t   <div class=\"dsm-content-timeline-item-wrapper dsm_content_timeline_child_0\">\n\t\t\t\t\n\t\t\t\t<div class=\"dsm-content-timeline-content-wrapper dsm_wrapper_dsm_content_timeline_child_0 dsm-visibility\">   \t\t\n\t\t\t\t\t\n\t\t\t\t\t\n\t\t\t\t\t\n\t\t\t\t\t<div class=\"dsm-timeline-content\">\n\t\t\t\t\t\t<h2 class=\"dsm-title\">VERANTWORTUNGSBEREICH<\/h2>\n\t\t\t\t\t\t<div class=\"dsm-description\">Jasmin ist seit August 2015 bei der Aktuar Versicherungsmathematik GmbH als Teamassistentin t\u00e4tig. Sie unterst\u00fctzt die Gesch\u00e4ftsf\u00fchrung in organisatorischen und administrativen Belangen. Ihr Aufgabengebiet umfasst zudem die Pflege der Kundendatenbank sowie allgemeine Assistenzarbeiten.<\/div>\n\t\t\t\t\t\t\n\t\t\t\t\t\t\n\t\t\t\t\t<\/div>\t\n\t\t\t\t<\/div>\n\t\t\t\t<div class=\"dsm-pointer-wrapper\">\n\t\t\t\t\t<span class=\"dsm_icon\">\uf007<\/span>\n\t\t\t\t\t\n\t\t\t\t<\/div>\n\t\t\t<\/div><div class=\"dsm-content-timeline-item-wrapper dsm_content_timeline_child_1\">\n\t\t\t\t\n\t\t\t\t<div class=\"dsm-content-timeline-content-wrapper dsm_wrapper_dsm_content_timeline_child_1 dsm-visibility\">   \t\t\n\t\t\t\t\t\n\t\t\t\t\t\n\t\t\t\t\t\n\t\t\t\t\t<div class=\"dsm-timeline-content\">\n\t\t\t\t\t\t<h2 class=\"dsm-title\">BERUFSERFAHRUNG<\/h2>\n\t\t\t\t\t\t<div class=\"dsm-description\">Jasmin war einige Jahre als Assistentin im medizinisch-technischen Bereich t\u00e4tig.<\/div>\n\t\t\t\t\t\t\n\t\t\t\t\t\t\n\t\t\t\t\t<\/div>\t\n\t\t\t\t<\/div>\n\t\t\t\t<div class=\"dsm-pointer-wrapper\">\n\t\t\t\t\t<span class=\"dsm_icon\">\ue0dd<\/span>\n\t\t\t\t\t\n\t\t\t\t<\/div>\n\t\t\t<\/div><div class=\"dsm-content-timeline-item-wrapper dsm_content_timeline_child_2\">\n\t\t\t\t\n\t\t\t\t<div class=\"dsm-content-timeline-content-wrapper dsm_wrapper_dsm_content_timeline_child_2 dsm-visibility\">   \t\t\n\t\t\t\t\t\n\t\t\t\t\t\n\t\t\t\t\t\n\t\t\t\t\t<div class=\"dsm-timeline-content\">\n\t\t\t\t\t\t<h2 class=\"dsm-title\">AUSBILDUNG<\/h2>\n\t\t\t\t\t\t<div class=\"dsm-description\">Jasmin hat eine abgeschlossene Ausbildung im kaufm\u00e4nnischen Bereich mit Schwerpunkt in Medieninformatik.<\/div>\n\t\t\t\t\t\t\n\t\t\t\t\t\t\n\t\t\t\t\t<\/div>\t\n\t\t\t\t<\/div>\n\t\t\t\t<div class=\"dsm-pointer-wrapper\">\n\t\t\t\t\t<span class=\"dsm_icon\">\uf19d<\/span>\n\t\t\t\t\t\n\t\t\t\t<\/div>\n\t\t\t<\/div><div class=\"dsm-content-timeline-item-wrapper dsm_content_timeline_child_3\">\n\t\t\t\t\n\t\t\t\t<div class=\"dsm-content-timeline-content-wrapper dsm_wrapper_dsm_content_timeline_child_3 dsm-visibility\">   \t\t\n\t\t\t\t\t\n\t\t\t\t\t\n\t\t\t\t\t\n\t\t\t\t\t<div class=\"dsm-timeline-content\">\n\t\t\t\t\t\t<h2 class=\"dsm-title\">SPRACHEN<\/h2>\n\t\t\t\t\t\t<div class=\"dsm-description\">Deutsch: Muttersprache Englisch: gute Kenntnisse<\/div>\n\t\t\t\t\t\t\n\t\t\t\t\t\t\n\t\t\t\t\t<\/div>\t\n\t\t\t\t<\/div>\n\t\t\t\t<div class=\"dsm-pointer-wrapper\">\n\t\t\t\t\t<span class=\"dsm_icon\">\uf027<\/span>\n\t\t\t\t\t\n\t\t\t\t<\/div>\n\t\t\t<\/div>\n\t\t<\/div>\n\t\t\n\t\t\t\t<\/div>\n\t\t\t<\/div>KENNTNISSE JASMIN BACHER<div class=\"et_pb_module dsm_icon_list dsm_icon_list_0 et_animated\">\n\t\t\t\t\n\t\t\t\t\n\t\t\t\t\n\t\t\t\t\n\t\t\t\t\n\t\t\t\t\n\t\t\t\t<div class=\"et_pb_module_inner\">\n\t\t\t\t\t<ul class=\"dsm_icon_list_items dsm_icon_list_ltr_direction dsm_icon_list_layout_horizontal\"><\/ul>\n\t\t\t\t<\/div>\n\t\t\t<\/div><li class=\"dsm_icon_list_child dsm_icon_list_child_0\">\n\t\t\t\t\n\t\t\t\t\n\t\t\t\t\n\t\t\t\t\n\t\t\t\t<span class=\"dsm_icon_list_wrapper\"><\/span><span class=\"dsm_icon_list_text\">Vorbereitung von Pr\u00e4sentationen<\/span>\n\t\t\t<\/li><li class=\"dsm_icon_list_child dsm_icon_list_child_1\">\n\t\t\t\t\n\t\t\t\t\n\t\t\t\t\n\t\t\t\t\n\t\t\t\t<span class=\"dsm_icon_list_wrapper\"><\/span><span class=\"dsm_icon_list_text\">Teamkoordination<\/span>\n\t\t\t<\/li><li class=\"dsm_icon_list_child dsm_icon_list_child_2\">\n\t\t\t\t\n\t\t\t\t\n\t\t\t\t\n\t\t\t\t\n\t\t\t\t<span class=\"dsm_icon_list_wrapper\"><\/span><span class=\"dsm_icon_list_text\">Mitorganisation von Veranstaltungen<\/span>\n\t\t\t<\/li><li class=\"dsm_icon_list_child dsm_icon_list_child_3\">\n\t\t\t\t\n\t\t\t\t\n\t\t\t\t\n\t\t\t\t\n\t\t\t\t<span class=\"dsm_icon_list_wrapper\"><\/span><span class=\"dsm_icon_list_text\">Telefonbetreuung<\/span>\n\t\t\t<\/li><li class=\"dsm_icon_list_child dsm_icon_list_child_4\">\n\t\t\t\t\n\t\t\t\t\n\t\t\t\t\n\t\t\t\t\n\t\t\t\t<span class=\"dsm_icon_list_wrapper\"><\/span><span class=\"dsm_icon_list_text\">Postbearbeitung<\/span>\n\t\t\t<\/li><li class=\"dsm_icon_list_child dsm_icon_list_child_5\">\n\t\t\t\t\n\t\t\t\t\n\t\t\t\t\n\t\t\t\t\n\t\t\t\t<span class=\"dsm_icon_list_wrapper\"><\/span><span class=\"dsm_icon_list_text\">Pflege der Kundendatenbank<\/span>\n\t\t\t<\/li><li class=\"dsm_icon_list_child dsm_icon_list_child_6\">\n\t\t\t\t\n\t\t\t\t\n\t\t\t\t\n\t\t\t\t\n\t\t\t\t<span class=\"dsm_icon_list_wrapper\"><span class=\"dsm_icon_list_icon\">P<\/span><\/span><span class=\"dsm_icon_list_text\">&#8220;Grafische<\/span>\n\t\t\t<\/li><\/p>\n","protected":false},"author":1,"featured_media":0,"parent":10982,"menu_order":0,"comment_status":"closed","ping_status":"closed","template":"","meta":{"_et_pb_use_builder":"on","_et_pb_old_content":"","_et_gb_content_width":"","footnotes":""},"class_list":["post-4408038","page","type-page","status-publish","hentry"],"_links":{"self":[{"href":"https:\/\/old.aktuar-group.at\/vm\/wp-json\/wp\/v2\/pages\/4408038","targetHints":{"allow":["GET"]}}],"collection":[{"href":"https:\/\/old.aktuar-group.at\/vm\/wp-json\/wp\/v2\/pages"}],"about":[{"href":"https:\/\/old.aktuar-group.at\/vm\/wp-json\/wp\/v2\/types\/page"}],"author":[{"embeddable":true,"href":"https:\/\/old.aktuar-group.at\/vm\/wp-json\/wp\/v2\/users\/1"}],"replies":[{"embeddable":true,"href":"https:\/\/old.aktuar-group.at\/vm\/wp-json\/wp\/v2\/comments?post=4408038"}],"version-history":[{"count":0,"href":"https:\/\/old.aktuar-group.at\/vm\/wp-json\/wp\/v2\/pages\/4408038\/revisions"}],"up":[{"embeddable":true,"href":"https:\/\/old.aktuar-group.at\/vm\/wp-json\/wp\/v2\/pages\/10982"}],"wp:attachment":[{"href":"https:\/\/old.aktuar-group.at\/vm\/wp-json\/wp\/v2\/media?parent=4408038"}],"curies":[{"name":"wp","href":"https:\/\/api.w.org\/{rel}","templated":true}]}}