{"id":4407979,"date":"2021-10-03T11:11:36","date_gmt":"2021-10-03T09:11:36","guid":{"rendered":"https:\/\/aktuar.cc\/vm\/?page_id=4407979"},"modified":"2024-11-29T18:34:35","modified_gmt":"2024-11-29T17:34:35","slug":"johannes-wirius","status":"publish","type":"page","link":"https:\/\/old.aktuar-group.at\/vm\/team\/johannes-wirius\/","title":{"rendered":"Johannes Wirius"},"content":{"rendered":"<p>[et_pb_section fb_built=&#8220;1&#8243; _builder_version=&#8220;4.16&#8243; _module_preset=&#8220;default&#8220; background_color=&#8220;#353D47&#8243; custom_margin=&#8220;||||false|false&#8220; custom_padding=&#8220;||||false|false&#8220; bottom_divider_style=&#8220;ramp2&#8243; bottom_divider_color=&#8220;#FFFFFF&#8220; bottom_divider_height=&#8220;150px&#8220; bottom_divider_flip=&#8220;horizontal|vertical&#8220; global_colors_info=&#8220;{}&#8220;][et_pb_row column_structure=&#8220;1_3,2_3&#8243; _builder_version=&#8220;4.16&#8243; _module_preset=&#8220;default&#8220; width=&#8220;90%&#8220; max_width=&#8220;1280px&#8220; custom_margin=&#8220;10vh||||false|false&#8220; custom_padding=&#8220;||||false|false&#8220; pac_drh_enable_stacking=&#8220;pac_drh_stack_row pac_drh_stack_tab_mob&#8220; global_colors_info=&#8220;{}&#8220;][et_pb_column type=&#8220;1_3&#8243; _builder_version=&#8220;4.16&#8243; _module_preset=&#8220;default&#8220; positioning=&#8220;none&#8220; position_origin_a=&#8220;bottom_left&#8220; custom_padding=&#8220;||||false|false&#8220; pac_drh_add_staking_order_tab=&#8220;pac_drh_order_tab_two&#8220; pac_drh_add_staking_order_mob=&#8220;pac_drh_order_mob_two&#8220; global_colors_info=&#8220;{}&#8220;][et_pb_image src=&#8220;https:\/\/old.aktuar-group.at\/vm\/wp-content\/uploads\/sites\/2\/2021\/09\/Wirius-Johannes.png&#8220; title_text=&#8220;Wirius Johannes&#8220; show_bottom_space=&#8220;off&#8220; _builder_version=&#8220;4.16&#8243; _module_preset=&#8220;default&#8220; max_height=&#8220;60vh&#8220; custom_margin=&#8220;||||false|false&#8220; custom_margin_tablet=&#8220;||-10vh||false|false&#8220; custom_margin_phone=&#8220;||-10vh||false|false&#8220; custom_margin_last_edited=&#8220;on|tablet&#8220; border_radii=&#8220;on|22px|22px|22px|22px&#8220; box_shadow_style=&#8220;preset1&#8243; global_colors_info=&#8220;{}&#8220;][\/et_pb_image][\/et_pb_column][et_pb_column type=&#8220;2_3&#8243; _builder_version=&#8220;4.16&#8243; _module_preset=&#8220;default&#8220; positioning=&#8220;none&#8220; position_origin_a=&#8220;top_right&#8220; pac_drh_add_staking_order_tab=&#8220;pac_drh_order_tab_one&#8220; pac_drh_add_staking_order_mob=&#8220;pac_drh_order_mob_one&#8220; global_colors_info=&#8220;{}&#8220;][et_pb_image src=&#8220;https:\/\/old.aktuar-group.at\/vm\/wp-content\/uploads\/sites\/2\/2021\/08\/AKTUAR_Logo_Favicon_Weiss.svg&#8220; alt=&#8220;AKTUAR_Logo_Favicon_Wei\u00df&#8220; title_text=&#8220;AKTUAR_Logo_Favicon_Wei\u00df&#8220; align=&#8220;left&#8220; _builder_version=&#8220;4.16&#8243; _module_preset=&#8220;default&#8220; module_alignment=&#8220;left&#8220; height=&#8220;80px&#8220; global_colors_info=&#8220;{}&#8220;][\/et_pb_image][et_pb_text module_class=&#8220;span-font-brand&#8220; _builder_version=&#8220;4.16&#8243; _module_preset=&#8220;default&#8220; text_font=&#8220;|700|||||||&#8220; text_text_color=&#8220;#98A0AB&#8220; header_font=&#8220;|700|||||||&#8220; header_text_color=&#8220;#FFFFFF&#8220; header_font_size=&#8220;40px&#8220; header_2_font=&#8220;|700|||||||&#8220; header_2_font_size=&#8220;42px&#8220; header_3_font=&#8220;|700|||||||&#8220; header_3_text_color=&#8220;#009DE0&#8243; custom_margin_tablet=&#8220;||10vh||false|false&#8220; custom_margin_phone=&#8220;&#8220; custom_margin_last_edited=&#8220;on|phone&#8220; custom_padding=&#8220;||||false|false&#8220; animation_style=&#8220;zoom&#8220; animation_direction=&#8220;left&#8220; header_font_size_tablet=&#8220;32px&#8220; header_font_size_phone=&#8220;24px&#8220; header_font_size_last_edited=&#8220;on|phone&#8220; header_2_font_size_tablet=&#8220;32px&#8220; header_2_font_size_phone=&#8220;24px&#8220; header_2_font_size_last_edited=&#8220;on|phone&#8220; header_3_font_size_tablet=&#8220;&#8220; header_3_font_size_phone=&#8220;20px&#8220; header_3_font_size_last_edited=&#8220;on|phone&#8220; global_colors_info=&#8220;{}&#8220;]<\/p>\n<h1>JOHANNES WIRIUS, BA<\/h1>\n<p>Gesch\u00e4ftsf\u00fchrender Gesellschafter, Chefaktuar<\/p>\n<p>[\/et_pb_text][\/et_pb_column][\/et_pb_row][\/et_pb_section][et_pb_section fb_built=&#8220;1&#8243; custom_padding_last_edited=&#8220;on|phone&#8220; _builder_version=&#8220;4.16&#8243; _module_preset=&#8220;default&#8220; background_color=&#8220;RGBA(0,0,0,0)&#8220; custom_padding=&#8220;15vh||15vh||true|false&#8220; custom_padding_tablet=&#8220;&#8220; custom_padding_phone=&#8220;10vh||5vh||false|false&#8220; global_colors_info=&#8220;{}&#8220;][et_pb_row _builder_version=&#8220;4.16&#8243; _module_preset=&#8220;default&#8220; width=&#8220;90%&#8220; max_width=&#8220;1280px&#8220; custom_margin=&#8220;||||false|false&#8220; animation_style=&#8220;zoom&#8220; animation_duration=&#8220;1500ms&#8220; global_colors_info=&#8220;{}&#8220;][et_pb_column type=&#8220;4_4&#8243; _builder_version=&#8220;4.16&#8243; _module_preset=&#8220;default&#8220; global_colors_info=&#8220;{}&#8220;][et_pb_text _builder_version=&#8220;4.16&#8243; _module_preset=&#8220;default&#8220; text_font=&#8220;|700|||||||&#8220; text_text_color=&#8220;#98A0AB&#8220; header_2_font=&#8220;|700|||||||&#8220; header_2_text_align=&#8220;center&#8220; header_2_font_size=&#8220;42px&#8220; text_orientation=&#8220;center&#8220; custom_padding=&#8220;||||false|false&#8220; animation_style=&#8220;zoom&#8220; animation_direction=&#8220;left&#8220; text_font_size_tablet=&#8220;&#8220; text_font_size_phone=&#8220;14px&#8220; text_font_size_last_edited=&#8220;on|phone&#8220; header_2_font_size_tablet=&#8220;30px&#8220; header_2_font_size_phone=&#8220;22px&#8220; header_2_font_size_last_edited=&#8220;on|phone&#8220; global_colors_info=&#8220;{}&#8220;]<\/p>\n<h2>Man muss nicht nur mehr Ideen haben als andere, sondern auch die F\u00e4higkeit besitzen, zu entscheiden, welche dieser Ideen gut sind.<\/h2>\n<p>LINUS PAULING, NOBELPREISTR\u00c4GER F\u00dcR CHEMIE (USA), 1901 &#8211; 1994<\/p>\n<p>[\/et_pb_text][\/et_pb_column][\/et_pb_row][\/et_pb_section][et_pb_section fb_built=&#8220;1&#8243; custom_padding_last_edited=&#8220;on|phone&#8220; _builder_version=&#8220;4.16&#8243; _module_preset=&#8220;default&#8220; background_color=&#8220;#FFFFFF&#8220; custom_margin=&#8220;0px||0px||true|false&#8220; custom_padding=&#8220;15vh||15vh||true|false&#8220; custom_padding_tablet=&#8220;&#8220; custom_padding_phone=&#8220;5vh||5vh||true|false&#8220; global_colors_info=&#8220;{}&#8220;][et_pb_row _builder_version=&#8220;4.25.0&#8243; _module_preset=&#8220;default&#8220; width=&#8220;90%&#8220; width_tablet=&#8220;95%&#8220; width_phone=&#8220;95%&#8220; width_last_edited=&#8220;on|phone&#8220; max_width=&#8220;1280px&#8220; module_alignment=&#8220;center&#8220; custom_margin=&#8220;||5vh||false|false&#8220; custom_padding=&#8220;||||false|false&#8220; animation_style=&#8220;fade&#8220; animation_duration=&#8220;1500ms&#8220; global_colors_info=&#8220;{}&#8220; locked=&#8220;off&#8220;][et_pb_column type=&#8220;4_4&#8243; _builder_version=&#8220;4.16&#8243; _module_preset=&#8220;default&#8220; global_colors_info=&#8220;{}&#8220;][dsm_content_timeline dsm_bg_color=&#8220;#FFFFFF&#8220; dsm_pointer_bg_color=&#8220;#009DE0&#8243; dsm_pointer_icon_font_size=&#8220;32px&#8220; dsm_tree_bg_color=&#8220;#009DE0&#8243; dsm_tree_width=&#8220;4px&#8220; dsm_icon_font_size=&#8220;24px&#8220; dsm_pointer_icon_font_size_tablet=&#8220;24px&#8220; dsm_pointer_icon_font_size_phone=&#8220;16px&#8220; dsm_pointer_icon_font_size_last_edited=&#8220;on|tablet&#8220; _builder_version=&#8220;4.27.4&#8243; _module_preset=&#8220;default&#8220; header_level=&#8220;h2&#8243; header_font=&#8220;|700|||||||&#8220; header_text_color=&#8220;#009DE0&#8243; header_font_size=&#8220;26px&#8220; content_font=&#8220;|300|||||||&#8220; width=&#8220;90%&#8220; module_alignment=&#8220;center&#8220; custom_padding_tablet=&#8220;&#8220; custom_padding_phone=&#8220;8px|24px|16px|24px|false|true&#8220; custom_padding_last_edited=&#8220;on|phone&#8220; hover_enabled=&#8220;0&#8243; header_font_size_tablet=&#8220;2vw&#8220; header_font_size_phone=&#8220;4vw&#8220; header_font_size_last_edited=&#8220;on|phone&#8220; border_radii_card_border=&#8220;on|22px|22px|22px|22px&#8220; box_shadow_style_card_shadow=&#8220;preset1&#8243; global_colors_info=&#8220;{}&#8220; sticky_enabled=&#8220;0&#8243;][dsm_content_timeline_child dsm_use_icon_image=&#8220;off&#8220; dsm_title=&#8220;VERANTWORTUNGSBEREICH&#8220; dsm_content=&#8220;<\/p>\n<p>Johannes ist gesch\u00e4ftsf\u00fchrender Gesellschafter der Aktuar Versicherungsmathematik GmbH und der Aktuar Betriebliche Vorsorge GmbH mit Sitz in Wien. In der Aktuar Versicherungsmathematik GmbH ist er seit November 2011 als Aktuar und Berater t\u00e4tig, die Aktuar Betriebliche Vorsorge GmbH wurde im Jahr 2015 gegr\u00fcndet. Er erstellt finanz- und versicherungsmathematische Gutachten und Leistungsausweise f\u00fcr Personalverpflichtungen nach \u00d6sterreichischen und Internationalen Vorschriften.<\/p>\n<p>Zudem hat er umfangreiche Erfahrung in allen Bereichen der Betrieblichen Vorsorge. Seine Beratungsleistungen umfassen u.a. die wirtschaftliche Planung, das Risikomanagement und die Unterst\u00fctzung bei der Errichtung bzw. Adaptierung von Versorgungspl\u00e4nen.<\/p>\n<p>&#8220; dsm_use_pointer_element=&#8220;on&#8220; dsm_point_font_icon=&#8220;&#xf007;||fa||900&#8243; dsm_horizontal_alignment=&#8220;left&#8220; dsm_icon_image_align=&#8220;center&#8220; _builder_version=&#8220;4.27.4&#8243; _module_preset=&#8220;default&#8220; hover_enabled=&#8220;0&#8243; global_colors_info=&#8220;{}&#8220; parent_header_level=&#8220;h2&#8243; sticky_enabled=&#8220;0&#8243;][\/dsm_content_timeline_child][dsm_content_timeline_child dsm_use_icon_image=&#8220;off&#8220; dsm_title=&#8220;TEAM&#8220; dsm_content=&#8220;<\/p>\n<p>Johannes betreut ein Team aus 6 Aktuaren und ist auch verantwortlich f\u00fcr die Bereiche Versicherung und Verm\u00f6gensberatung.<\/p>\n<p>&#8220; dsm_use_pointer_element=&#8220;on&#8220; dsm_point_font_icon=&#8220;&#xf0c0;||fa||900&#8243; dsm_horizontal_alignment=&#8220;left&#8220; dsm_icon_image_align=&#8220;center&#8220; _builder_version=&#8220;4.27.4&#8243; _module_preset=&#8220;default&#8220; hover_enabled=&#8220;0&#8243; global_colors_info=&#8220;{}&#8220; parent_header_level=&#8220;h2&#8243; sticky_enabled=&#8220;0&#8243;][\/dsm_content_timeline_child][dsm_content_timeline_child dsm_use_icon_image=&#8220;off&#8220; dsm_title=&#8220;BERUFSERFAHRUNG&#8220; dsm_content=&#8220;<\/p>\n<p>Johannes hat 20 Jahre Erfahrung als Aktuar erworben, davon vor allem in einem internationalen Versicherungsunternehmen (Helvetia Versicherung AG \u2013 Abteilung Personenversicherung) und in einem globalen Beratungsunternehmen (Mercer Austria GmbH).<\/p>\n<p>&#8220; dsm_use_pointer_element=&#8220;on&#8220; dsm_point_font_icon=&#8220;&#xe0dd;||divi||400&#8243; _builder_version=&#8220;4.27.4&#8243; _module_preset=&#8220;default&#8220; hover_enabled=&#8220;0&#8243; global_colors_info=&#8220;{}&#8220; parent_header_level=&#8220;h2&#8243; sticky_enabled=&#8220;0&#8243;][\/dsm_content_timeline_child][dsm_content_timeline_child dsm_use_icon_image=&#8220;off&#8220; dsm_title=&#8220;ABELICA GLOBAL MEMBER&#8220; dsm_content=&#8220;<\/p>\n<p>Dar\u00fcber hinaus ist Johannes ein aktives Mitglied in den Arbeitsgruppen \u201ePersonalverpflichtungen\u201c und \u201eGesch\u00e4ftsentwicklung in Europa\u201c von Abelica Global. Abelica Global ist ein globales Netzwerk von unabh\u00e4ngigen Aktuars- und Beratungsfirmen. (Um zur Abelica Global Webseite zu gelangen, bitte hier klicken).<\/p>\n<p>&#8220; dsm_use_pointer_element=&#8220;on&#8220; dsm_point_font_icon=&#8220;&#xf005;||fa||900&#8243; _builder_version=&#8220;4.27.4&#8243; _module_preset=&#8220;default&#8220; hover_enabled=&#8220;0&#8243; global_colors_info=&#8220;{}&#8220; parent_header_level=&#8220;h2&#8243; sticky_enabled=&#8220;0&#8243;][\/dsm_content_timeline_child][dsm_content_timeline_child dsm_use_icon_image=&#8220;off&#8220; dsm_title=&#8220;AUSBILDUNG&#8220; dsm_content=&#8220;<\/p>\n<p>Johannes hat das Studium der Versicherungsmathematik an der TU Wien und das Bakkalaureat in Bank- und Finanzwirtschaft an der Fachhochschule des BFI Wien absolviert.<\/p>\n<p>Er ist berechtigt die reglementierten Gewerbe der Verm\u00f6gensberatung, Versicherungsmakler und Beratung in Versicherungsangelegenheiten sowie Unternehmensberatung auszu\u00fcben.<\/p>\n<p>Johannes ist zertifizierter Berater f\u00fcr Betriebliche Altersvorsorge (Allianz BAV-Akademie).<\/p>\n<p>Seit vielen Jahren ist er Mitglied der \u00d6sterreichischen Gesellschaft f\u00fcr Versicherungsfachwissen, der International Association of Consulting Actuaries (IACA) und der Aktuarvereinigung \u00d6sterreichs (AV\u00d6).<\/p>\n<p>Johannes ist zertifizierter Datenschutzbeauftragter (Zertifizierungsschema P43, Austrian Standards).&#8220; dsm_use_pointer_element=&#8220;on&#8220; dsm_point_font_icon=&#8220;&#xf19d;||fa||900&#8243; _builder_version=&#8220;4.27.4&#8243; _module_preset=&#8220;default&#8220; hover_enabled=&#8220;0&#8243; global_colors_info=&#8220;{}&#8220; parent_header_level=&#8220;h2&#8243; sticky_enabled=&#8220;0&#8243;][\/dsm_content_timeline_child][dsm_content_timeline_child dsm_use_icon_image=&#8220;off&#8220; dsm_title=&#8220;SPRACHEN&#8220; dsm_content=&#8220;<\/p>\n<p>Deutsch: Muttersprache<br \/>\nEnglisch: Verhandlungssicher<\/p>\n<p>&#8220; dsm_use_pointer_element=&#8220;on&#8220; dsm_point_font_icon=&#8220;&#xf027;||fa||900&#8243; _builder_version=&#8220;4.27.4&#8243; _module_preset=&#8220;default&#8220; hover_enabled=&#8220;0&#8243; global_colors_info=&#8220;{}&#8220; parent_header_level=&#8220;h2&#8243; sticky_enabled=&#8220;0&#8243;][\/dsm_content_timeline_child][\/dsm_content_timeline][\/et_pb_column][\/et_pb_row][\/et_pb_section][et_pb_section fb_built=&#8220;1&#8243; _builder_version=&#8220;4.16&#8243; _module_preset=&#8220;default&#8220; background_color=&#8220;#F5F5F5&#8243; custom_margin=&#8220;0px||0px||true|false&#8220; custom_padding=&#8220;15vh||15vh||true|false&#8220; global_colors_info=&#8220;{}&#8220;][et_pb_row _builder_version=&#8220;4.16&#8243; _module_preset=&#8220;default&#8220; width=&#8220;90%&#8220; max_width=&#8220;90vw&#8220; custom_margin=&#8220;||5vh||false|false&#8220; global_colors_info=&#8220;{}&#8220;][et_pb_column type=&#8220;4_4&#8243; _builder_version=&#8220;4.16&#8243; _module_preset=&#8220;default&#8220; global_colors_info=&#8220;{}&#8220;][et_pb_text module_class=&#8220;span-font-brand&#8220; _builder_version=&#8220;4.16&#8243; _module_preset=&#8220;default&#8220; text_font=&#8220;|600|||||||&#8220; text_text_color=&#8220;#98A0AB&#8220; header_font=&#8220;|700|||||||&#8220; header_font_size=&#8220;56px&#8220; header_2_font=&#8220;|700|||||||&#8220; header_2_font_size=&#8220;42px&#8220; header_3_font=&#8220;|700|||||||&#8220; header_3_text_color=&#8220;#009DE0&#8243; custom_padding=&#8220;||||false|false&#8220; animation_style=&#8220;zoom&#8220; animation_direction=&#8220;left&#8220; header_font_size_tablet=&#8220;48px&#8220; header_font_size_phone=&#8220;32px&#8220; header_font_size_last_edited=&#8220;on|desktop&#8220; header_2_font_size_tablet=&#8220;32px&#8220; header_2_font_size_phone=&#8220;24px&#8220; header_2_font_size_last_edited=&#8220;on|phone&#8220; header_3_font_size_tablet=&#8220;&#8220; header_3_font_size_phone=&#8220;20px&#8220; header_3_font_size_last_edited=&#8220;on|phone&#8220; global_colors_info=&#8220;{}&#8220;]<\/p>\n<h2>KENNTNISSE<br \/>\n<span>JOHANNES WIRIUS<\/span><\/h2>\n<p>[\/et_pb_text][\/et_pb_column][\/et_pb_row][et_pb_row _builder_version=&#8220;4.16&#8243; _module_preset=&#8220;default&#8220; global_colors_info=&#8220;{}&#8220;][et_pb_column type=&#8220;4_4&#8243; _builder_version=&#8220;4.16&#8243; _module_preset=&#8220;default&#8220; global_colors_info=&#8220;{}&#8220;][dsm_icon_list _builder_version=&#8220;4.19.0&#8243; _module_preset=&#8220;6c412425-84be-41d1-a7a1-bffb095ee310&#8243; custom_margin=&#8220;||||false|false&#8220; global_colors_info=&#8220;{}&#8220; custom_padding__hover_enabled=&#8220;on|desktop&#8220;][dsm_icon_list_child text=&#8220;Leistungs- und beitragsorientierter Pensionsplan&#8220; use_icon=&#8220;off&#8220; _builder_version=&#8220;4.16&#8243; _module_preset=&#8220;2dcf1c75-a0e6-4c39-a657-967c1c80eddf&#8220; global_colors_info=&#8220;{}&#8220;][\/dsm_icon_list_child][dsm_icon_list_child text=&#8220;Betriebliche Altersvorsorge&#8220; use_icon=&#8220;off&#8220; _builder_version=&#8220;4.16&#8243; _module_preset=&#8220;2dcf1c75-a0e6-4c39-a657-967c1c80eddf&#8220; global_colors_info=&#8220;{}&#8220;][\/dsm_icon_list_child][dsm_icon_list_child text=&#8220;Pensionskasse&#8220; use_icon=&#8220;off&#8220; _builder_version=&#8220;4.16&#8243; _module_preset=&#8220;2dcf1c75-a0e6-4c39-a657-967c1c80eddf&#8220; global_colors_info=&#8220;{}&#8220;][\/dsm_icon_list_child][dsm_icon_list_child text=&#8220;Personenversicherung&#8220; use_icon=&#8220;off&#8220; _builder_version=&#8220;4.16&#8243; _module_preset=&#8220;2dcf1c75-a0e6-4c39-a657-967c1c80eddf&#8220; global_colors_info=&#8220;{}&#8220;][\/dsm_icon_list_child][dsm_icon_list_child text=&#8220;Finanzwirtschaft&#8220; use_icon=&#8220;off&#8220; _builder_version=&#8220;4.16&#8243; _module_preset=&#8220;2dcf1c75-a0e6-4c39-a657-967c1c80eddf&#8220; global_colors_info=&#8220;{}&#8220;][\/dsm_icon_list_child][dsm_icon_list_child text=&#8220;Bankwesen&#8220; use_icon=&#8220;off&#8220; _builder_version=&#8220;4.16&#8243; _module_preset=&#8220;2dcf1c75-a0e6-4c39-a657-967c1c80eddf&#8220; global_colors_info=&#8220;{}&#8220;][\/dsm_icon_list_child][dsm_icon_list_child text=&#8220;R\u00fcckdeckungsversicherung&#8220; use_icon=&#8220;off&#8220; _builder_version=&#8220;4.16&#8243; _module_preset=&#8220;2dcf1c75-a0e6-4c39-a657-967c1c80eddf&#8220; global_colors_info=&#8220;{}&#8220;][\/dsm_icon_list_child][dsm_icon_list_child text=&#8220;Sozialplan&#8220; use_icon=&#8220;off&#8220; _builder_version=&#8220;4.16&#8243; _module_preset=&#8220;2dcf1c75-a0e6-4c39-a657-967c1c80eddf&#8220; global_colors_info=&#8220;{}&#8220;][\/dsm_icon_list_child][dsm_icon_list_child text=&#8220;Betriebliches Gesundheitswesen&#8220; use_icon=&#8220;off&#8220; _builder_version=&#8220;4.16&#8243; _module_preset=&#8220;2dcf1c75-a0e6-4c39-a657-967c1c80eddf&#8220; global_colors_info=&#8220;{}&#8220;][\/dsm_icon_list_child][dsm_icon_list_child text=&#8220;Versicherungsmathematische Gutachten&#8220; use_icon=&#8220;off&#8220; _builder_version=&#8220;4.16&#8243; _module_preset=&#8220;2dcf1c75-a0e6-4c39-a657-967c1c80eddf&#8220; global_colors_info=&#8220;{}&#8220;][\/dsm_icon_list_child][dsm_icon_list_child text=&#8220;R\u00fcckversicherung&#8220; use_icon=&#8220;off&#8220; _builder_version=&#8220;4.16&#8243; _module_preset=&#8220;2dcf1c75-a0e6-4c39-a657-967c1c80eddf&#8220; global_colors_info=&#8220;{}&#8220;][\/dsm_icon_list_child][dsm_icon_list_child text=&#8220;Globales Aktuariat&#8220; use_icon=&#8220;off&#8220; _builder_version=&#8220;4.19.0&#8243; _module_preset=&#8220;2dcf1c75-a0e6-4c39-a657-967c1c80eddf&#8220; global_colors_info=&#8220;{}&#8220;][\/dsm_icon_list_child][dsm_icon_list_child text=&#8220;Steuerlich beg\u00fcnstigte Vorsorgemodelle&#8220; use_icon=&#8220;off&#8220; _builder_version=&#8220;4.16&#8243; _module_preset=&#8220;2dcf1c75-a0e6-4c39-a657-967c1c80eddf&#8220; global_colors_info=&#8220;{}&#8220;][\/dsm_icon_list_child][dsm_icon_list_child text=&#8220;Bewertungen von Pensionsr\u00fcckstellungen&#8220; use_icon=&#8220;off&#8220; _builder_version=&#8220;4.16&#8243; _module_preset=&#8220;2dcf1c75-a0e6-4c39-a657-967c1c80eddf&#8220; global_colors_info=&#8220;{}&#8220;][\/dsm_icon_list_child][dsm_icon_list_child text=&#8220;Zertifizierter Datenschutzbeauftragter&#8220; use_icon=&#8220;off&#8220; _builder_version=&#8220;4.16&#8243; _module_preset=&#8220;2dcf1c75-a0e6-4c39-a657-967c1c80eddf&#8220; global_colors_info=&#8220;{}&#8220;][\/dsm_icon_list_child][\/dsm_icon_list][\/et_pb_column][\/et_pb_row][\/et_pb_section]<\/p>\n","protected":false},"excerpt":{"rendered":"<p>JOHANNES WIRIUS, BA Gesch\u00e4ftsf\u00fchrender Gesellschafter, ChefaktuarMan muss nicht nur mehr Ideen haben als andere, sondern auch die F\u00e4higkeit besitzen, zu entscheiden, welche dieser Ideen gut sind. LINUS PAULING, NOBELPREISTR\u00c4GER F\u00dcR CHEMIE (USA), 1901 &#8211; 1994<div class=\"et_pb_module dsm_content_timeline dsm_content_timeline_0\">\n\t\t\t\t\n\t\t\t\t\n\t\t\t\t\n\t\t\t\t\n\t\t\t\t\n\t\t\t\t\n\t\t\t\t<div class=\"et_pb_module_inner\">\n\t\t\t\t\t<div class=\"dsm-content-timeline-items-wrapper dsm-center\" data-tree-animation=\"off\" data-tree-animation-tablet=\"\" data-tree-animation-phone=\"\" data-image_lightbox=\"off\">\n\t\t\t<div class=\"dsm-content-timeline-tree\">\n\t\t\t\t\n\t\t\t<\/div>\n\t\t   \n\t\t<\/div>\n\t\t\n\t\t\t\t<\/div>\n\t\t\t<\/div><div class=\"dsm-content-timeline-item-wrapper dsm_content_timeline_child_0\">\n\t\t\t\t\n\t\t\t\t<div class=\"dsm-content-timeline-content-wrapper dsm_wrapper_dsm_content_timeline_child_0 dsm-visibility\">   \t\t\n\t\t\t\t\t\n\t\t\t\t\t\n\t\t\t\t\t\n\t\t\t\t\t<div class=\"dsm-timeline-content\">\n\t\t\t\t\t\t<h2 class=\"dsm-title\">VERANTWORTUNGSBEREICH<\/h2>\n\t\t\t\t\t\t<div class=\"dsm-description\">Johannes ist gesch\u00e4ftsf\u00fchrender Gesellschafter der Aktuar Versicherungsmathematik GmbH und der Aktuar Betriebliche Vorsorge GmbH mit Sitz in Wien. In der Aktuar Versicherungsmathematik GmbH ist er seit November 2011 als Aktuar und Berater t\u00e4tig, die Aktuar Betriebliche Vorsorge GmbH wurde im Jahr 2015 gegr\u00fcndet. Er erstellt finanz- und versicherungsmathematische Gutachten und Leistungsausweise f\u00fcr Personalverpflichtungen nach \u00d6sterreichischen und Internationalen Vorschriften. Zudem hat er umfangreiche Erfahrung in allen Bereichen der Betrieblichen Vorsorge. Seine Beratungsleistungen umfassen u.a. die wirtschaftliche Planung, das Risikomanagement und die Unterst\u00fctzung bei der Errichtung bzw. Adaptierung von Versorgungspl\u00e4nen. <\/div>\n\t\t\t\t\t\t\n\t\t\t\t\t\t\n\t\t\t\t\t<\/div>\t\n\t\t\t\t<\/div>\n\t\t\t\t<div class=\"dsm-pointer-wrapper\">\n\t\t\t\t\t<span class=\"dsm_icon\">\uf007<\/span>\n\t\t\t\t\t\n\t\t\t\t<\/div>\n\t\t\t<\/div><div class=\"dsm-content-timeline-item-wrapper dsm_content_timeline_child_1\">\n\t\t\t\t\n\t\t\t\t<div class=\"dsm-content-timeline-content-wrapper dsm_wrapper_dsm_content_timeline_child_1 dsm-visibility\">   \t\t\n\t\t\t\t\t\n\t\t\t\t\t\n\t\t\t\t\t\n\t\t\t\t\t<div class=\"dsm-timeline-content\">\n\t\t\t\t\t\t<h2 class=\"dsm-title\">TEAM<\/h2>\n\t\t\t\t\t\t<div class=\"dsm-description\">Johannes betreut ein Team aus 6 Aktuaren und ist auch verantwortlich f\u00fcr die Bereiche Versicherung und Verm\u00f6gensberatung. <\/div>\n\t\t\t\t\t\t\n\t\t\t\t\t\t\n\t\t\t\t\t<\/div>\t\n\t\t\t\t<\/div>\n\t\t\t\t<div class=\"dsm-pointer-wrapper\">\n\t\t\t\t\t<span class=\"dsm_icon\">\uf0c0<\/span>\n\t\t\t\t\t\n\t\t\t\t<\/div>\n\t\t\t<\/div><div class=\"dsm-content-timeline-item-wrapper dsm_content_timeline_child_2\">\n\t\t\t\t\n\t\t\t\t<div class=\"dsm-content-timeline-content-wrapper dsm_wrapper_dsm_content_timeline_child_2 dsm-visibility\">   \t\t\n\t\t\t\t\t\n\t\t\t\t\t\n\t\t\t\t\t\n\t\t\t\t\t<div class=\"dsm-timeline-content\">\n\t\t\t\t\t\t<h2 class=\"dsm-title\">&#8220;BERUFSERFAHRUNG&#8220;<\/h2>\n\t\t\t\t\t\t<div class=\"dsm-description\">&#8220;Johannes<\/div>\n\t\t\t\t\t\t\n\t\t\t\t\t\t\n\t\t\t\t\t<\/div>\t\n\t\t\t\t<\/div>\n\t\t\t\t<div class=\"dsm-pointer-wrapper\">\n\t\t\t\t\t\n\t\t\t\t\t\n\t\t\t\t<\/div>\n\t\t\t<\/div><\/p>\n","protected":false},"author":1,"featured_media":0,"parent":10982,"menu_order":0,"comment_status":"closed","ping_status":"closed","template":"","meta":{"_et_pb_use_builder":"on","_et_pb_old_content":"","_et_gb_content_width":"","footnotes":""},"class_list":["post-4407979","page","type-page","status-publish","hentry"],"_links":{"self":[{"href":"https:\/\/old.aktuar-group.at\/vm\/wp-json\/wp\/v2\/pages\/4407979","targetHints":{"allow":["GET"]}}],"collection":[{"href":"https:\/\/old.aktuar-group.at\/vm\/wp-json\/wp\/v2\/pages"}],"about":[{"href":"https:\/\/old.aktuar-group.at\/vm\/wp-json\/wp\/v2\/types\/page"}],"author":[{"embeddable":true,"href":"https:\/\/old.aktuar-group.at\/vm\/wp-json\/wp\/v2\/users\/1"}],"replies":[{"embeddable":true,"href":"https:\/\/old.aktuar-group.at\/vm\/wp-json\/wp\/v2\/comments?post=4407979"}],"version-history":[{"count":0,"href":"https:\/\/old.aktuar-group.at\/vm\/wp-json\/wp\/v2\/pages\/4407979\/revisions"}],"up":[{"embeddable":true,"href":"https:\/\/old.aktuar-group.at\/vm\/wp-json\/wp\/v2\/pages\/10982"}],"wp:attachment":[{"href":"https:\/\/old.aktuar-group.at\/vm\/wp-json\/wp\/v2\/media?parent=4407979"}],"curies":[{"name":"wp","href":"https:\/\/api.w.org\/{rel}","templated":true}]}}