{"id":372,"date":"2021-08-29T16:37:33","date_gmt":"2021-08-29T14:37:33","guid":{"rendered":"https:\/\/aktuar.cc\/vm\/?page_id=372"},"modified":"2021-09-14T12:25:00","modified_gmt":"2021-09-14T10:25:00","slug":"unsere-werte-ihre-vorteile","status":"publish","type":"page","link":"https:\/\/old.aktuar-group.at\/vm\/unsere-werte-ihre-vorteile\/","title":{"rendered":"\u00dcber uns"},"content":{"rendered":"<p>[et_pb_section fb_built=&#8220;1&#8243; _builder_version=&#8220;4.10.5&#8243; _module_preset=&#8220;default&#8220; background_image=&#8220;https:\/\/old.aktuar-group.at\/vm\/wp-content\/uploads\/sites\/2\/2021\/08\/Handschlag.jpg&#8220; parallax=&#8220;on&#8220; parallax_method=&#8220;off&#8220; height=&#8220;100vh&#8220; custom_margin=&#8220;0px|0px|0px|0px|true|true&#8220; custom_padding=&#8220;0px|0px|0px|0px|true|true&#8220; global_colors_info=&#8220;{}&#8220;][et_pb_row column_structure=&#8220;1_4,3_4&#8243; make_equal=&#8220;on&#8220; _builder_version=&#8220;4.10.6&#8243; _module_preset=&#8220;default&#8220; background_color=&#8220;#009DE0&#8243; background_color_gradient_direction=&#8220;135deg&#8220; positioning=&#8220;absolute&#8220; position_origin_a=&#8220;center_center&#8220; width=&#8220;100%&#8220; width_tablet=&#8220;100vw&#8220; width_phone=&#8220;100vw&#8220; width_last_edited=&#8220;on|tablet&#8220; max_width=&#8220;100vw&#8220; custom_margin=&#8220;0px|0px|0px|0px|true|true&#8220; custom_padding=&#8220;|24px||24px|true|true&#8220; animation_style=&#8220;fade&#8220; animation_duration=&#8220;1500ms&#8220; global_colors_info=&#8220;{}&#8220;][et_pb_column type=&#8220;1_4&#8243; _builder_version=&#8220;4.10.3&#8243; _module_preset=&#8220;default&#8220; global_colors_info=&#8220;{}&#8220;][et_pb_image src=&#8220;https:\/\/old.aktuar-group.at\/vm\/wp-content\/uploads\/sites\/2\/2021\/08\/AKTUAR_Logo_Favicon_Weiss.svg&#8220; alt=&#8220;AKTUAR_Logo_Favicon_Wei\u00df&#8220; title_text=&#8220;AKTUAR_Logo_Favicon_Wei\u00df&#8220; _builder_version=&#8220;4.10.6&#8243; _module_preset=&#8220;default&#8220; positioning=&#8220;absolute&#8220; position_origin_a=&#8220;center_center&#8220; position_origin_a_tablet=&#8220;&#8220; position_origin_a_phone=&#8220;&#8220; position_origin_a_last_edited=&#8220;on|desktop&#8220; position_origin_f_tablet=&#8220;&#8220; position_origin_f_phone=&#8220;&#8220; position_origin_f_last_edited=&#8220;on|desktop&#8220; position_origin_r_tablet=&#8220;&#8220; position_origin_r_phone=&#8220;&#8220; position_origin_r_last_edited=&#8220;on|desktop&#8220; width=&#8220;50%&#8220; max_width_tablet=&#8220;150px&#8220; max_width_phone=&#8220;100px&#8220; max_width_last_edited=&#8220;on|phone&#8220; custom_margin_tablet=&#8220;&#8220; custom_margin_phone=&#8220;0px||0px||false|false&#8220; custom_margin_last_edited=&#8220;on|phone&#8220; custom_padding=&#8220;0px||0px||true|false&#8220; positioning_tablet=&#8220;none&#8220; positioning_phone=&#8220;&#8220; positioning_last_edited=&#8220;on|phone&#8220; global_colors_info=&#8220;{}&#8220;][\/et_pb_image][\/et_pb_column][et_pb_column type=&#8220;3_4&#8243; _builder_version=&#8220;4.10.3&#8243; _module_preset=&#8220;default&#8220; global_colors_info=&#8220;{}&#8220;][et_pb_text content_tablet=&#8220;<\/p>\n<h1>\u00dcBER UNS<\/h1>\n<p> WIR RECHNEN F\u00dcR SIE, RECHNEN SIE MIT UNS<\/p>\n<p>&#8220; content_phone=&#8220;<\/p>\n<h1>\u00dcBER UNS<\/h1>\n<p>WIR RECHNEN F\u00dcR SIE,<br \/>\nRECHNEN SIE MIT UNS<\/p>\n<p>&#8220; content_last_edited=&#8220;on|phone&#8220; module_class=&#8220;span-h1-white&#8220; _builder_version=&#8220;4.10.6&#8243; _module_preset=&#8220;default&#8220; text_font=&#8220;|700|||||||&#8220; text_text_color=&#8220;#FFFFFF&#8220; text_font_size=&#8220;20px&#8220; text_line_height=&#8220;1em&#8220; header_font=&#8220;|700|||||||&#8220; header_text_color=&#8220;#FFFFFF&#8220; header_font_size=&#8220;50px&#8220; header_2_font=&#8220;|700|||||||&#8220; header_2_font_size=&#8220;42px&#8220; header_3_font=&#8220;|700|||||||&#8220; header_3_text_color=&#8220;#009DE0&#8243; positioning=&#8220;relative&#8220; position_origin_a=&#8220;center_left&#8220; width=&#8220;100%&#8220; custom_padding=&#8220;48px||48px||true|false&#8220; custom_padding_tablet=&#8220;&#8220; custom_padding_phone=&#8220;0px||24px||false|false&#8220; custom_padding_last_edited=&#8220;on|tablet&#8220; animation_direction=&#8220;left&#8220; text_font_size_tablet=&#8220;&#8220; text_font_size_phone=&#8220;16px&#8220; text_font_size_last_edited=&#8220;on|phone&#8220; header_font_size_tablet=&#8220;40px&#8220; header_font_size_phone=&#8220;32px&#8220; header_font_size_last_edited=&#8220;on|phone&#8220; header_2_font_size_tablet=&#8220;32px&#8220; header_2_font_size_phone=&#8220;24px&#8220; header_2_font_size_last_edited=&#8220;on|phone&#8220; header_3_font_size_tablet=&#8220;&#8220; header_3_font_size_phone=&#8220;20px&#8220; header_3_font_size_last_edited=&#8220;on|phone&#8220; text_orientation_tablet=&#8220;center&#8220; text_orientation_phone=&#8220;&#8220; text_orientation_last_edited=&#8220;on|phone&#8220; text_text_shadow_style=&#8220;preset1&#8243; header_text_shadow_style=&#8220;preset1&#8243; global_colors_info=&#8220;{}&#8220;]<\/p>\n<h1>\u00dcBER UNS<\/h1>\n<p> WIR RECHNEN F\u00dcR SIE, RECHNEN SIE MIT UNS<\/p>\n<p>[\/et_pb_text][\/et_pb_column][\/et_pb_row][\/et_pb_section][et_pb_section fb_built=&#8220;1&#8243; _builder_version=&#8220;4.10.5&#8243; _module_preset=&#8220;default&#8220; background_color=&#8220;#FFFFFF&#8220; custom_margin=&#8220;0px||0px||true|false&#8220; custom_padding=&#8220;15vh||15vh||true|false&#8220; global_colors_info=&#8220;{}&#8220;][et_pb_row _builder_version=&#8220;4.10.6&#8243; _module_preset=&#8220;default&#8220; width=&#8220;90%&#8220; max_width=&#8220;90vw&#8220; custom_margin=&#8220;||5vh||false|false&#8220; animation_style=&#8220;zoom&#8220; animation_direction=&#8220;left&#8220; animation_duration=&#8220;1500ms&#8220; global_colors_info=&#8220;{}&#8220;][et_pb_column type=&#8220;4_4&#8243; _builder_version=&#8220;4.10.5&#8243; _module_preset=&#8220;default&#8220; global_colors_info=&#8220;{}&#8220;][et_pb_text module_class=&#8220;span-font-brand&#8220; _builder_version=&#8220;4.10.5&#8243; _module_preset=&#8220;default&#8220; header_2_font=&#8220;|700|||||||&#8220; custom_padding=&#8220;||||false|false&#8220; animation_style=&#8220;zoom&#8220; animation_direction=&#8220;left&#8220; global_colors_info=&#8220;{}&#8220;]<\/p>\n<h2>\u00dcBER<br \/>\n<span>UNS<\/span><\/h2>\n<p>[\/et_pb_text][\/et_pb_column][\/et_pb_row][et_pb_row _builder_version=&#8220;4.10.6&#8243; _module_preset=&#8220;default&#8220; width=&#8220;90%&#8220; animation_style=&#8220;zoom&#8220; animation_duration=&#8220;1500ms&#8220; global_colors_info=&#8220;{}&#8220;][et_pb_column type=&#8220;4_4&#8243; _builder_version=&#8220;4.10.5&#8243; _module_preset=&#8220;default&#8220; global_colors_info=&#8220;{}&#8220;][et_pb_text ul_type=&#8220;square&#8220; content_last_edited=&#8220;off|desktop&#8220; module_class=&#8220;textbox&#8220; _builder_version=&#8220;4.10.5&#8243; _module_preset=&#8220;default&#8220; text_font=&#8220;|300|||||||&#8220; text_line_height=&#8220;1.4em&#8220; ul_font=&#8220;|300|||||||&#8220; ul_line_height=&#8220;1.2em&#8220; header_2_text_color=&#8220;#242424&#8243; header_3_font=&#8220;|700|||||||&#8220; width=&#8220;100%&#8220; module_alignment=&#8220;center&#8220; custom_padding=&#8220;||||false|false&#8220; custom_padding_tablet=&#8220;|48px|48px|48px|false|true&#8220; custom_padding_phone=&#8220;|24px|24px|24px|false|true&#8220; custom_padding_last_edited=&#8220;on|phone&#8220; global_colors_info=&#8220;{}&#8220;]<\/p>\n<p>Die <strong>Aktuar Versicherungsmathematik GmbH<\/strong> ist im Bereich Sozialkapital t\u00e4tig, vor allem durch die Erstellung versicherungsmathematischer Gutachten nach lokalem und internationalem Recht und Beratungsdienstleistungen, z.B. die Gestaltung und \u00dcberpr\u00fcfung von Pensions(kassen)pl\u00e4nen. Gegr\u00fcndet wurde die Firma mit Sitz in Wien im Jahr 1995 von Mag. Roland Reisch (Gesch\u00e4ftsf\u00fchrer) und ist Partner des weltweiten Aktuar- und Beratungsnetzwerkes <strong>Abelica Global<\/strong>.<\/p>\n<p>[\/et_pb_text][\/et_pb_column][\/et_pb_row][\/et_pb_section][et_pb_section fb_built=&#8220;1&#8243; _builder_version=&#8220;4.10.5&#8243; _module_preset=&#8220;default&#8220; background_color=&#8220;#F5F5F5&#8243; custom_margin=&#8220;0px||0px||true|false&#8220; custom_padding=&#8220;15vh||15vh||true|false&#8220; global_colors_info=&#8220;{}&#8220;][et_pb_row _builder_version=&#8220;4.10.5&#8243; _module_preset=&#8220;default&#8220; width=&#8220;90%&#8220; max_width=&#8220;90vw&#8220; custom_margin=&#8220;||5vh||false|false&#8220; global_colors_info=&#8220;{}&#8220;][et_pb_column type=&#8220;4_4&#8243; _builder_version=&#8220;4.10.5&#8243; _module_preset=&#8220;default&#8220; global_colors_info=&#8220;{}&#8220;][et_pb_text module_class=&#8220;span-font-brand&#8220; _builder_version=&#8220;4.10.6&#8243; _module_preset=&#8220;default&#8220; header_2_font=&#8220;|700|||||||&#8220; custom_padding=&#8220;||||false|false&#8220; animation_style=&#8220;zoom&#8220; animation_direction=&#8220;left&#8220; global_colors_info=&#8220;{}&#8220;]<\/p>\n<h2>DAS ZEICHNET<br \/>\n<span>UNS AUS<\/span><\/h2>\n<p>[\/et_pb_text][\/et_pb_column][\/et_pb_row][et_pb_row column_structure=&#8220;1_2,1_2&#8243; _builder_version=&#8220;4.10.5&#8243; _module_preset=&#8220;default&#8220; width=&#8220;90%&#8220; max_width=&#8220;1280px&#8220; custom_padding=&#8220;|||1px||&#8220; animation_style=&#8220;fade&#8220; animation_duration=&#8220;1500ms&#8220; global_colors_info=&#8220;{}&#8220;][et_pb_column type=&#8220;1_2&#8243; _builder_version=&#8220;4.10.5&#8243; _module_preset=&#8220;default&#8220; global_colors_info=&#8220;{}&#8220;][dsm_card title=&#8220;Pers\u00f6nliche Betreuung&#8220; use_content_icon=&#8220;on&#8220; font_icon=&#8220;%%277%%&#8220; icon_color=&#8220;#009DE0&#8243; button_url_new_window=&#8220;1&#8243; _builder_version=&#8220;4.10.5&#8243; _module_preset=&#8220;default&#8220; header_text_color=&#8220;#009DE0&#8243; animation_style=&#8220;fade&#8220; global_colors_info=&#8220;{}&#8220;]Wir sehen unsere Kunden als Partner. Offene, pers\u00f6nliche Kommunikation ist die Basis einer erfolgreichen Partnerschaft.[\/dsm_card][\/et_pb_column][et_pb_column type=&#8220;1_2&#8243; _builder_version=&#8220;4.10.5&#8243; _module_preset=&#8220;default&#8220; global_colors_info=&#8220;{}&#8220;][dsm_card title=&#8220;Ma\u00dfgeschneiderte L\u00f6sungen&#8220; use_content_icon=&#8220;on&#8220; font_icon=&#8220;%%277%%&#8220; icon_color=&#8220;#009DE0&#8243; button_url_new_window=&#8220;1&#8243; _builder_version=&#8220;4.10.5&#8243; _module_preset=&#8220;default&#8220; header_text_color=&#8220;#009DE0&#8243; animation_style=&#8220;fade&#8220; global_colors_info=&#8220;{}&#8220;]Geben Sie uns Ihre individuellen Anforderungen bekannt. Wir bieten bei Bedarf ma\u00dfgeschneiderte L\u00f6sungen f\u00fcr KMUs und internationale Konzerne.[\/dsm_card][\/et_pb_column][\/et_pb_row][et_pb_row column_structure=&#8220;1_2,1_2&#8243; _builder_version=&#8220;4.10.5&#8243; _module_preset=&#8220;default&#8220; width=&#8220;90%&#8220; max_width=&#8220;1280px&#8220; custom_padding=&#8220;|||1px||&#8220; animation_style=&#8220;fade&#8220; animation_duration=&#8220;1500ms&#8220; global_colors_info=&#8220;{}&#8220;][et_pb_column type=&#8220;1_2&#8243; _builder_version=&#8220;4.10.5&#8243; _module_preset=&#8220;default&#8220; global_colors_info=&#8220;{}&#8220;][dsm_card title=&#8220;Qualit\u00e4t &#038; Zuverl\u00e4ssigkeit&#8220; use_content_icon=&#8220;on&#8220; font_icon=&#8220;%%277%%&#8220; icon_color=&#8220;#009DE0&#8243; button_url_new_window=&#8220;1&#8243; _builder_version=&#8220;4.10.6&#8243; _module_preset=&#8220;default&#8220; header_text_color=&#8220;#009DE0&#8243; animation_style=&#8220;fade&#8220; global_colors_info=&#8220;{}&#8220;]<\/p>\n<p>Hohe Qualit\u00e4t unserer Dienstleistungen gew\u00e4hrleisten wir durch unser konsequentes <strong>\u201e4-Augen Prinzip\u201c<\/strong> und die <strong>kontinuierliche Fortbildung unserer Mitarbeiter<\/strong>.<\/p>\n<p>Selbstverst\u00e4ndlich pflegen wir einen vertraulichen Umgang mit den Daten unserer Klienten.<\/p>\n<p>[\/dsm_card][\/et_pb_column][et_pb_column type=&#8220;1_2&#8243; _builder_version=&#8220;4.10.5&#8243; _module_preset=&#8220;default&#8220; global_colors_info=&#8220;{}&#8220;][dsm_card title=&#8220;Unabh\u00e4ngigkeit &#038; Objektivit\u00e4t&#8220; use_content_icon=&#8220;on&#8220; font_icon=&#8220;%%277%%&#8220; icon_color=&#8220;#009DE0&#8243; button_url_new_window=&#8220;1&#8243; _builder_version=&#8220;4.10.6&#8243; _module_preset=&#8220;default&#8220; header_text_color=&#8220;#009DE0&#8243; animation_style=&#8220;fade&#8220; global_colors_info=&#8220;{}&#8220;]<\/p>\n<p>Unsere Beratungen sind <strong>unabh\u00e4ngig<\/strong> und <strong>objektiv<\/strong>. Wir sind frei von Bindungen an Pensionskassen, Versicherungsunternehmen und anderen Finanzdienstleistern. Ihre Vorteile haben bei uns Priorit\u00e4t.<\/p>\n<p>Unabh\u00e4ngigkeit und eine hervorragende <strong>internationale Vernetzung<\/strong> gibt uns eine einzigartige Marktposition in \u00d6sterreich.<\/p>\n<p>[\/dsm_card][\/et_pb_column][\/et_pb_row][et_pb_row column_structure=&#8220;1_2,1_2&#8243; _builder_version=&#8220;4.10.5&#8243; _module_preset=&#8220;default&#8220; width=&#8220;90%&#8220; max_width=&#8220;1280px&#8220; custom_padding=&#8220;|||1px||&#8220; animation_style=&#8220;fade&#8220; animation_duration=&#8220;1500ms&#8220; global_colors_info=&#8220;{}&#8220;][et_pb_column type=&#8220;1_2&#8243; _builder_version=&#8220;4.10.5&#8243; _module_preset=&#8220;default&#8220; global_colors_info=&#8220;{}&#8220;][dsm_card title=&#8220;H\u00f6chste Datensicherheit&#8220; use_content_icon=&#8220;on&#8220; font_icon=&#8220;%%277%%&#8220; icon_color=&#8220;#009DE0&#8243; button_text=&#8220;Hier geht&#8217;s zur AKTUAR Cloud&#8220; button_url=&#8220;https:\/\/cloud.a-vm.at\/&#8220; button_url_new_window=&#8220;1&#8243; _builder_version=&#8220;4.10.5&#8243; _module_preset=&#8220;default&#8220; header_text_color=&#8220;#009DE0&#8243; custom_button=&#8220;on&#8220; button_text_size=&#8220;18px&#8220; button_text_color=&#8220;#FFFFFF&#8220; button_bg_color=&#8220;#009DE0&#8243; button_border_width=&#8220;0px&#8220; animation_style=&#8220;fade&#8220; global_colors_info=&#8220;{}&#8220;]<\/p>\n<p>Unsere Filesync- und Filesharing-L\u00f6sung <strong>AKTUAR Cloud<\/strong> erm\u00f6glicht einen sicheren und unbegrenzten Datenaustausch (256-Bit TLS-Verschl\u00fcsselung). Die Daten werden in \u00d6sterreich auf unserem Server, der h\u00f6chsten Sicherheitsrichtlinien unterliegt, gespeichert. In der Cloud k\u00f6nnen unsere Kunden all Ihre Daten \u00fcbersichtlich, einfach und sicher verwalten. Es k\u00f6nnen passwortgesch\u00fctzte und zeitlich begrenzte Freigaben erteilt werden.<\/p>\n<p>[\/dsm_card][\/et_pb_column][et_pb_column type=&#8220;1_2&#8243; _builder_version=&#8220;4.10.5&#8243; _module_preset=&#8220;default&#8220; global_colors_info=&#8220;{}&#8220;][dsm_card title=&#8220;Erfahrung&#8220; use_content_icon=&#8220;on&#8220; font_icon=&#8220;%%277%%&#8220; icon_color=&#8220;#009DE0&#8243; button_url_new_window=&#8220;1&#8243; _builder_version=&#8220;4.10.5&#8243; _module_preset=&#8220;default&#8220; header_text_color=&#8220;#009DE0&#8243; animation_style=&#8220;fade&#8220; global_colors_info=&#8220;{}&#8220;]<\/p>\n<p>Wir bieten Ihnen \u00fcber 20 Jahre Erfahrung zu allen Themen der betrieblichen Altersvorsorge. Unser Team besteht aus Aktuaren und Beratern, die sich in ihrer Berufserfahrung hervorragend erg\u00e4nzen. Darunter befinden sich <strong>Anerkannte Aktuare (<a href=\"http:\/\/avoe.at\/\">AV\u00d6<\/a>), zertifizierte BAV-Spezialisten<\/strong> und ein <strong>allgemein beeideter und gerichtlich zertifizierter Sachverst\u00e4ndiger<\/strong> (Betriebliches Vorsorgewesen, Versicherungen, Pensionskassen).<\/p>\n<p>[\/dsm_card][\/et_pb_column][\/et_pb_row][\/et_pb_section][et_pb_section fb_built=&#8220;1&#8243; _builder_version=&#8220;4.10.5&#8243; _module_preset=&#8220;default&#8220; background_color=&#8220;#FFFFFF&#8220; custom_margin=&#8220;0px||0px||true|false&#8220; custom_padding=&#8220;15vh||15vh||true|false&#8220; global_colors_info=&#8220;{}&#8220;][et_pb_row _builder_version=&#8220;4.10.5&#8243; _module_preset=&#8220;default&#8220; width=&#8220;90%&#8220; max_width=&#8220;90vw&#8220; custom_margin=&#8220;||5vh||false|false&#8220; global_colors_info=&#8220;{}&#8220;][et_pb_column type=&#8220;4_4&#8243; _builder_version=&#8220;4.10.5&#8243; _module_preset=&#8220;default&#8220; global_colors_info=&#8220;{}&#8220;][et_pb_text module_class=&#8220;span-font-brand&#8220; _builder_version=&#8220;4.10.5&#8243; _module_preset=&#8220;default&#8220; text_font=&#8220;|600|||||||&#8220; text_text_color=&#8220;#98A0AB&#8220; header_2_font=&#8220;|700|||||||&#8220; custom_padding=&#8220;||||false|false&#8220; animation_style=&#8220;zoom&#8220; animation_direction=&#8220;left&#8220; global_colors_info=&#8220;{}&#8220;]<\/p>\n<p>UNABH\u00c4NGIGKEIT UND EINE HERVORRAGENDE INTERNATIONALE VERNETZUNG GEBEN UNS EINE EINZIGARTIGE MARKTPOSITION IN \u00d6STERREICH.<\/p>\n<h2>EINE OPTIMALE KOMBINATION<br \/>\n<span>ZU IHREM VORTEIL<\/span><\/h2>\n<p>[\/et_pb_text][\/et_pb_column][\/et_pb_row][et_pb_row column_structure=&#8220;1_2,1_2&#8243; _builder_version=&#8220;4.10.5&#8243; _module_preset=&#8220;default&#8220; width=&#8220;90%&#8220; max_width=&#8220;1280px&#8220; custom_padding=&#8220;|||1px||&#8220; animation_style=&#8220;fade&#8220; animation_duration=&#8220;1500ms&#8220; global_colors_info=&#8220;{}&#8220;][et_pb_column type=&#8220;1_2&#8243; _builder_version=&#8220;4.10.5&#8243; _module_preset=&#8220;default&#8220; global_colors_info=&#8220;{}&#8220;][et_pb_text ul_type=&#8220;square&#8220; content_last_edited=&#8220;off|desktop&#8220; module_class=&#8220;textbox&#8220; _builder_version=&#8220;4.10.5&#8243; _module_preset=&#8220;default&#8220; text_font=&#8220;|300|||||||&#8220; text_line_height=&#8220;1.4em&#8220; ul_font=&#8220;|300|||||||&#8220; ul_line_height=&#8220;1.2em&#8220; header_2_text_color=&#8220;#242424&#8243; header_3_font=&#8220;|700|||||||&#8220; width=&#8220;100%&#8220; module_alignment=&#8220;center&#8220; custom_padding=&#8220;||||false|false&#8220; custom_padding_tablet=&#8220;|48px|48px|48px|false|true&#8220; custom_padding_phone=&#8220;|24px|24px|24px|false|true&#8220; custom_padding_last_edited=&#8220;on|phone&#8220; global_colors_info=&#8220;{}&#8220;]<\/p>\n<p>Als <strong>unabh\u00e4ngiges Tochterunternehmen der TPA Steuerberatung GmbH<\/strong> k\u00f6nnen wir auf das Know-how von Steuerberatung, Wirtschaftspr\u00fcfung und Unternehmensberatung in 11 L\u00e4ndern aus Mittel- und Osteuropa zugreifen.<\/p>\n<p>Da wir in keinen Konzern eingebunden sind und uns somit nicht internen Richtlinien und Vorgaben unterordnen m\u00fcssen, die oft ohne Ber\u00fccksichtigung von lokalen Besonderheiten festgelegt werden, sind wir eigenbestimmt und unb\u00fcrokratisch. So k\u00f6nnen wir Ihnen kosteng\u00fcnstige Dienstleistungen bei zeitlicher und sachlicher Flexibilit\u00e4t garantieren.<\/p>\n<p>Unsere <strong>jahrelange Mitgliedschaft bei Abelica Global<\/strong>, einem internationalen Netzwerk f\u00fchrender unabh\u00e4ngiger Berater und Aktuare, erm\u00f6glicht Ihnen eine weltweite Beratung und Betreuung.<\/p>\n<p>[\/et_pb_text][et_pb_button button_url=&#8220;@ET-DC@eyJkeW5hbWljIjp0cnVlLCJjb250ZW50IjoicG9zdF9saW5rX3VybF9wYWdlIiwic2V0dGluZ3MiOnsicG9zdF9pZCI6IjM4MyJ9fQ==@&#8220; button_text=&#8220;MEHR \u00dcBER ABELICA GLOBAL ERFAHREN&#8220; _builder_version=&#8220;4.10.6&#8243; _dynamic_attributes=&#8220;button_url&#8220; _module_preset=&#8220;default&#8220; global_colors_info=&#8220;{}&#8220;][\/et_pb_button][\/et_pb_column][et_pb_column type=&#8220;1_2&#8243; _builder_version=&#8220;4.10.5&#8243; _module_preset=&#8220;default&#8220; global_colors_info=&#8220;{}&#8220;][et_pb_image src=&#8220;https:\/\/old.aktuar-group.at\/vm\/wp-content\/uploads\/sites\/2\/2021\/08\/ThinkGlobalActLocal_Fotolia_95112943_L.jpg&#8220; alt=&#8220;ThinkGlobalActLocal_Fotolia_95112943_L&#8220; title_text=&#8220;ThinkGlobalActLocal_Fotolia_95112943_L&#8220; _builder_version=&#8220;4.10.5&#8243; _module_preset=&#8220;default&#8220; global_colors_info=&#8220;{}&#8220;][\/et_pb_image][\/et_pb_column][\/et_pb_row][\/et_pb_section]<\/p>\n","protected":false},"excerpt":{"rendered":"<p>\u00dcBER UNS WIR RECHNEN F\u00dcR SIE, RECHNEN SIE MIT UNS\u00dcBER UNSDie Aktuar Versicherungsmathematik GmbH ist im Bereich Sozialkapital t\u00e4tig, vor allem durch die Erstellung versicherungsmathematischer Gutachten nach lokalem und internationalem Recht und Beratungsdienstleistungen, z.B. die Gestaltung und \u00dcberpr\u00fcfung von Pensions(kassen)pl\u00e4nen. Gegr\u00fcndet wurde die Firma mit Sitz in Wien im Jahr 1995 von Mag. Roland Reisch (Gesch\u00e4ftsf\u00fchrer) und ist Partner des weltweiten Aktuar- und Beratungsnetzwerkes Abelica Global.DAS ZEICHNET UNS AUS<div class=\"et_pb_module dsm_card dsm_card_0 textbox et_animated et_pb_bg_layout_light  dsm_card_layout_stacked\">\n\t\t\t\t\n\t\t\t\t\n\t\t\t\t\n\t\t\t\t\n\t\t\t\t\n\t\t\t\t\n\t\t\t\t<div class=\"et_pb_module_inner\">\n\t\t\t\t\t\n\t\t\t\n\t\t\t\n\t\t\t<div class=\"et_pb_module dsm_card_wrapper et_pb_text_align_left\">\n\t\t\t\t\t<div class=\"dsm_card_icon\">\n\t\t\t\t\t\t<span class=\"dsm_card_icon_wrap\">\n\t\t\t\t\t\t\t<span class=\"et-pb-icon\">\ue0dd<\/span>\n\t\t\t\t\t\t<\/span>\n\t\t\t\t\t<\/div>\n\t\t\t\t\t<h3 class=\"dsm_card_title et_pb_module_header\">Pers\u00f6nliche Betreuung<\/h3>\n\t\t\t\t\t\n\t\t\t\t\t<div class=\"dsm_card_description\">Wir sehen unsere Kunden als Partner. Offene, pers\u00f6nliche Kommunikation ist die Basis einer erfolgreichen Partnerschaft.<\/div>\n\t\t\t\t\t\n\t\t\t\t<\/div>\n\t\t\t\n\t\t\t\t<\/div>\n\t\t\t<\/div><div class=\"et_pb_module dsm_card dsm_card_1 textbox et_animated et_pb_bg_layout_light  dsm_card_layout_stacked\">\n\t\t\t\t\n\t\t\t\t\n\t\t\t\t\n\t\t\t\t\n\t\t\t\t\n\t\t\t\t\n\t\t\t\t<div class=\"et_pb_module_inner\">\n\t\t\t\t\t\n\t\t\t\n\t\t\t\n\t\t\t<div class=\"et_pb_module dsm_card_wrapper et_pb_text_align_left\">\n\t\t\t\t\t<div class=\"dsm_card_icon\">\n\t\t\t\t\t\t<span class=\"dsm_card_icon_wrap\">\n\t\t\t\t\t\t\t<span class=\"et-pb-icon\">\ue0dd<\/span>\n\t\t\t\t\t\t<\/span>\n\t\t\t\t\t<\/div>\n\t\t\t\t\t<h3 class=\"dsm_card_title et_pb_module_header\">Ma\u00dfgeschneiderte L\u00f6sungen<\/h3>\n\t\t\t\t\t\n\t\t\t\t\t<div class=\"dsm_card_description\">Geben Sie uns Ihre individuellen Anforderungen bekannt. Wir bieten bei Bedarf ma\u00dfgeschneiderte L\u00f6sungen f\u00fcr KMUs und internationale Konzerne.<\/div>\n\t\t\t\t\t\n\t\t\t\t<\/div>\n\t\t\t\n\t\t\t\t<\/div>\n\t\t\t<\/div><div class=\"et_pb_module dsm_card dsm_card_2 textbox et_animated et_pb_bg_layout_light  dsm_card_layout_stacked\">\n\t\t\t\t\n\t\t\t\t\n\t\t\t\t\n\t\t\t\t\n\t\t\t\t\n\t\t\t\t\n\t\t\t\t<div class=\"et_pb_module_inner\">\n\t\t\t\t\t\n\t\t\t\n\t\t\t\n\t\t\t<div class=\"et_pb_module dsm_card_wrapper et_pb_text_align_left\">\n\t\t\t\t\t<div class=\"dsm_card_icon\">\n\t\t\t\t\t\t<span class=\"dsm_card_icon_wrap\">\n\t\t\t\t\t\t\t<span class=\"et-pb-icon\">\ue0dd<\/span>\n\t\t\t\t\t\t<\/span>\n\t\t\t\t\t<\/div>\n\t\t\t\t\t<h3 class=\"dsm_card_title et_pb_module_header\">Qualit\u00e4t &#038; Zuverl\u00e4ssigkeit<\/h3>\n\t\t\t\t\t\n\t\t\t\t\t<div class=\"dsm_card_description\">Hohe Qualit\u00e4t unserer Dienstleistungen gew\u00e4hrleisten wir durch unser konsequentes \u201e4-Augen Prinzip\u201c und die kontinuierliche Fortbildung unserer Mitarbeiter. Selbstverst\u00e4ndlich pflegen wir einen vertraulichen Umgang mit den Daten unserer Klienten.<\/div>\n\t\t\t\t\t\n\t\t\t\t<\/div>\n\t\t\t\n\t\t\t\t<\/div>\n\t\t\t<\/div><div class=\"et_pb_module dsm_card dsm_card_3 textbox et_animated et_pb_bg_layout_light  dsm_card_layout_stacked\">\n\t\t\t\t\n\t\t\t\t\n\t\t\t\t\n\t\t\t\t\n\t\t\t\t\n\t\t\t\t\n\t\t\t\t<div class=\"et_pb_module_inner\">\n\t\t\t\t\t\n\t\t\t\n\t\t\t\n\t\t\t<div class=\"et_pb_module dsm_card_wrapper et_pb_text_align_left\">\n\t\t\t\t\t<div class=\"dsm_card_icon\">\n\t\t\t\t\t\t<span class=\"dsm_card_icon_wrap\">\n\t\t\t\t\t\t\t<span class=\"et-pb-icon\">\ue0dd<\/span>\n\t\t\t\t\t\t<\/span>\n\t\t\t\t\t<\/div>\n\t\t\t\t\t<h3 class=\"dsm_card_title et_pb_module_header\">Unabh\u00e4ngigkeit &#038; Objektivit\u00e4t<\/h3>\n\t\t\t\t\t\n\t\t\t\t\t\n\t\t\t\t\t\n\t\t\t\t<\/div>\n\t\t\t\n\t\t\t\t<\/div>\n\t\t\t<\/div>Unsere Beratungen sind unabh\u00e4ngig und objektiv. Wir sind frei von Bindungen an Pensionskassen, Versicherungsunternehmen und anderen Finanzdienstleistern. Ihre Vorteile haben bei uns Priorit\u00e4t. Unabh\u00e4ngigkeit und eine hervorragende internationale [&hellip;]<\/p>\n","protected":false},"author":1,"featured_media":0,"parent":0,"menu_order":0,"comment_status":"closed","ping_status":"closed","template":"","meta":{"_et_pb_use_builder":"on","_et_pb_old_content":"","_et_gb_content_width":"","footnotes":""},"class_list":["post-372","page","type-page","status-publish","hentry"],"_links":{"self":[{"href":"https:\/\/old.aktuar-group.at\/vm\/wp-json\/wp\/v2\/pages\/372","targetHints":{"allow":["GET"]}}],"collection":[{"href":"https:\/\/old.aktuar-group.at\/vm\/wp-json\/wp\/v2\/pages"}],"about":[{"href":"https:\/\/old.aktuar-group.at\/vm\/wp-json\/wp\/v2\/types\/page"}],"author":[{"embeddable":true,"href":"https:\/\/old.aktuar-group.at\/vm\/wp-json\/wp\/v2\/users\/1"}],"replies":[{"embeddable":true,"href":"https:\/\/old.aktuar-group.at\/vm\/wp-json\/wp\/v2\/comments?post=372"}],"version-history":[{"count":0,"href":"https:\/\/old.aktuar-group.at\/vm\/wp-json\/wp\/v2\/pages\/372\/revisions"}],"wp:attachment":[{"href":"https:\/\/old.aktuar-group.at\/vm\/wp-json\/wp\/v2\/media?parent=372"}],"curies":[{"name":"wp","href":"https:\/\/api.w.org\/{rel}","templated":true}]}}