{"id":358,"date":"2021-08-29T16:10:58","date_gmt":"2021-08-29T14:10:58","guid":{"rendered":"https:\/\/aktuar.cc\/vm\/?page_id=358"},"modified":"2021-09-12T18:19:20","modified_gmt":"2021-09-12T16:19:20","slug":"asset-liability-management","status":"publish","type":"page","link":"https:\/\/old.aktuar-group.at\/vm\/asset-liability-management\/","title":{"rendered":"Asset-Liability-Management"},"content":{"rendered":"<p>[et_pb_section fb_built=&#8220;1&#8243; _builder_version=&#8220;4.10.5&#8243; _module_preset=&#8220;default&#8220; background_image=&#8220;https:\/\/old.aktuar-group.at\/vm\/wp-content\/uploads\/sites\/2\/2021\/08\/Statistik_Finger.jpg&#8220; parallax=&#8220;on&#8220; parallax_method=&#8220;off&#8220; height=&#8220;100vh&#8220; custom_margin=&#8220;0px|0px|0px|0px|true|true&#8220; custom_padding=&#8220;0px|0px|0px|0px|true|true&#8220; global_colors_info=&#8220;{}&#8220;][et_pb_row column_structure=&#8220;1_4,3_4&#8243; make_equal=&#8220;on&#8220; _builder_version=&#8220;4.10.6&#8243; _module_preset=&#8220;default&#8220; background_color=&#8220;rgba(0,157,224,0.9)&#8220; background_color_gradient_direction=&#8220;135deg&#8220; positioning=&#8220;absolute&#8220; position_origin_a=&#8220;center_center&#8220; width=&#8220;100%&#8220; width_tablet=&#8220;100vw&#8220; width_phone=&#8220;100vw&#8220; width_last_edited=&#8220;on|tablet&#8220; max_width=&#8220;100vw&#8220; custom_margin=&#8220;0px|0px|0px|0px|true|true&#8220; custom_padding=&#8220;|24px||24px|true|true&#8220; animation_style=&#8220;fade&#8220; animation_duration=&#8220;1500ms&#8220; global_colors_info=&#8220;{}&#8220;][et_pb_column type=&#8220;1_4&#8243; _builder_version=&#8220;4.10.3&#8243; _module_preset=&#8220;default&#8220; global_colors_info=&#8220;{}&#8220;][et_pb_image src=&#8220;https:\/\/old.aktuar-group.at\/vm\/wp-content\/uploads\/sites\/2\/2021\/08\/AKTUAR_Logo_Favicon_Weiss.svg&#8220; alt=&#8220;AKTUAR_Logo_Favicon_Wei\u00df&#8220; title_text=&#8220;AKTUAR_Logo_Favicon_Wei\u00df&#8220; _builder_version=&#8220;4.10.6&#8243; _module_preset=&#8220;default&#8220; positioning=&#8220;absolute&#8220; position_origin_a=&#8220;center_center&#8220; position_origin_a_tablet=&#8220;&#8220; position_origin_a_phone=&#8220;&#8220; position_origin_a_last_edited=&#8220;on|desktop&#8220; position_origin_f_tablet=&#8220;&#8220; position_origin_f_phone=&#8220;&#8220; position_origin_f_last_edited=&#8220;on|desktop&#8220; position_origin_r_tablet=&#8220;&#8220; position_origin_r_phone=&#8220;&#8220; position_origin_r_last_edited=&#8220;on|desktop&#8220; width=&#8220;50%&#8220; max_width_tablet=&#8220;150px&#8220; max_width_phone=&#8220;100px&#8220; max_width_last_edited=&#8220;on|phone&#8220; custom_margin_tablet=&#8220;&#8220; custom_margin_phone=&#8220;0px||0px||false|false&#8220; custom_margin_last_edited=&#8220;on|phone&#8220; custom_padding=&#8220;0px||0px||true|false&#8220; positioning_tablet=&#8220;none&#8220; positioning_phone=&#8220;&#8220; positioning_last_edited=&#8220;on|phone&#8220; global_colors_info=&#8220;{}&#8220;][\/et_pb_image][\/et_pb_column][et_pb_column type=&#8220;3_4&#8243; _builder_version=&#8220;4.10.3&#8243; _module_preset=&#8220;default&#8220; global_colors_info=&#8220;{}&#8220;][et_pb_text content_last_edited=&#8220;off|desktop&#8220; module_class=&#8220;span-h1-white&#8220; _builder_version=&#8220;4.10.6&#8243; _module_preset=&#8220;default&#8220; text_font=&#8220;|700|||||||&#8220; text_text_color=&#8220;#FFFFFF&#8220; text_font_size=&#8220;20px&#8220; text_line_height=&#8220;1em&#8220; header_font=&#8220;|700|||||||&#8220; header_text_color=&#8220;#FFFFFF&#8220; header_font_size=&#8220;50px&#8220; header_2_font=&#8220;|700|||||||&#8220; header_2_font_size=&#8220;42px&#8220; header_3_font=&#8220;|700|||||||&#8220; header_3_text_color=&#8220;#009DE0&#8243; positioning=&#8220;relative&#8220; position_origin_a=&#8220;center_left&#8220; width=&#8220;100%&#8220; custom_padding=&#8220;48px||48px||true|false&#8220; custom_padding_tablet=&#8220;&#8220; custom_padding_phone=&#8220;0px||24px||false|false&#8220; custom_padding_last_edited=&#8220;on|tablet&#8220; animation_direction=&#8220;left&#8220; text_font_size_tablet=&#8220;&#8220; text_font_size_phone=&#8220;16px&#8220; text_font_size_last_edited=&#8220;on|phone&#8220; header_font_size_tablet=&#8220;40px&#8220; header_font_size_phone=&#8220;32px&#8220; header_font_size_last_edited=&#8220;on|phone&#8220; header_2_font_size_tablet=&#8220;32px&#8220; header_2_font_size_phone=&#8220;24px&#8220; header_2_font_size_last_edited=&#8220;on|phone&#8220; header_3_font_size_tablet=&#8220;&#8220; header_3_font_size_phone=&#8220;20px&#8220; header_3_font_size_last_edited=&#8220;on|phone&#8220; text_orientation_tablet=&#8220;center&#8220; text_orientation_phone=&#8220;&#8220; text_orientation_last_edited=&#8220;on|phone&#8220; text_text_shadow_style=&#8220;preset1&#8243; header_text_shadow_style=&#8220;preset1&#8243; global_colors_info=&#8220;{}&#8220;]<\/p>\n<h1>ASSET-LIABILITY-MANAGEMENT<\/h1>\n<p> AKTIVE STEUERUNG BRINGT FINANZIELLE STABILIT\u00c4T IN IHRE PENSIONSVERPFLICHTUNGEN <\/p>\n<p>[\/et_pb_text][\/et_pb_column][\/et_pb_row][\/et_pb_section][et_pb_section fb_built=&#8220;1&#8243; _builder_version=&#8220;4.10.5&#8243; _module_preset=&#8220;default&#8220; background_color=&#8220;#FFFFFF&#8220; custom_margin=&#8220;0px||0px||true|false&#8220; custom_padding=&#8220;15vh||15vh||true|false&#8220; global_colors_info=&#8220;{}&#8220;][et_pb_row _builder_version=&#8220;4.10.5&#8243; _module_preset=&#8220;default&#8220; width=&#8220;90%&#8220; max_width=&#8220;90vw&#8220; custom_margin=&#8220;||5vh||false|false&#8220; global_colors_info=&#8220;{}&#8220;][et_pb_column type=&#8220;4_4&#8243; _builder_version=&#8220;4.10.5&#8243; _module_preset=&#8220;default&#8220; global_colors_info=&#8220;{}&#8220;][et_pb_text module_class=&#8220;span-font-brand&#8220; _builder_version=&#8220;4.10.6&#8243; _module_preset=&#8220;default&#8220; header_2_font=&#8220;|700|||||||&#8220; custom_padding=&#8220;||||false|false&#8220; animation_style=&#8220;zoom&#8220; animation_direction=&#8220;left&#8220; global_colors_info=&#8220;{}&#8220;]<\/p>\n<h2>ASSET-LIABILITY-MANAGEMENT<br \/>\n<span>(ALM)<\/span><\/h2>\n<p>[\/et_pb_text][\/et_pb_column][\/et_pb_row][et_pb_row column_structure=&#8220;2_3,1_3&#8243; _builder_version=&#8220;4.10.6&#8243; _module_preset=&#8220;default&#8220; width=&#8220;95%&#8220; max_width=&#8220;1280px&#8220; animation_style=&#8220;zoom&#8220; animation_duration=&#8220;1500ms&#8220; pac_drh_enable_stacking=&#8220;pac_drh_stack_row pac_drh_stack_tab_mob&#8220; pac_drh_column_numbers_tablet=&#8220;pac_drh_tab_col_one&#8220; pac_drh_column_numbers_phone=&#8220;pac_drh_phone_col_one&#8220; global_colors_info=&#8220;{}&#8220;][et_pb_column type=&#8220;2_3&#8243; _builder_version=&#8220;4.10.5&#8243; _module_preset=&#8220;default&#8220; pac_drh_add_staking_order_tab=&#8220;pac_drh_order_tab_two&#8220; pac_drh_add_staking_order_mob=&#8220;pac_drh_order_mob_two&#8220; global_colors_info=&#8220;{}&#8220;][et_pb_text ul_type=&#8220;square&#8220; content_last_edited=&#8220;off|desktop&#8220; module_class=&#8220;textbox&#8220; _builder_version=&#8220;4.10.5&#8243; _module_preset=&#8220;default&#8220; text_font=&#8220;|300|||||||&#8220; text_line_height=&#8220;1.4em&#8220; ul_font=&#8220;|300|||||||&#8220; ul_line_height=&#8220;1.2em&#8220; header_2_text_color=&#8220;#242424&#8243; header_3_font=&#8220;|700|||||||&#8220; width=&#8220;100%&#8220; module_alignment=&#8220;center&#8220; custom_padding=&#8220;||||false|false&#8220; custom_padding_tablet=&#8220;|48px|48px|48px|false|true&#8220; custom_padding_phone=&#8220;|24px|24px|24px|false|true&#8220; custom_padding_last_edited=&#8220;on|phone&#8220; global_colors_info=&#8220;{}&#8220;]<\/p>\n<p>In Kooperation mit BWCI Group Limited (<a href=\"https:\/\/www.bwcigroup.com\">www.bwcigroup.com<\/a>), einem unserer langj\u00e4hrigen Partner von Abelica Global, erstellen wir Asset Liability Management-Studien zu beitrags- und leistungsorientierten Pensionspl\u00e4nen. BWCI ist die gr\u00f6\u00dfte Gesellschaft auf den Kanalinseln (Guernsey, Jersey), die eine breite Auswahl an aktuariellen Dienstleistungen, die Verwaltung von internationalen Pensionspl\u00e4nen und Unterst\u00fctzung bei der Selektion von Investmentmanagern anbietet.<\/p>\n<p>[\/et_pb_text][\/et_pb_column][et_pb_column type=&#8220;1_3&#8243; _builder_version=&#8220;4.10.5&#8243; _module_preset=&#8220;default&#8220; pac_drh_add_staking_order_tab=&#8220;pac_drh_order_tab_one&#8220; pac_drh_add_staking_order_mob=&#8220;pac_drh_order_mob_one&#8220; global_colors_info=&#8220;{}&#8220;][et_pb_image src=&#8220;https:\/\/old.aktuar-group.at\/vm\/wp-content\/uploads\/sites\/2\/2021\/08\/BWCI-Logo-e1631456853497.png&#8220; alt=&#8220;BWCI-Logo&#8220; title_text=&#8220;BWCI-Logo&#8220; _builder_version=&#8220;4.10.6&#8243; _module_preset=&#8220;default&#8220; filter_saturate_tablet=&#8220;100%&#8220; global_colors_info=&#8220;{}&#8220;][\/et_pb_image][\/et_pb_column][\/et_pb_row][et_pb_row _builder_version=&#8220;4.10.6&#8243; _module_preset=&#8220;default&#8220; width=&#8220;95%&#8220; max_width=&#8220;1280px&#8220; animation_style=&#8220;zoom&#8220; animation_duration=&#8220;1500ms&#8220; pac_drh_enable_stacking=&#8220;pac_drh_stack_row pac_drh_stack_tab_mob&#8220; pac_drh_column_numbers_tablet=&#8220;pac_drh_tab_col_one&#8220; pac_drh_column_numbers_phone=&#8220;pac_drh_phone_col_one&#8220; global_colors_info=&#8220;{}&#8220;][et_pb_column type=&#8220;4_4&#8243; _builder_version=&#8220;4.10.5&#8243; _module_preset=&#8220;default&#8220; pac_drh_add_staking_order_tab=&#8220;pac_drh_order_tab_two&#8220; pac_drh_add_staking_order_mob=&#8220;pac_drh_order_mob_two&#8220; global_colors_info=&#8220;{}&#8220;][et_pb_text ul_type=&#8220;square&#8220; content_last_edited=&#8220;off|desktop&#8220; module_class=&#8220;textbox&#8220; _builder_version=&#8220;4.10.5&#8243; _module_preset=&#8220;default&#8220; text_font=&#8220;|300|||||||&#8220; text_line_height=&#8220;1.4em&#8220; ul_font=&#8220;|300|||||||&#8220; ul_line_height=&#8220;1.2em&#8220; header_2_text_color=&#8220;#242424&#8243; header_3_font=&#8220;|700|||||||&#8220; width=&#8220;100%&#8220; module_alignment=&#8220;center&#8220; custom_padding=&#8220;||||false|false&#8220; custom_padding_tablet=&#8220;|48px|48px|48px|false|true&#8220; custom_padding_phone=&#8220;|24px|24px|24px|false|true&#8220; custom_padding_last_edited=&#8220;on|phone&#8220; global_colors_info=&#8220;{}&#8220;]<\/p>\n<p>Als Spezialist f\u00fcr die Bewertung von Personalverpflichtungen erstellen wir f\u00fcr ALM-Studien versicherungsmathematische Hochrechnungen k\u00fcnftiger Zahlungsstr\u00f6me von Verpflichtungen (Liabilities). In den ALM-Studien ber\u00fccksichtigen wir biometrische Ausscheidewahrscheinlichkeiten wie Invalidit\u00e4t und Tod, Mitarbeiterfluktuationen, wirtschaftliche Faktoren, Renditen des Anlageverm\u00f6gens sowie die Korrelationen der Assetklassen.<\/p>\n<p>Aufgrund des aktuell niedrigen Zinsniveaus ergeben sich f\u00fcr die Unternehmen negative Effekte auf der Passivseite, da die Verpflichtungen mangels wesentlicher Abzinsungen k\u00fcnftiger Zahlungsstr\u00f6me h\u00f6her bewertet werden. Auf der Aktivseite bewirken niedrige Zinsen einen geringeren Verm\u00f6gensgewinn. Dadurch ergeben sich oft signifikante Deckungsl\u00fccken, die zu bilanziellen Problemen f\u00fchren k\u00f6nnen.<\/p>\n<p>Um langfristig eine finanzielle Stabilit\u00e4t der Verpflichtungen zu erzielen, muss mittelfristig eine <strong>risiko-\/ertragseffiziente Anlagestrategie<\/strong> unter Ber\u00fccksichtigung der Zahlungsstr\u00f6me implementiert werden. Unsere ALM-Studien erm\u00f6glichen durch die Modellierung von dynamischen Anlagestrategien und die Darstellung realistischer Marktszenarien eine gute Sch\u00e4tzung der Finanzierungsrisiken. Selbstverst\u00e4ndlich k\u00f6nnen etwaige <strong>Governance-Richtlinien<\/strong> und <strong>Risikopr\u00e4ferenzen<\/strong> in unseren Simulationen ber\u00fccksichtigt werden.<\/p>\n<p>Nachstehend ein Beispiel ausgew\u00e4hlter Portfoliostrukturierungen (bestehende Strukturierung sowie 10 Varianten) und der Projektion des Finanzierungsgrades nach 15 Jahren unter Darstellung der Eintrittswahrscheinlichkeiten.<\/p>\n<p>[\/et_pb_text][\/et_pb_column][\/et_pb_row][et_pb_row column_structure=&#8220;1_2,1_2&#8243; make_equal=&#8220;on&#8220; _builder_version=&#8220;4.10.6&#8243; _module_preset=&#8220;default&#8220; width=&#8220;95%&#8220; max_width=&#8220;1280px&#8220; animation_style=&#8220;zoom&#8220; global_colors_info=&#8220;{}&#8220;][et_pb_column type=&#8220;1_2&#8243; _builder_version=&#8220;4.10.6&#8243; _module_preset=&#8220;default&#8220; border_radii=&#8220;on|22px|22px|22px|22px&#8220; box_shadow_style=&#8220;preset1&#8243; global_colors_info=&#8220;{}&#8220;][dsm_perspective_image src=&#8220;https:\/\/old.aktuar-group.at\/vm\/wp-content\/uploads\/sites\/2\/2021\/08\/chart-asset-allocation-strategies.gif&#8220; alt=&#8220;chart &#8211; asset allocation strategies&#8220; title_text=&#8220;chart &#8211; asset allocation strategies&#8220; use_overlay=&#8220;on&#8220; hover_overlay_color=&#8220;rgba(36,36,36,0.5)&#8220; overlay_icon_color=&#8220;#FFFFFF&#8220; _builder_version=&#8220;4.10.6&#8243; _module_preset=&#8220;default&#8220; positioning=&#8220;absolute&#8220; position_origin_a=&#8220;center_center&#8220; width=&#8220;100%&#8220; custom_padding=&#8220;||||false|false&#8220; hover_enabled=&#8220;0&#8243; global_colors_info=&#8220;{}&#8220; show_in_lightbox=&#8220;on&#8220; sticky_enabled=&#8220;0&#8243;][\/dsm_perspective_image][\/et_pb_column][et_pb_column type=&#8220;1_2&#8243; _builder_version=&#8220;4.10.6&#8243; _module_preset=&#8220;default&#8220; border_radii=&#8220;on|22px|22px|22px|22px&#8220; box_shadow_style=&#8220;preset1&#8243; global_colors_info=&#8220;{}&#8220;][dsm_perspective_image src=&#8220;https:\/\/old.aktuar-group.at\/vm\/wp-content\/uploads\/sites\/2\/2021\/08\/chart-asset-allocation-strategy_projected-funding-level.gif&#8220; alt=&#8220;chart &#8211; asset allocation strategy_projected funding level&#8220; title_text=&#8220;chart &#8211; asset allocation strategy_projected funding level&#8220; use_overlay=&#8220;on&#8220; hover_overlay_color=&#8220;rgba(36,36,36,0.5)&#8220; overlay_icon_color=&#8220;#FFFFFF&#8220; _builder_version=&#8220;4.10.6&#8243; _module_preset=&#8220;default&#8220; custom_padding=&#8220;||||false|false&#8220; hover_enabled=&#8220;0&#8243; global_colors_info=&#8220;{}&#8220; show_in_lightbox=&#8220;on&#8220; sticky_enabled=&#8220;0&#8243;][\/dsm_perspective_image][\/et_pb_column][\/et_pb_row][et_pb_row _builder_version=&#8220;4.10.6&#8243; _module_preset=&#8220;default&#8220; width=&#8220;95%&#8220; max_width=&#8220;1280px&#8220; animation_style=&#8220;zoom&#8220; animation_duration=&#8220;1500ms&#8220; pac_drh_enable_stacking=&#8220;pac_drh_stack_row pac_drh_stack_tab_mob&#8220; pac_drh_column_numbers_tablet=&#8220;pac_drh_tab_col_one&#8220; pac_drh_column_numbers_phone=&#8220;pac_drh_phone_col_one&#8220; global_colors_info=&#8220;{}&#8220;][et_pb_column type=&#8220;4_4&#8243; _builder_version=&#8220;4.10.5&#8243; _module_preset=&#8220;default&#8220; pac_drh_add_staking_order_tab=&#8220;pac_drh_order_tab_two&#8220; pac_drh_add_staking_order_mob=&#8220;pac_drh_order_mob_two&#8220; global_colors_info=&#8220;{}&#8220;][et_pb_text ul_type=&#8220;square&#8220; content_last_edited=&#8220;off|desktop&#8220; module_class=&#8220;textbox&#8220; _builder_version=&#8220;4.10.6&#8243; _module_preset=&#8220;default&#8220; text_font=&#8220;|300|||||||&#8220; text_line_height=&#8220;1.4em&#8220; ul_font=&#8220;|300|||||||&#8220; ul_line_height=&#8220;1.2em&#8220; header_2_text_color=&#8220;#242424&#8243; header_3_font=&#8220;|700|||||||&#8220; width=&#8220;100%&#8220; module_alignment=&#8220;center&#8220; custom_padding=&#8220;||||false|false&#8220; custom_padding_tablet=&#8220;|48px|48px|48px|false|true&#8220; custom_padding_phone=&#8220;|24px|24px|24px|false|true&#8220; custom_padding_last_edited=&#8220;on|phone&#8220; global_colors_info=&#8220;{}&#8220;]<\/p>\n<p>Vordergr\u00fcndiges Ziel des ALM sollte eine im Hinblick auf die Erfordernisse der Passivseite optimale Gestaltung der Kapitalanlagen unter Einhaltung gewisser Rahmenbedingungen sein. In der Praxis soll die gew\u00e4hlte Anlagestrategie jedoch auch eine akzeptable Gesamtrendite (<strong>Absolute Return<\/strong>) liefern.<\/p>\n<p>Wir bieten unsere Dienstleistungen bez\u00fcglich der Bewertung von Veranlagungsrisiken im Bereich der betrieblichen Altersvorsorge in Kooperation mit BWCI (Kanalinseln) vor allem Arbeitgeber mit Pensionskassenl\u00f6sungen oder direkten Leistungszusagen an. Die Dauer des Projekts h\u00e4ngt von der Aktualit\u00e4t und Vollst\u00e4ndigkeit der vom Klienten zur Verf\u00fcgung gestellten Informationen ab. Die durchschnittliche Dauer des Projektes (inklusive Pr\u00e4sentation der Ergebnisse) betr\u00e4gt 10 bis 13 Wochen.<\/p>\n<p>[\/et_pb_text][\/et_pb_column][\/et_pb_row][\/et_pb_section]<\/p>\n","protected":false},"excerpt":{"rendered":"<p>ASSET-LIABILITY-MANAGEMENT AKTIVE STEUERUNG BRINGT FINANZIELLE STABILIT\u00c4T IN IHRE PENSIONSVERPFLICHTUNGEN ASSET-LIABILITY-MANAGEMENT (ALM)In Kooperation mit BWCI Group Limited (www.bwcigroup.com), einem unserer langj\u00e4hrigen Partner von Abelica Global, erstellen wir Asset Liability Management-Studien zu beitrags- und leistungsorientierten Pensionspl\u00e4nen. BWCI ist die gr\u00f6\u00dfte Gesellschaft auf den Kanalinseln (Guernsey, Jersey), die eine breite Auswahl an aktuariellen Dienstleistungen, die Verwaltung von internationalen Pensionspl\u00e4nen und Unterst\u00fctzung bei der Selektion von Investmentmanagern anbietet.Als Spezialist f\u00fcr die Bewertung von Personalverpflichtungen erstellen wir f\u00fcr ALM-Studien versicherungsmathematische Hochrechnungen k\u00fcnftiger Zahlungsstr\u00f6me von Verpflichtungen (Liabilities). In den ALM-Studien ber\u00fccksichtigen wir biometrische Ausscheidewahrscheinlichkeiten wie Invalidit\u00e4t und Tod, Mitarbeiterfluktuationen, wirtschaftliche Faktoren, Renditen des Anlageverm\u00f6gens sowie die Korrelationen der Assetklassen. Aufgrund des aktuell niedrigen Zinsniveaus ergeben sich f\u00fcr die Unternehmen negative Effekte auf der Passivseite, da die Verpflichtungen mangels wesentlicher Abzinsungen k\u00fcnftiger Zahlungsstr\u00f6me h\u00f6her bewertet werden. Auf der Aktivseite bewirken niedrige Zinsen einen geringeren Verm\u00f6gensgewinn. Dadurch ergeben sich oft signifikante Deckungsl\u00fccken, die zu bilanziellen Problemen f\u00fchren k\u00f6nnen. Um langfristig eine finanzielle Stabilit\u00e4t der Verpflichtungen zu erzielen, muss mittelfristig eine risiko-\/ertragseffiziente Anlagestrategie unter Ber\u00fccksichtigung der Zahlungsstr\u00f6me implementiert werden. Unsere ALM-Studien erm\u00f6glichen durch die Modellierung von dynamischen Anlagestrategien und die Darstellung realistischer Marktszenarien eine gute Sch\u00e4tzung der Finanzierungsrisiken. Selbstverst\u00e4ndlich k\u00f6nnen etwaige Governance-Richtlinien und Risikopr\u00e4ferenzen in unseren Simulationen ber\u00fccksichtigt werden. [&hellip;]<\/p>\n","protected":false},"author":1,"featured_media":0,"parent":0,"menu_order":0,"comment_status":"closed","ping_status":"closed","template":"","meta":{"_et_pb_use_builder":"on","_et_pb_old_content":"","_et_gb_content_width":"","footnotes":""},"class_list":["post-358","page","type-page","status-publish","hentry"],"_links":{"self":[{"href":"https:\/\/old.aktuar-group.at\/vm\/wp-json\/wp\/v2\/pages\/358","targetHints":{"allow":["GET"]}}],"collection":[{"href":"https:\/\/old.aktuar-group.at\/vm\/wp-json\/wp\/v2\/pages"}],"about":[{"href":"https:\/\/old.aktuar-group.at\/vm\/wp-json\/wp\/v2\/types\/page"}],"author":[{"embeddable":true,"href":"https:\/\/old.aktuar-group.at\/vm\/wp-json\/wp\/v2\/users\/1"}],"replies":[{"embeddable":true,"href":"https:\/\/old.aktuar-group.at\/vm\/wp-json\/wp\/v2\/comments?post=358"}],"version-history":[{"count":0,"href":"https:\/\/old.aktuar-group.at\/vm\/wp-json\/wp\/v2\/pages\/358\/revisions"}],"wp:attachment":[{"href":"https:\/\/old.aktuar-group.at\/vm\/wp-json\/wp\/v2\/media?parent=358"}],"curies":[{"name":"wp","href":"https:\/\/api.w.org\/{rel}","templated":true}]}}