{"id":351,"date":"2021-08-29T16:08:37","date_gmt":"2021-08-29T14:08:37","guid":{"rendered":"https:\/\/aktuar.cc\/vm\/?page_id=351"},"modified":"2021-09-14T11:35:30","modified_gmt":"2021-09-14T09:35:30","slug":"abelica-account","status":"publish","type":"page","link":"https:\/\/old.aktuar-group.at\/vm\/abelica-account\/","title":{"rendered":"Abelica Account"},"content":{"rendered":"<p>[et_pb_section fb_built=&#8220;1&#8243; _builder_version=&#8220;4.10.5&#8243; _module_preset=&#8220;default&#8220; background_image=&#8220;https:\/\/old.aktuar-group.at\/vm\/wp-content\/uploads\/sites\/2\/2021\/08\/Abelica-AccountFotolia_73155397_XXL.jpeg&#8220; parallax=&#8220;on&#8220; parallax_method=&#8220;off&#8220; height=&#8220;100vh&#8220; custom_margin=&#8220;0px|0px|0px|0px|true|true&#8220; custom_padding=&#8220;0px|0px|0px|0px|true|true&#8220; global_colors_info=&#8220;{}&#8220;][et_pb_row column_structure=&#8220;1_4,3_4&#8243; make_equal=&#8220;on&#8220; _builder_version=&#8220;4.10.6&#8243; _module_preset=&#8220;default&#8220; background_color=&#8220;rgba(0,157,224,0.9)&#8220; background_color_gradient_direction=&#8220;135deg&#8220; positioning=&#8220;absolute&#8220; position_origin_a=&#8220;center_center&#8220; width=&#8220;100%&#8220; width_tablet=&#8220;100vw&#8220; width_phone=&#8220;100vw&#8220; width_last_edited=&#8220;on|tablet&#8220; max_width=&#8220;100vw&#8220; custom_margin=&#8220;0px|0px|0px|0px|true|true&#8220; custom_padding=&#8220;|24px||24px|true|true&#8220; animation_style=&#8220;fade&#8220; animation_duration=&#8220;1500ms&#8220; global_colors_info=&#8220;{}&#8220;][et_pb_column type=&#8220;1_4&#8243; _builder_version=&#8220;4.10.3&#8243; _module_preset=&#8220;default&#8220; global_colors_info=&#8220;{}&#8220;][et_pb_image src=&#8220;https:\/\/old.aktuar-group.at\/vm\/wp-content\/uploads\/sites\/2\/2021\/08\/AKTUAR_Logo_Favicon_Weiss.svg&#8220; alt=&#8220;AKTUAR_Logo_Favicon_Wei\u00df&#8220; title_text=&#8220;AKTUAR_Logo_Favicon_Wei\u00df&#8220; _builder_version=&#8220;4.10.6&#8243; _module_preset=&#8220;default&#8220; positioning=&#8220;absolute&#8220; position_origin_a=&#8220;center_center&#8220; position_origin_a_tablet=&#8220;&#8220; position_origin_a_phone=&#8220;&#8220; position_origin_a_last_edited=&#8220;on|desktop&#8220; position_origin_f_tablet=&#8220;&#8220; position_origin_f_phone=&#8220;&#8220; position_origin_f_last_edited=&#8220;on|desktop&#8220; position_origin_r_tablet=&#8220;&#8220; position_origin_r_phone=&#8220;&#8220; position_origin_r_last_edited=&#8220;on|desktop&#8220; width=&#8220;50%&#8220; max_width_tablet=&#8220;150px&#8220; max_width_phone=&#8220;100px&#8220; max_width_last_edited=&#8220;on|phone&#8220; custom_margin_tablet=&#8220;&#8220; custom_margin_phone=&#8220;0px||0px||false|false&#8220; custom_margin_last_edited=&#8220;on|phone&#8220; custom_padding=&#8220;0px||0px||true|false&#8220; positioning_tablet=&#8220;none&#8220; positioning_phone=&#8220;&#8220; positioning_last_edited=&#8220;on|phone&#8220; global_colors_info=&#8220;{}&#8220;][\/et_pb_image][\/et_pb_column][et_pb_column type=&#8220;3_4&#8243; _builder_version=&#8220;4.10.3&#8243; _module_preset=&#8220;default&#8220; global_colors_info=&#8220;{}&#8220;][et_pb_text content_last_edited=&#8220;off|desktop&#8220; module_class=&#8220;span-h1-white&#8220; _builder_version=&#8220;4.10.6&#8243; _module_preset=&#8220;default&#8220; text_font=&#8220;|700|||||||&#8220; text_text_color=&#8220;#FFFFFF&#8220; text_font_size=&#8220;20px&#8220; text_line_height=&#8220;1em&#8220; header_font=&#8220;|700|||||||&#8220; header_text_color=&#8220;#FFFFFF&#8220; header_font_size=&#8220;50px&#8220; header_2_font=&#8220;|700|||||||&#8220; header_2_font_size=&#8220;42px&#8220; header_3_font=&#8220;|700|||||||&#8220; header_3_text_color=&#8220;#009DE0&#8243; positioning=&#8220;relative&#8220; position_origin_a=&#8220;center_left&#8220; width=&#8220;100%&#8220; custom_padding=&#8220;48px||48px||true|false&#8220; custom_padding_tablet=&#8220;&#8220; custom_padding_phone=&#8220;0px||24px||false|false&#8220; custom_padding_last_edited=&#8220;on|tablet&#8220; animation_direction=&#8220;left&#8220; text_font_size_tablet=&#8220;&#8220; text_font_size_phone=&#8220;16px&#8220; text_font_size_last_edited=&#8220;on|phone&#8220; header_font_size_tablet=&#8220;40px&#8220; header_font_size_phone=&#8220;32px&#8220; header_font_size_last_edited=&#8220;on|phone&#8220; header_2_font_size_tablet=&#8220;32px&#8220; header_2_font_size_phone=&#8220;24px&#8220; header_2_font_size_last_edited=&#8220;on|phone&#8220; header_3_font_size_tablet=&#8220;&#8220; header_3_font_size_phone=&#8220;20px&#8220; header_3_font_size_last_edited=&#8220;on|phone&#8220; text_orientation_tablet=&#8220;center&#8220; text_orientation_phone=&#8220;&#8220; text_orientation_last_edited=&#8220;on|phone&#8220; text_text_shadow_style=&#8220;preset1&#8243; header_text_shadow_style=&#8220;preset1&#8243; global_colors_info=&#8220;{}&#8220;]<\/p>\n<h1>ABELICA ACCOUNT<\/h1>\n<p>GLOBALE KONSOLIDIERUNG &#8211; EFFIZIENT UND KOSTENG\u00dcNSTIG<\/p>\n<p>[\/et_pb_text][\/et_pb_column][\/et_pb_row][\/et_pb_section][et_pb_section fb_built=&#8220;1&#8243; _builder_version=&#8220;4.10.5&#8243; _module_preset=&#8220;default&#8220; background_color=&#8220;#F5F5F5&#8243; custom_margin=&#8220;0px||0px||true|false&#8220; custom_padding=&#8220;15vh||15vh||true|false&#8220; global_colors_info=&#8220;{}&#8220;][et_pb_row _builder_version=&#8220;4.10.5&#8243; _module_preset=&#8220;default&#8220; width=&#8220;90%&#8220; max_width=&#8220;90vw&#8220; custom_margin=&#8220;||5vh||false|false&#8220; global_colors_info=&#8220;{}&#8220;][et_pb_column type=&#8220;4_4&#8243; _builder_version=&#8220;4.10.5&#8243; _module_preset=&#8220;default&#8220; global_colors_info=&#8220;{}&#8220;][et_pb_text module_class=&#8220;span-font-brand&#8220; _builder_version=&#8220;4.10.5&#8243; _module_preset=&#8220;default&#8220; header_2_font=&#8220;|700|||||||&#8220; custom_padding=&#8220;||||false|false&#8220; animation_style=&#8220;zoom&#8220; animation_direction=&#8220;left&#8220; global_colors_info=&#8220;{}&#8220;]<\/p>\n<h2>ABELICA<br \/>\n<span>ACCOUNT<\/span><\/h2>\n<p>[\/et_pb_text][\/et_pb_column][\/et_pb_row][et_pb_row _builder_version=&#8220;4.10.5&#8243; _module_preset=&#8220;default&#8220; animation_style=&#8220;fade&#8220; animation_duration=&#8220;1500ms&#8220; global_colors_info=&#8220;{}&#8220;][et_pb_column type=&#8220;4_4&#8243; _builder_version=&#8220;4.10.5&#8243; _module_preset=&#8220;default&#8220; global_colors_info=&#8220;{}&#8220;][et_pb_text ul_type=&#8220;square&#8220; content_last_edited=&#8220;off|desktop&#8220; module_class=&#8220;textbox&#8220; _builder_version=&#8220;4.10.5&#8243; _module_preset=&#8220;default&#8220; text_font=&#8220;|300|||||||&#8220; text_line_height=&#8220;1.4em&#8220; ul_font=&#8220;|300|||||||&#8220; ul_line_height=&#8220;1.2em&#8220; header_2_text_color=&#8220;#242424&#8243; header_3_font=&#8220;|700|||||||&#8220; width=&#8220;100%&#8220; module_alignment=&#8220;center&#8220; custom_padding=&#8220;||||false|false&#8220; custom_padding_tablet=&#8220;|48px|48px|48px|false|true&#8220; custom_padding_phone=&#8220;|24px|24px|24px|false|true&#8220; custom_padding_last_edited=&#8220;on|phone&#8220; global_colors_info=&#8220;{}&#8220;]<\/p>\n<p>F\u00fcr Klienten mit einer gro\u00dfen Anzahl an Versorgungspl\u00e4nen &#8211; ggfs. in mehreren L\u00e4ndern &#8211; stellen wir bei Bedarf gegen Geb\u00fchr unser interaktives englischsprachiges Onlinetool <a href=\"https:\/\/abelica.a-vm.at\/login.aspx\">Abelica Account<\/a> zur Verf\u00fcgung. Mit diesem Tool k\u00f6nnen die Prozesse f\u00fcr die Bewertung nach IAS 19, FRS 17 und US-GAAP (ASC 715-20) <strong>zentral koordiniert<\/strong> und die Ergebnisse \u00fcbersichtlich konsolidiert werden. Unterschiedliche W\u00e4hrungen werden automatisch in die <strong>Konzernberichtsw\u00e4hrung<\/strong> umgerechnet. S\u00e4mtliche Versorgungspl\u00e4ne und die dazugeh\u00f6rigen Berechtigungen werden von uns &#8211; nach R\u00fccksprache mit Ihnen &#8211; in unserem Onlinetool angelegt.<\/p>\n<p>Die Dateneingabe erfolgt lokal \u00fcber eine verschl\u00fcsselte Internetverbindung. Um eine optimale Anwenderfreundlichkeit zu gew\u00e4hrleisten, enth\u00e4lt das Tool <strong>Hilfefunktionen und Validierungen<\/strong>. Es k\u00f6nnen <strong>individuelle Lese- und Schreiberechte<\/strong> vergeben werden. Zus\u00e4tzlich zur Dateneingabe k\u00f6nnen vom Anwender auch Kommentare (z.B. Erl\u00e4uterungen zur Herleitung der Parameter) hinzugef\u00fcgt werden.<\/p>\n<p>Sie k\u00f6nnen den Fortschritt des Projekts jederzeit \u00fcberpr\u00fcfen und nach erfolgter Freigabe der Ergebnisse durch uns als Gruppenaktuar ein- oder <strong>mehrj\u00e4hrige Berichte (Bilanzanh\u00e4nge) im Excel- und pdf-Format<\/strong> erstellen. Benachrichtigungen zu den einzelnen Projektschritten k\u00f6nnen an die jeweils Beteiligten direkt durch das Tool per E-Mail erfolgen.<\/p>\n<p>Durch die Verwendung von <a href=\"https:\/\/abelica.a-vm.at\/login.aspx\">Abelica Account<\/a> k\u00f6nnen Ihre Prozesse bei der Konsolidierung von Personalr\u00fcckstellungen f\u00fcr die Bilanzierung effizienter gestaltet werden.<\/p>\n<p>[\/et_pb_text][\/et_pb_column][\/et_pb_row][\/et_pb_section]<\/p>\n","protected":false},"excerpt":{"rendered":"<p>ABELICA ACCOUNT GLOBALE KONSOLIDIERUNG &#8211; EFFIZIENT UND KOSTENG\u00dcNSTIGABELICA ACCOUNTF\u00fcr Klienten mit einer gro\u00dfen Anzahl an Versorgungspl\u00e4nen &#8211; ggfs. in mehreren L\u00e4ndern &#8211; stellen wir bei Bedarf gegen Geb\u00fchr unser interaktives englischsprachiges Onlinetool Abelica Account zur Verf\u00fcgung. Mit diesem Tool k\u00f6nnen die Prozesse f\u00fcr die Bewertung nach IAS 19, FRS 17 und US-GAAP (ASC 715-20) zentral koordiniert und die Ergebnisse \u00fcbersichtlich konsolidiert werden. Unterschiedliche W\u00e4hrungen werden automatisch in die Konzernberichtsw\u00e4hrung umgerechnet. S\u00e4mtliche Versorgungspl\u00e4ne und die dazugeh\u00f6rigen Berechtigungen werden von uns &#8211; nach R\u00fccksprache mit Ihnen &#8211; in unserem Onlinetool angelegt. Die Dateneingabe erfolgt lokal \u00fcber eine verschl\u00fcsselte Internetverbindung. Um eine optimale Anwenderfreundlichkeit zu gew\u00e4hrleisten, enth\u00e4lt das Tool Hilfefunktionen und Validierungen. Es k\u00f6nnen individuelle Lese- und Schreiberechte vergeben werden. Zus\u00e4tzlich zur Dateneingabe k\u00f6nnen vom Anwender auch Kommentare (z.B. Erl\u00e4uterungen zur Herleitung der Parameter) hinzugef\u00fcgt werden. Sie k\u00f6nnen den Fortschritt des Projekts jederzeit \u00fcberpr\u00fcfen und nach erfolgter Freigabe der Ergebnisse durch uns als Gruppenaktuar ein- oder mehrj\u00e4hrige Berichte (Bilanzanh\u00e4nge) im Excel- und pdf-Format erstellen. Benachrichtigungen zu den einzelnen Projektschritten k\u00f6nnen an die jeweils Beteiligten direkt durch das Tool per E-Mail erfolgen. Durch die Verwendung von Abelica Account k\u00f6nnen Ihre Prozesse bei der Konsolidierung von Personalr\u00fcckstellungen f\u00fcr die Bilanzierung effizienter gestaltet werden.<\/p>\n","protected":false},"author":1,"featured_media":0,"parent":0,"menu_order":0,"comment_status":"closed","ping_status":"closed","template":"","meta":{"_et_pb_use_builder":"on","_et_pb_old_content":"","_et_gb_content_width":"","footnotes":""},"class_list":["post-351","page","type-page","status-publish","hentry"],"_links":{"self":[{"href":"https:\/\/old.aktuar-group.at\/vm\/wp-json\/wp\/v2\/pages\/351","targetHints":{"allow":["GET"]}}],"collection":[{"href":"https:\/\/old.aktuar-group.at\/vm\/wp-json\/wp\/v2\/pages"}],"about":[{"href":"https:\/\/old.aktuar-group.at\/vm\/wp-json\/wp\/v2\/types\/page"}],"author":[{"embeddable":true,"href":"https:\/\/old.aktuar-group.at\/vm\/wp-json\/wp\/v2\/users\/1"}],"replies":[{"embeddable":true,"href":"https:\/\/old.aktuar-group.at\/vm\/wp-json\/wp\/v2\/comments?post=351"}],"version-history":[{"count":0,"href":"https:\/\/old.aktuar-group.at\/vm\/wp-json\/wp\/v2\/pages\/351\/revisions"}],"wp:attachment":[{"href":"https:\/\/old.aktuar-group.at\/vm\/wp-json\/wp\/v2\/media?parent=351"}],"curies":[{"name":"wp","href":"https:\/\/api.w.org\/{rel}","templated":true}]}}