{"id":324,"date":"2021-08-29T15:38:51","date_gmt":"2021-08-29T13:38:51","guid":{"rendered":"https:\/\/aktuar.cc\/vm\/?page_id=324"},"modified":"2021-09-20T06:47:48","modified_gmt":"2021-09-20T04:47:48","slug":"globales-aktuariat","status":"publish","type":"page","link":"https:\/\/old.aktuar-group.at\/vm\/globales-aktuariat\/","title":{"rendered":"Globales Aktuariat"},"content":{"rendered":"<p>[et_pb_section fb_built=&#8220;1&#8243; _builder_version=&#8220;4.10.5&#8243; _module_preset=&#8220;default&#8220; background_image=&#8220;https:\/\/old.aktuar-group.at\/vm\/wp-content\/uploads\/sites\/2\/2021\/08\/Globales-Aktuariat-Fotolia_89378614_XL-af6d944a.jpeg&#8220; parallax=&#8220;on&#8220; parallax_method=&#8220;off&#8220; height=&#8220;100vh&#8220; custom_margin=&#8220;0px|0px|0px|0px|true|true&#8220; custom_padding=&#8220;0px|0px|0px|0px|true|true&#8220; global_colors_info=&#8220;{}&#8220;][et_pb_row column_structure=&#8220;1_4,3_4&#8243; make_equal=&#8220;on&#8220; _builder_version=&#8220;4.10.6&#8243; _module_preset=&#8220;default&#8220; background_color=&#8220;rgba(0,157,224,0.9)&#8220; background_color_gradient_direction=&#8220;135deg&#8220; positioning=&#8220;absolute&#8220; position_origin_a=&#8220;center_center&#8220; width=&#8220;100%&#8220; width_tablet=&#8220;100vw&#8220; width_phone=&#8220;100vw&#8220; width_last_edited=&#8220;on|tablet&#8220; max_width=&#8220;100vw&#8220; custom_margin=&#8220;0px|0px|0px|0px|true|true&#8220; custom_padding=&#8220;|24px||24px|true|true&#8220; animation_style=&#8220;fade&#8220; animation_duration=&#8220;1500ms&#8220; global_colors_info=&#8220;{}&#8220;][et_pb_column type=&#8220;1_4&#8243; _builder_version=&#8220;4.10.3&#8243; _module_preset=&#8220;default&#8220; global_colors_info=&#8220;{}&#8220;][et_pb_image src=&#8220;https:\/\/old.aktuar-group.at\/vm\/wp-content\/uploads\/sites\/2\/2021\/08\/AKTUAR_Logo_Favicon_Weiss.svg&#8220; alt=&#8220;AKTUAR_Logo_Favicon_Wei\u00df&#8220; title_text=&#8220;AKTUAR_Logo_Favicon_Wei\u00df&#8220; _builder_version=&#8220;4.10.6&#8243; _module_preset=&#8220;default&#8220; positioning=&#8220;absolute&#8220; position_origin_a=&#8220;center_center&#8220; position_origin_a_tablet=&#8220;&#8220; position_origin_a_phone=&#8220;&#8220; position_origin_a_last_edited=&#8220;on|desktop&#8220; position_origin_f_tablet=&#8220;&#8220; position_origin_f_phone=&#8220;&#8220; position_origin_f_last_edited=&#8220;on|desktop&#8220; position_origin_r_tablet=&#8220;&#8220; position_origin_r_phone=&#8220;&#8220; position_origin_r_last_edited=&#8220;on|desktop&#8220; width=&#8220;50%&#8220; max_width_tablet=&#8220;150px&#8220; max_width_phone=&#8220;100px&#8220; max_width_last_edited=&#8220;on|phone&#8220; custom_margin_tablet=&#8220;&#8220; custom_margin_phone=&#8220;0px||0px||false|false&#8220; custom_margin_last_edited=&#8220;on|phone&#8220; custom_padding=&#8220;0px||0px||true|false&#8220; positioning_tablet=&#8220;none&#8220; positioning_phone=&#8220;&#8220; positioning_last_edited=&#8220;on|phone&#8220; global_colors_info=&#8220;{}&#8220;][\/et_pb_image][\/et_pb_column][et_pb_column type=&#8220;3_4&#8243; _builder_version=&#8220;4.10.3&#8243; _module_preset=&#8220;default&#8220; global_colors_info=&#8220;{}&#8220;][et_pb_text content_last_edited=&#8220;off|desktop&#8220; module_class=&#8220;span-h1-white&#8220; _builder_version=&#8220;4.10.6&#8243; _module_preset=&#8220;default&#8220; text_font=&#8220;|700|||||||&#8220; text_text_color=&#8220;#FFFFFF&#8220; text_font_size=&#8220;20px&#8220; text_line_height=&#8220;1em&#8220; header_font=&#8220;|700|||||||&#8220; header_text_color=&#8220;#FFFFFF&#8220; header_font_size=&#8220;50px&#8220; header_2_font=&#8220;|700|||||||&#8220; header_2_font_size=&#8220;42px&#8220; header_3_font=&#8220;|700|||||||&#8220; header_3_text_color=&#8220;#009DE0&#8243; positioning=&#8220;relative&#8220; position_origin_a=&#8220;center_left&#8220; width=&#8220;100%&#8220; custom_padding=&#8220;48px||48px||true|false&#8220; custom_padding_tablet=&#8220;&#8220; custom_padding_phone=&#8220;0px||24px||false|false&#8220; custom_padding_last_edited=&#8220;on|tablet&#8220; animation_direction=&#8220;left&#8220; text_font_size_tablet=&#8220;&#8220; text_font_size_phone=&#8220;16px&#8220; text_font_size_last_edited=&#8220;on|phone&#8220; header_font_size_tablet=&#8220;40px&#8220; header_font_size_phone=&#8220;32px&#8220; header_font_size_last_edited=&#8220;on|phone&#8220; header_2_font_size_tablet=&#8220;32px&#8220; header_2_font_size_phone=&#8220;24px&#8220; header_2_font_size_last_edited=&#8220;on|phone&#8220; header_3_font_size_tablet=&#8220;&#8220; header_3_font_size_phone=&#8220;20px&#8220; header_3_font_size_last_edited=&#8220;on|phone&#8220; text_orientation_tablet=&#8220;center&#8220; text_orientation_phone=&#8220;&#8220; text_orientation_last_edited=&#8220;on|phone&#8220; text_text_shadow_style=&#8220;preset1&#8243; header_text_shadow_style=&#8220;preset1&#8243; global_colors_info=&#8220;{}&#8220;]<\/p>\n<h1>GLOBALES AKTUARIAT<\/h1>\n<p>NUTZEN SIE DEN VORTEIL EINER GLOBALEN BETRACHTUNG<\/p>\n<p>[\/et_pb_text][\/et_pb_column][\/et_pb_row][\/et_pb_section][et_pb_section fb_built=&#8220;1&#8243; _builder_version=&#8220;4.10.5&#8243; _module_preset=&#8220;default&#8220; background_color=&#8220;#F5F5F5&#8243; custom_margin=&#8220;0px||0px||true|false&#8220; custom_padding=&#8220;15vh||15vh||true|false&#8220; global_colors_info=&#8220;{}&#8220;][et_pb_row _builder_version=&#8220;4.10.6&#8243; _module_preset=&#8220;default&#8220; width=&#8220;90%&#8220; max_width=&#8220;90vw&#8220; custom_margin=&#8220;||5vh||false|false&#8220; animation_style=&#8220;zoom&#8220; animation_direction=&#8220;left&#8220; animation_duration=&#8220;1500ms&#8220; global_colors_info=&#8220;{}&#8220;][et_pb_column type=&#8220;4_4&#8243; _builder_version=&#8220;4.10.5&#8243; _module_preset=&#8220;default&#8220; global_colors_info=&#8220;{}&#8220;][et_pb_text module_class=&#8220;span-font-brand&#8220; _builder_version=&#8220;4.10.5&#8243; _module_preset=&#8220;default&#8220; header_2_font=&#8220;|700|||||||&#8220; custom_padding=&#8220;||||false|false&#8220; animation_style=&#8220;zoom&#8220; animation_direction=&#8220;left&#8220; global_colors_info=&#8220;{}&#8220;]<\/p>\n<h2>GLOBALES<br \/>\n<span>AKTUARIAT<\/span><\/h2>\n<p>[\/et_pb_text][\/et_pb_column][\/et_pb_row][et_pb_row _builder_version=&#8220;4.10.6&#8243; _module_preset=&#8220;default&#8220; animation_style=&#8220;zoom&#8220; animation_duration=&#8220;1500ms&#8220; global_colors_info=&#8220;{}&#8220;][et_pb_column type=&#8220;4_4&#8243; _builder_version=&#8220;4.10.5&#8243; _module_preset=&#8220;default&#8220; global_colors_info=&#8220;{}&#8220;][et_pb_text ul_type=&#8220;square&#8220; content_last_edited=&#8220;off|desktop&#8220; module_class=&#8220;textbox&#8220; _builder_version=&#8220;4.10.7&#8243; _module_preset=&#8220;default&#8220; text_font=&#8220;|300|||||||&#8220; text_line_height=&#8220;1.4em&#8220; ul_font=&#8220;|300|||||||&#8220; ul_line_height=&#8220;1.2em&#8220; header_2_text_color=&#8220;#242424&#8243; header_3_font=&#8220;|700|||||||&#8220; width=&#8220;100%&#8220; module_alignment=&#8220;center&#8220; custom_padding=&#8220;||||false|false&#8220; custom_padding_tablet=&#8220;|48px|48px|48px|false|true&#8220; custom_padding_phone=&#8220;|24px|24px|24px|false|true&#8220; custom_padding_last_edited=&#8220;on|phone&#8220; hover_enabled=&#8220;0&#8243; global_colors_info=&#8220;{}&#8220; sticky_enabled=&#8220;0&#8243;]<\/p>\n<p>Als Mitglied von Abelica Global (<a href=\"https:\/\/www.abelicaglobal.com\" target=\"_blank\" rel=\"noopener\"><strong>www.abelicaglobal.com<\/strong><\/a>), einem internationalen Netzwerk von Aktuaren und Beratern, bieten wir Ihnen eine gro\u00dfe Auswahl an Dienstleistungen.<\/p>\n<p>Gerne \u00fcbernehmen wir als Gruppenaktuar die <strong>zentrale Abwicklung<\/strong> und Konsolidierung der Bewertung Ihrer Personalverpflichtungen (v.a. Abfertigung, Jubil\u00e4umsgeld und Pension) nach IFRS oder US-GAAP. Dies beinhaltet die <strong>Termin\u00fcberwachung und Kommunikation<\/strong> mit den lokalen Aktuaren und den Verantwortlichen Ihrer Tochtergesellschaften. Die Bewertungsergebnisse der lokalen Aktuare werden von uns auf Plausibilit\u00e4t und <strong>Konformit\u00e4t mit den Rechnungslegungsvorschriften<\/strong> des IFRS bzw. US-GAAP sowie nach unternehmensinternen Vorgaben gepr\u00fcft.<\/p>\n<p>Bei Bedarf erhalten Sie von uns eine Best\u00e4tigung der zuverl\u00e4ssigen und professionellen Ausf\u00fchrung der an uns ausgelagerten T\u00e4tigkeiten im Sinne des IKS.<\/p>\n<p>Durch die Verwendung von <a href=\"https:\/\/old.aktuar-group.at\/vm\/abelica-account\/\"><strong>Abelica Account<\/strong><\/a> k\u00f6nnen Ihre Prozesse bei der Konsolidierung von Personalr\u00fcckstellungen f\u00fcr die Bilanzierung effizienter gestaltet werden. Unser Onlinetool ist einfach zu bedienen, bietet eine sehr hohe Datensicherheit, erm\u00f6glicht individuelle Zugriffsrechte, eine laufende Kontrolle des Projektstatus, und vor allem eine einheitliche Darstellung von unterschiedlichen, internationalen Leistungspl\u00e4nen nach IAS 19 (IFRS), FRS 17 oder US-GAAP (ASC 715-20).<\/p>\n<p>F\u00fcr die Erhebung der zu bewertenden Personalverpflichtungen (Versorgungspl\u00e4ne) f\u00fchren wir bei Bedarf gemeinsam mit unseren Partnern von Abelica Global ein <strong>weltweites Benefit Audit<\/strong> durch. Der Vorteil liegt in einer detaillierten Analyse Ihrer Personalverpflichtungen und zugeh\u00f6riger Verm\u00f6genswerte mit anschlie\u00dfender konkreter Darstellung der potentiellen Risiken. Selbstverst\u00e4ndlich unterst\u00fctzen wir Sie gerne bei der Absicherung oder Auslagerung solcher Risiken.<\/p>\n<p>Wir helfen Ihnen bei Firmenzusammenschl\u00fcssen und Akquisitionen (M&amp;A) im <strong>Due Diligence<\/strong> Prozess, in dem wir die Personalverpflichtungen f\u00fcr Sie (als potentieller Investor) pr\u00fcfen und analysieren. Dies beinhaltet eine schnelle, jedoch sorgf\u00e4ltige Begutachtung der Leistungszusagen, der ver\u00f6ffentlichten Bilanzwerte, der verwendeten Parameter und eine Hochrechnung der k\u00fcnftigen Personalr\u00fcckstellungen und des Planverm\u00f6gens.<\/p>\n<p>Generell entsteht durch Unternehmensk\u00e4ufe bzw. Zusammenschl\u00fcsse ein inhomogenes B\u00fcndel an Pensionspl\u00e4nen. Gemeinsam vereinheitlichen wir die Pl\u00e4ne unter Ber\u00fccksichtigung lokaler Normen und entwickeln auf Basis Ihrer Compliance-Richtlinien ein <strong>globales Benefit Management<\/strong>. Hierbei ist das Abelica Global Netzwerk ein Garant f\u00fcr die zeitgerechte und effiziente Umsetzung der l\u00e4nder\u00fcbergreifenden Beratungsleistungen.<\/p>\n<p>Profitieren Sie von unserer <strong>langj\u00e4hrigen Erfahrung in der Abwicklung multinationaler Projekte<\/strong> mit Abelica Global. Gerne nennen wir Ihnen <strong>Referenzprojekte<\/strong>, die bereits erfolgreich umgesetzt wurden.<\/p>\n<p>[\/et_pb_text][\/et_pb_column][\/et_pb_row][\/et_pb_section]<\/p>\n","protected":false},"excerpt":{"rendered":"<p>GLOBALES AKTUARIAT NUTZEN SIE DEN VORTEIL EINER GLOBALEN BETRACHTUNGGLOBALES AKTUARIATAls Mitglied von Abelica Global (www.abelicaglobal.com), einem internationalen Netzwerk von Aktuaren und Beratern, bieten wir Ihnen eine gro\u00dfe Auswahl an Dienstleistungen. Gerne \u00fcbernehmen wir als Gruppenaktuar die zentrale Abwicklung und Konsolidierung der Bewertung Ihrer Personalverpflichtungen (v.a. Abfertigung, Jubil\u00e4umsgeld und Pension) nach IFRS oder US-GAAP. Dies beinhaltet die Termin\u00fcberwachung und Kommunikation mit den lokalen Aktuaren und den Verantwortlichen Ihrer Tochtergesellschaften. Die Bewertungsergebnisse der lokalen Aktuare werden von uns auf Plausibilit\u00e4t und Konformit\u00e4t mit den Rechnungslegungsvorschriften des IFRS bzw. US-GAAP sowie nach unternehmensinternen Vorgaben gepr\u00fcft. Bei Bedarf erhalten Sie von uns eine Best\u00e4tigung der zuverl\u00e4ssigen und professionellen Ausf\u00fchrung der an uns ausgelagerten T\u00e4tigkeiten im Sinne des IKS. Durch die Verwendung von Abelica Account k\u00f6nnen Ihre Prozesse bei der Konsolidierung von Personalr\u00fcckstellungen f\u00fcr die Bilanzierung effizienter gestaltet werden. Unser Onlinetool ist einfach zu bedienen, bietet eine sehr hohe Datensicherheit, erm\u00f6glicht individuelle Zugriffsrechte, eine laufende Kontrolle des Projektstatus, und vor allem eine einheitliche Darstellung von unterschiedlichen, internationalen Leistungspl\u00e4nen nach IAS 19 (IFRS), FRS 17 oder US-GAAP (ASC 715-20). F\u00fcr die Erhebung der zu bewertenden Personalverpflichtungen (Versorgungspl\u00e4ne) f\u00fchren wir bei Bedarf gemeinsam mit unseren Partnern von Abelica Global ein weltweites Benefit Audit durch. Der Vorteil liegt [&hellip;]<\/p>\n","protected":false},"author":1,"featured_media":0,"parent":0,"menu_order":0,"comment_status":"closed","ping_status":"closed","template":"","meta":{"_et_pb_use_builder":"on","_et_pb_old_content":"","_et_gb_content_width":"","footnotes":""},"class_list":["post-324","page","type-page","status-publish","hentry"],"_links":{"self":[{"href":"https:\/\/old.aktuar-group.at\/vm\/wp-json\/wp\/v2\/pages\/324","targetHints":{"allow":["GET"]}}],"collection":[{"href":"https:\/\/old.aktuar-group.at\/vm\/wp-json\/wp\/v2\/pages"}],"about":[{"href":"https:\/\/old.aktuar-group.at\/vm\/wp-json\/wp\/v2\/types\/page"}],"author":[{"embeddable":true,"href":"https:\/\/old.aktuar-group.at\/vm\/wp-json\/wp\/v2\/users\/1"}],"replies":[{"embeddable":true,"href":"https:\/\/old.aktuar-group.at\/vm\/wp-json\/wp\/v2\/comments?post=324"}],"version-history":[{"count":0,"href":"https:\/\/old.aktuar-group.at\/vm\/wp-json\/wp\/v2\/pages\/324\/revisions"}],"wp:attachment":[{"href":"https:\/\/old.aktuar-group.at\/vm\/wp-json\/wp\/v2\/media?parent=324"}],"curies":[{"name":"wp","href":"https:\/\/api.w.org\/{rel}","templated":true}]}}