{"id":10519,"date":"2021-09-13T15:18:04","date_gmt":"2021-09-13T13:18:04","guid":{"rendered":"https:\/\/aktuar.cc\/vm\/?page_id=10519"},"modified":"2021-09-13T15:21:11","modified_gmt":"2021-09-13T13:21:11","slug":"nutzungsbedingungen-aktuar-publikationen-aktuar-newsletter","status":"publish","type":"page","link":"https:\/\/old.aktuar-group.at\/vm\/nutzungsbedingungen-aktuar-publikationen-aktuar-newsletter\/","title":{"rendered":"Nutzungsbedingungen"},"content":{"rendered":"<p>[et_pb_section fb_built=&#8220;1&#8243; _builder_version=&#8220;4.10.5&#8243; _module_preset=&#8220;default&#8220; background_color=&#8220;#FFFFFF&#8220; custom_margin=&#8220;0px||0px||true|false&#8220; custom_padding=&#8220;15vh||15vh||true|false&#8220; global_colors_info=&#8220;{}&#8220;][et_pb_row _builder_version=&#8220;4.10.5&#8243; _module_preset=&#8220;default&#8220; width=&#8220;90%&#8220; max_width=&#8220;90vw&#8220; custom_margin=&#8220;||5vh||false|false&#8220; global_colors_info=&#8220;{}&#8220;][et_pb_column type=&#8220;4_4&#8243; _builder_version=&#8220;4.10.5&#8243; _module_preset=&#8220;default&#8220; global_colors_info=&#8220;{}&#8220;][et_pb_text module_class=&#8220;span-font-brand&#8220; _builder_version=&#8220;4.10.6&#8243; _module_preset=&#8220;default&#8220; text_font=&#8220;|600|||||||&#8220; text_text_color=&#8220;#98A0AB&#8220; header_font=&#8220;|700|||||||&#8220; header_font_size=&#8220;56px&#8220; header_2_font=&#8220;|700|||||||&#8220; header_2_font_size=&#8220;42px&#8220; custom_padding=&#8220;||||false|false&#8220; animation_style=&#8220;zoom&#8220; animation_direction=&#8220;left&#8220; header_font_size_tablet=&#8220;48px&#8220; header_font_size_phone=&#8220;32px&#8220; header_font_size_last_edited=&#8220;on|desktop&#8220; header_2_font_size_tablet=&#8220;32px&#8220; header_2_font_size_phone=&#8220;24px&#8220; header_2_font_size_last_edited=&#8220;on|phone&#8220; global_colors_info=&#8220;{}&#8220;]<\/p>\n<h1>AKTUAR<br \/>\n<span>NUTZUNGSBEDINGUNGEN F\u00dcR PUBLIKATIONEN<br \/>\n\/ NEWSLETTERNUTZUNGSBEDINGUNGEN<br \/>\n<\/h1>\n<p>[\/et_pb_text][\/et_pb_column][\/et_pb_row][et_pb_row _builder_version=&#8220;4.10.5&#8243; _module_preset=&#8220;default&#8220; width=&#8220;90%&#8220; max_width=&#8220;1280px&#8220; custom_margin=&#8220;||5vh||false|false&#8220; custom_padding=&#8220;||||false|false&#8220; animation_style=&#8220;fade&#8220; animation_duration=&#8220;1500ms&#8220; global_colors_info=&#8220;{}&#8220;][et_pb_column type=&#8220;4_4&#8243; _builder_version=&#8220;4.10.5&#8243; _module_preset=&#8220;default&#8220; global_colors_info=&#8220;{}&#8220;][et_pb_text content_last_edited=&#8220;off|desktop&#8220; module_class=&#8220;span-font-brand&#8220; _builder_version=&#8220;4.10.6&#8243; _module_preset=&#8220;default&#8220; text_font=&#8220;|300|||||||&#8220; text_text_color=&#8220;#242424&#8243; text_line_height=&#8220;1.4em&#8220; header_font=&#8220;|700|||||||&#8220; header_font_size=&#8220;56px&#8220; header_2_font=&#8220;|700|||||||&#8220; header_2_font_size=&#8220;42px&#8220; header_3_font=&#8220;|700|||||||&#8220; header_3_text_color=&#8220;#009DE0&#8243; custom_padding=&#8220;||||false|false&#8220; animation_style=&#8220;zoom&#8220; animation_direction=&#8220;left&#8220; hover_enabled=&#8220;0&#8243; text_font_size_tablet=&#8220;&#8220; text_font_size_phone=&#8220;16px&#8220; text_font_size_last_edited=&#8220;on|phone&#8220; header_font_size_tablet=&#8220;48px&#8220; header_font_size_phone=&#8220;32px&#8220; header_font_size_last_edited=&#8220;on|desktop&#8220; header_2_font_size_tablet=&#8220;32px&#8220; header_2_font_size_phone=&#8220;24px&#8220; header_2_font_size_last_edited=&#8220;on|phone&#8220; header_3_font_size_tablet=&#8220;&#8220; header_3_font_size_phone=&#8220;20px&#8220; header_3_font_size_last_edited=&#8220;on|phone&#8220; global_colors_info=&#8220;{}&#8220; sticky_enabled=&#8220;0&#8243;]<\/p>\n<p>Die Nutzung des gemeinsamen Newsletters der AKTUAR Versicherungsmathematik GmbH und der AKTUAR Betriebliche Vorsorge GmbH (kurz: AKTUAR) oder anderer AKTUAR Publikationen unterliegt den folgenden Bedingungen (\u201eBedingungen\u201c). Sofern der Nutzer der Anwendung der Bedingungen nicht bereits anderweitig ausdr\u00fccklich zugestimmt hat, unterwirft er sich diesen durch Benutzung des Newsletters oder einer anderen AKTUAR Publikation. Ohne Unterwerfung unter die Bedingungen ist dem Nutzer die weitere Nutzung des Newsletters oder einer anderen AKTUAR Publikation ausdr\u00fccklich untersagt.<\/p>\n<p>Der Newsletter oder eine andere AKTUAR Publikation wird dem Nutzer von AKTUAR zur eigenen Information zur Verf\u00fcgung gestellt. Aufgrund der gebotenen Knappheit der Meldungen kann der Newsletter oder eine andere AKTUAR Publikation keine Beratung im Einzelfall ersetzen. Zudem ist im konkreten Fall eine Nachkontrolle der Aktualit\u00e4t der Information notwendig. AKTUAR kann die Vollst\u00e4ndigkeit, Richtigkeit und Aktualit\u00e4t der im Newsletter oder in einer anderen AKTUAR Publikation enthaltenen Informationen und Angaben nicht garantieren und \u00fcbernimmt daf\u00fcr keine Haftung.<\/p>\n<p>AKTUAR hat keinen Einfluss auf den Inhalt und Gestaltung von gegebenenfalls verlinkten Internetangeboten und macht sich dessen Inhalt nicht zu eigen. AKTUAR \u00fcbernimmt keine Haftung f\u00fcr die Richtigkeit, Vollst\u00e4ndigkeit und Aktualit\u00e4t der verlinkten Internetinhalte.<\/p>\n<p>Die im Newsletter oder in einer anderen AKTUAR Publikation enthaltenen Elemente wie zB Texte, Bilder, Grafiken und Video-Dateien unterliegen dem Urheberschutz und dem Schutz des geistigen Eigentums. Diese Elemente d\u00fcrfen nicht ohne ausdr\u00fcckliche schriftliche Zustimmung von AKTUAR an Dritte weitergegeben, vervielf\u00e4ltigt oder anderw\u00e4rtig bearbeitet oder verarbeitet werden.<\/p>\n<p>S\u00e4mtliche im Zusammenhang mit der Nutzung des Newsletters oder einer anderen AKTUAR Publikation entstehende Rechtsstreitigkeiten unterliegen ausschlie\u00dflich \u00f6sterreichischem materiellen Recht. Als Gerichtsstand f\u00fcr alle sich mittelbar oder unmittelbar aus der Nutzung des Newsletters oder einer anderen AKTUAR Publikation ergebenden Streitigkeiten wird ausschlie\u00dflich das f\u00fcr 1010 Wien \u00f6rtlich und sachlich zust\u00e4ndige \u00f6sterreichische Gericht vereinbart. F\u00fcr Konsumenten im Sinne des KSchG gilt diese Vereinbarung nur, sofern sie weder einen Wohnsitz oder einen gew\u00f6hnlichen Aufenthalt in \u00d6sterreich haben und auch nicht im Inland besch\u00e4ftigt sind.<\/p>\n<p>Bei Benutzung des Newsletters werden f\u00fcr statistische Zwecke allgemeine Daten und Informationen erhoben (Zugriffszahlen, Downloadzahlen bestimmter Dokumente, Herkunftsland des Nutzers). Die aus diesen Daten gewonnenen Statistiken dienen dazu, den Newsletter entsprechend den Bed\u00fcrfnissen der Nutzer besser gestalten zu k\u00f6nnen. Pers\u00f6nliche Daten des Nutzers werden in diesem Zusammenhang nicht erhoben und k\u00f6nnen auch nicht aus den Statistiken abgeleitet werden. AKTUAR ist berechtigt, die Statistiken auch an Dritte weiter zu geben.<\/p>\n<p><strong>Weitere Informationen finden Sie in der <a href=\"..\/datenschutzerklaerung\">AKTUAR Datenschutzerkl\u00e4rung<\/a>.<\/strong><\/p>\n<p>[\/et_pb_text][\/et_pb_column][\/et_pb_row][\/et_pb_section]<\/p>\n","protected":false},"excerpt":{"rendered":"<p>AKTUAR NUTZUNGSBEDINGUNGEN F\u00dcR PUBLIKATIONEN \/ NEWSLETTERNUTZUNGSBEDINGUNGEN Die Nutzung des gemeinsamen Newsletters der AKTUAR Versicherungsmathematik GmbH und der AKTUAR Betriebliche Vorsorge GmbH (kurz: AKTUAR) oder anderer AKTUAR Publikationen unterliegt den folgenden Bedingungen (\u201eBedingungen\u201c). Sofern der Nutzer der Anwendung der Bedingungen nicht bereits anderweitig ausdr\u00fccklich zugestimmt hat, unterwirft er sich diesen durch Benutzung des Newsletters oder einer anderen AKTUAR Publikation. Ohne Unterwerfung unter die Bedingungen ist dem Nutzer die weitere Nutzung des Newsletters oder einer anderen AKTUAR Publikation ausdr\u00fccklich untersagt. Der Newsletter oder eine andere AKTUAR Publikation wird dem Nutzer von AKTUAR zur eigenen Information zur Verf\u00fcgung gestellt. Aufgrund der gebotenen Knappheit der Meldungen kann der Newsletter oder eine andere AKTUAR Publikation keine Beratung im Einzelfall ersetzen. Zudem ist im konkreten Fall eine Nachkontrolle der Aktualit\u00e4t der Information notwendig. AKTUAR kann die Vollst\u00e4ndigkeit, Richtigkeit und Aktualit\u00e4t der im Newsletter oder in einer anderen AKTUAR Publikation enthaltenen Informationen und Angaben nicht garantieren und \u00fcbernimmt daf\u00fcr keine Haftung. AKTUAR hat keinen Einfluss auf den Inhalt und Gestaltung von gegebenenfalls verlinkten Internetangeboten und macht sich dessen Inhalt nicht zu eigen. AKTUAR \u00fcbernimmt keine Haftung f\u00fcr die Richtigkeit, Vollst\u00e4ndigkeit und Aktualit\u00e4t der verlinkten Internetinhalte. Die im Newsletter oder in einer anderen AKTUAR Publikation enthaltenen Elemente wie [&hellip;]<\/p>\n","protected":false},"author":1,"featured_media":0,"parent":0,"menu_order":0,"comment_status":"closed","ping_status":"closed","template":"","meta":{"_et_pb_use_builder":"on","_et_pb_old_content":"","_et_gb_content_width":"","footnotes":""},"class_list":["post-10519","page","type-page","status-publish","hentry"],"_links":{"self":[{"href":"https:\/\/old.aktuar-group.at\/vm\/wp-json\/wp\/v2\/pages\/10519","targetHints":{"allow":["GET"]}}],"collection":[{"href":"https:\/\/old.aktuar-group.at\/vm\/wp-json\/wp\/v2\/pages"}],"about":[{"href":"https:\/\/old.aktuar-group.at\/vm\/wp-json\/wp\/v2\/types\/page"}],"author":[{"embeddable":true,"href":"https:\/\/old.aktuar-group.at\/vm\/wp-json\/wp\/v2\/users\/1"}],"replies":[{"embeddable":true,"href":"https:\/\/old.aktuar-group.at\/vm\/wp-json\/wp\/v2\/comments?post=10519"}],"version-history":[{"count":0,"href":"https:\/\/old.aktuar-group.at\/vm\/wp-json\/wp\/v2\/pages\/10519\/revisions"}],"wp:attachment":[{"href":"https:\/\/old.aktuar-group.at\/vm\/wp-json\/wp\/v2\/media?parent=10519"}],"curies":[{"name":"wp","href":"https:\/\/api.w.org\/{rel}","templated":true}]}}