{"id":10506,"date":"2021-09-13T14:56:31","date_gmt":"2021-09-13T12:56:31","guid":{"rendered":"https:\/\/aktuar.cc\/vm\/?page_id=10506"},"modified":"2022-08-27T17:21:11","modified_gmt":"2022-08-27T15:21:11","slug":"datenschutzerklaerung","status":"publish","type":"page","link":"https:\/\/old.aktuar-group.at\/vm\/datenschutzerklaerung\/","title":{"rendered":"Datenschutzerkl\u00e4rung"},"content":{"rendered":"<p>[et_pb_section fb_built=&#8220;1&#8243; _builder_version=&#8220;4.16&#8243; _module_preset=&#8220;default&#8220; background_color=&#8220;#FFFFFF&#8220; custom_margin=&#8220;0px||0px||true|false&#8220; custom_padding=&#8220;15vh||15vh||true|false&#8220; global_colors_info=&#8220;{}&#8220;][et_pb_row _builder_version=&#8220;4.16&#8243; _module_preset=&#8220;default&#8220; width=&#8220;90%&#8220; max_width=&#8220;90vw&#8220; custom_margin=&#8220;||5vh||false|false&#8220; global_colors_info=&#8220;{}&#8220;][et_pb_column type=&#8220;4_4&#8243; _builder_version=&#8220;4.16&#8243; _module_preset=&#8220;default&#8220; global_colors_info=&#8220;{}&#8220;][et_pb_text module_class=&#8220;span-font-brand&#8220; _builder_version=&#8220;4.16&#8243; _module_preset=&#8220;default&#8220; text_font=&#8220;|600|||||||&#8220; text_text_color=&#8220;#98A0AB&#8220; header_font=&#8220;|700|||||||&#8220; header_font_size=&#8220;56px&#8220; header_2_font=&#8220;|700|||||||&#8220; header_2_font_size=&#8220;42px&#8220; custom_padding=&#8220;||||false|false&#8220; animation_style=&#8220;zoom&#8220; animation_direction=&#8220;left&#8220; header_font_size_tablet=&#8220;48px&#8220; header_font_size_phone=&#8220;32px&#8220; header_font_size_last_edited=&#8220;on|desktop&#8220; header_2_font_size_tablet=&#8220;32px&#8220; header_2_font_size_phone=&#8220;24px&#8220; header_2_font_size_last_edited=&#8220;on|phone&#8220; global_colors_info=&#8220;{}&#8220;]<\/p>\n<h1>AKTUAR<br \/>\n<span>DATENSCHUTZERKL\u00c4RUNG<\/span><\/h1>\n<p>[\/et_pb_text][\/et_pb_column][\/et_pb_row][et_pb_row _builder_version=&#8220;4.16&#8243; _module_preset=&#8220;default&#8220; width=&#8220;90%&#8220; max_width=&#8220;1280px&#8220; custom_margin=&#8220;||5vh||false|false&#8220; custom_padding=&#8220;||||false|false&#8220; animation_style=&#8220;fade&#8220; animation_duration=&#8220;1500ms&#8220; global_colors_info=&#8220;{}&#8220;][et_pb_column type=&#8220;4_4&#8243; _builder_version=&#8220;4.16&#8243; _module_preset=&#8220;default&#8220; global_colors_info=&#8220;{}&#8220;][et_pb_text content_last_edited=&#8220;off|desktop&#8220; module_class=&#8220;span-font-brand&#8220; _builder_version=&#8220;4.16&#8243; _module_preset=&#8220;default&#8220; text_font=&#8220;|300|||||||&#8220; text_text_color=&#8220;#242424&#8243; text_line_height=&#8220;1.4em&#8220; header_font=&#8220;|700|||||||&#8220; header_font_size=&#8220;56px&#8220; header_2_font=&#8220;|700|||||||&#8220; header_2_font_size=&#8220;42px&#8220; header_3_font=&#8220;|700|||||||&#8220; header_3_text_color=&#8220;#009DE0&#8243; custom_padding=&#8220;||||false|false&#8220; animation_style=&#8220;zoom&#8220; animation_direction=&#8220;left&#8220; text_font_size_tablet=&#8220;&#8220; text_font_size_phone=&#8220;16px&#8220; text_font_size_last_edited=&#8220;on|phone&#8220; header_font_size_tablet=&#8220;48px&#8220; header_font_size_phone=&#8220;32px&#8220; header_font_size_last_edited=&#8220;on|desktop&#8220; header_2_font_size_tablet=&#8220;32px&#8220; header_2_font_size_phone=&#8220;24px&#8220; header_2_font_size_last_edited=&#8220;on|phone&#8220; header_3_font_size_tablet=&#8220;&#8220; header_3_font_size_phone=&#8220;20px&#8220; header_3_font_size_last_edited=&#8220;on|phone&#8220; global_colors_info=&#8220;{}&#8220;]Der Schutz Ihrer pers\u00f6nlichen Daten ist uns ein besonderes Anliegen. Wir verarbeiten Ihre Daten daher ausschlie\u00dflich auf Grundlage der gesetzlichen Bestimmungen (DSGVO, TKG 2003). In diesen Datenschutzinformationen informieren wir Sie \u00fcber die wichtigsten Aspekte der Datenverarbeitung im Rahmen unserer Website.[\/et_pb_text][\/et_pb_column][\/et_pb_row][et_pb_row _builder_version=&#8220;4.16&#8243; _module_preset=&#8220;default&#8220; width=&#8220;90%&#8220; max_width=&#8220;1280px&#8220; custom_margin=&#8220;||5vh||false|false&#8220; custom_margin_tablet=&#8220;||0vh||false|false&#8220; custom_margin_phone=&#8220;||||false|false&#8220; custom_margin_last_edited=&#8220;on|phone&#8220; custom_padding=&#8220;||||false|false&#8220; animation_style=&#8220;fade&#8220; animation_duration=&#8220;1500ms&#8220; global_colors_info=&#8220;{}&#8220;][et_pb_column type=&#8220;4_4&#8243; _builder_version=&#8220;4.16&#8243; _module_preset=&#8220;default&#8220; global_colors_info=&#8220;{}&#8220;][et_pb_text module_class=&#8220;span-font-brand&#8220; _builder_version=&#8220;4.16&#8243; _module_preset=&#8220;default&#8220; text_font=&#8220;|300|||||||&#8220; text_text_color=&#8220;#242424&#8243; text_line_height=&#8220;1.4em&#8220; header_font=&#8220;|700|||||||&#8220; header_font_size=&#8220;56px&#8220; header_2_font=&#8220;|700|||||||&#8220; header_2_font_size=&#8220;42px&#8220; header_3_font=&#8220;|700|||||||&#8220; header_3_text_color=&#8220;#009DE0&#8243; custom_padding=&#8220;||||false|false&#8220; animation_style=&#8220;zoom&#8220; animation_direction=&#8220;left&#8220; text_font_size_tablet=&#8220;&#8220; text_font_size_phone=&#8220;16px&#8220; text_font_size_last_edited=&#8220;on|phone&#8220; header_font_size_tablet=&#8220;48px&#8220; header_font_size_phone=&#8220;32px&#8220; header_font_size_last_edited=&#8220;on|desktop&#8220; header_2_font_size_tablet=&#8220;32px&#8220; header_2_font_size_phone=&#8220;24px&#8220; header_2_font_size_last_edited=&#8220;on|phone&#8220; header_3_font_size_tablet=&#8220;&#8220; header_3_font_size_phone=&#8220;20px&#8220; header_3_font_size_last_edited=&#8220;on|phone&#8220; global_colors_info=&#8220;{}&#8220;]<\/p>\n<h2>FIRMENSITZ<\/h2>\n<p><strong>AKTUAR Versicherungsmathematik GmbH<\/strong><br \/>Wiedner G\u00fcrtel 13, Turm 24<br \/>A-1100 Wien<\/p>\n<p><strong>T:<\/strong> +43 (1) 58835-521<\/p>\n<p><strong>E:<\/strong> <strong><a href=\"mailto:office@a-vm.at\" target=\"_blank\" rel=\"noopener\">office[@]a-vm.at<\/a><\/strong><\/p>\n<p>[\/et_pb_text][et_pb_text ul_type=&#8220;none&#8220; content_last_edited=&#8220;off|desktop&#8220; module_class=&#8220;span-font-brand textbox&#8220; _builder_version=&#8220;4.16&#8243; _module_preset=&#8220;default&#8220; text_font=&#8220;|300|||||||&#8220; text_text_color=&#8220;#242424&#8243; text_line_height=&#8220;1.4em&#8220; header_font=&#8220;|700|||||||&#8220; header_font_size=&#8220;56px&#8220; header_2_font=&#8220;|700|||||||&#8220; header_2_font_size=&#8220;42px&#8220; header_3_font=&#8220;|700|||||||&#8220; header_3_text_color=&#8220;#009DE0&#8243; custom_padding=&#8220;||||false|false&#8220; animation_style=&#8220;zoom&#8220; animation_direction=&#8220;left&#8220; text_font_size_tablet=&#8220;&#8220; text_font_size_phone=&#8220;16px&#8220; text_font_size_last_edited=&#8220;on|phone&#8220; header_font_size_tablet=&#8220;48px&#8220; header_font_size_phone=&#8220;32px&#8220; header_font_size_last_edited=&#8220;on|desktop&#8220; header_2_font_size_tablet=&#8220;32px&#8220; header_2_font_size_phone=&#8220;24px&#8220; header_2_font_size_last_edited=&#8220;on|phone&#8220; header_3_font_size_tablet=&#8220;&#8220; header_3_font_size_phone=&#8220;20px&#8220; header_3_font_size_last_edited=&#8220;on|phone&#8220; global_colors_info=&#8220;{}&#8220;]<\/p>\n<h2>KONTAKT MIT UNS<\/h2>\n<p>Wenn Sie Kontakt mit uns aufnehmen, werden Ihre angegebenen Daten zwecks Bearbeitung der Anfrage und f\u00fcr den Fall von Anschlussfragen bei uns gespeichert.<\/p>\n<p>Bitte beachten Sie in diesem Zusammenhang auch die folgenden Informationsbl\u00e4tter:<\/p>\n<ul>\n<li><strong><a href=\"https:\/\/old.aktuar-group.at\/vm\/wp-content\/uploads\/sites\/2\/2021\/09\/AKTUAR-VM-Informationsblatt.pdf\" target=\"_blank\" rel=\"noopener\">AKTUAR Informationsblatt<\/a><\/strong><\/li>\n<li><strong><a href=\"https:\/\/old.aktuar-group.at\/vm\/wp-content\/uploads\/sites\/2\/2021\/09\/AKTUAR-VM-Informationsblatt-fu\u0308r-Bewerber.pdf\" target=\"_blank\" rel=\"noopener\">AKTUAR Informationsblatt f\u00fcr Bewerber\/innen<\/a><\/strong><\/li>\n<\/ul>\n<p>[\/et_pb_text][et_pb_text ul_type=&#8220;none&#8220; content_last_edited=&#8220;off|desktop&#8220; module_class=&#8220;span-font-brand textbox&#8220; _builder_version=&#8220;4.16&#8243; _module_preset=&#8220;default&#8220; text_font=&#8220;|300|||||||&#8220; text_text_color=&#8220;#242424&#8243; text_line_height=&#8220;1.4em&#8220; header_font=&#8220;|700|||||||&#8220; header_font_size=&#8220;56px&#8220; header_2_font=&#8220;|700|||||||&#8220; header_2_font_size=&#8220;42px&#8220; header_3_font=&#8220;|700|||||||&#8220; header_3_text_color=&#8220;#009DE0&#8243; custom_padding=&#8220;||||false|false&#8220; animation_style=&#8220;zoom&#8220; animation_direction=&#8220;left&#8220; text_font_size_tablet=&#8220;&#8220; text_font_size_phone=&#8220;16px&#8220; text_font_size_last_edited=&#8220;on|phone&#8220; header_font_size_tablet=&#8220;48px&#8220; header_font_size_phone=&#8220;32px&#8220; header_font_size_last_edited=&#8220;on|desktop&#8220; header_2_font_size_tablet=&#8220;32px&#8220; header_2_font_size_phone=&#8220;24px&#8220; header_2_font_size_last_edited=&#8220;on|phone&#8220; header_3_font_size_tablet=&#8220;&#8220; header_3_font_size_phone=&#8220;20px&#8220; header_3_font_size_last_edited=&#8220;on|phone&#8220; global_colors_info=&#8220;{}&#8220;]<\/p>\n<h2>AKTUAR NEWSLETTER \/ AKTUAR PUBLIKATIONEN \/ AKTUAR EVENT EINLADUNGEN<\/h2>\n<p>Sie haben die M\u00f6glichkeit, \u00fcber unsere Website unseren Newsletter zu abonnieren. Hierf\u00fcr ben\u00f6tigen wir Ihre E-Mail-Adresse und Ihre Erkl\u00e4rung, dass Sie mit dem Bezug des Newsletters einverstanden sind.<\/p>\n<p>Das Abo des Newsletters k\u00f6nnen Sie jederzeit stornieren. Senden Sie Ihre Stornierung bitte an folgende E-Mail-Adresse: office@a-vm.at<\/p>\n<p>Wir l\u00f6schen anschlie\u00dfend Ihre Daten im Zusammenhang mit dem Newsletter-Versand so schnell wie m\u00f6glich. Bitte beachten Sie, dass es zu \u00dcberschneidungen kommen kann, und Sie eventuell noch einen Newsletter nach Ihrer Abmeldung erhalten k\u00f6nnen.<\/p>\n<p>Bitte beachten Sie in diesem Zusammenhang auch die folgenden Informationen:<\/p>\n<ul>\n<li><a href=\"https:\/\/old.aktuar-group.at\/vm\/wp-content\/uploads\/sites\/2\/2021\/09\/AKTUAR-VM-Informationsblatt-fu\u0308r-Publikationen.pdf\" target=\"_blank\" rel=\"noopener\"><strong>AKTUAR Informationsblatt f\u00fcr Publikationen<\/strong><\/a><\/li>\n<li><a href=\"..\/nutzungsbedingungen\"><strong>AKTUAR Nutzungsbedingungen f\u00fcr Publikationen<\/strong><\/a><\/li>\n<\/ul>\n<p>[\/et_pb_text][et_pb_text ul_type=&#8220;none&#8220; content_last_edited=&#8220;off|desktop&#8220; module_class=&#8220;span-font-brand textbox&#8220; _builder_version=&#8220;4.16&#8243; _module_preset=&#8220;default&#8220; text_font=&#8220;|300|||||||&#8220; text_text_color=&#8220;#242424&#8243; text_line_height=&#8220;1.4em&#8220; header_font=&#8220;|700|||||||&#8220; header_font_size=&#8220;56px&#8220; header_2_font=&#8220;|700|||||||&#8220; header_2_font_size=&#8220;42px&#8220; header_3_font=&#8220;|700|||||||&#8220; header_3_text_color=&#8220;#009DE0&#8243; custom_padding=&#8220;||||false|false&#8220; animation_style=&#8220;zoom&#8220; animation_direction=&#8220;left&#8220; text_font_size_tablet=&#8220;&#8220; text_font_size_phone=&#8220;16px&#8220; text_font_size_last_edited=&#8220;on|phone&#8220; header_font_size_tablet=&#8220;48px&#8220; header_font_size_phone=&#8220;32px&#8220; header_font_size_last_edited=&#8220;on|desktop&#8220; header_2_font_size_tablet=&#8220;32px&#8220; header_2_font_size_phone=&#8220;24px&#8220; header_2_font_size_last_edited=&#8220;on|phone&#8220; header_3_font_size_tablet=&#8220;&#8220; header_3_font_size_phone=&#8220;20px&#8220; header_3_font_size_last_edited=&#8220;on|phone&#8220; global_colors_info=&#8220;{}&#8220;]<\/p>\n<h2>LINKS ZU ANDEREN WEBSITES<\/h2>\n<p>Sobald Sie einem Link auf eine andere Website folgen und damit unsere Website verlassen, haben wir keine weitere Kontrolle oder Einfluss auf die dort aufgef\u00fchrten Inhalte. Daher k\u00f6nnen wir keine Garantie oder Haftung (weder mittelbar noch unmittelbar) f\u00fcr die Richtigkeit, Vollst\u00e4ndigkeit, Nutzbarkeit, Verl\u00e4sslichkeit oder Zeitlosigkeit der auf solchen Seiten angebotenen Informationen \u00fcbernehmen.<\/p>\n<p>Soweit rechtlich zul\u00e4ssig \u00fcbernehmen wir keinerlei Haftung f\u00fcr den Inhalt verlinkter Seiten, davon ohne Beschr\u00e4nkung eingeschlossen sind die Links auf einer verlinkten Seite sowie \u00c4nderungen oder Updates einer verlinkten Seite.<\/p>\n<p>Beachten Sie bitte auch, dass die Nutzungsbedingungen und Datenschutzbestimmungen einer verlinkten Seite von den Nutzungsbedingungen und Datenschutzstandards unserer Seite abweichen. Aus diesem Grund sollten Sie die Datenschutzbestimmungen und Nutzungsbedingungen der verlinkten Seite lesen und einhalten.[\/et_pb_text][et_pb_text ul_type=&#8220;none&#8220; content_last_edited=&#8220;off|desktop&#8220; module_class=&#8220;span-font-brand textbox&#8220; _builder_version=&#8220;4.18.0&#8243; _module_preset=&#8220;default&#8220; text_font=&#8220;|300|||||||&#8220; text_text_color=&#8220;#242424&#8243; text_line_height=&#8220;1.4em&#8220; header_font=&#8220;|700|||||||&#8220; header_font_size=&#8220;56px&#8220; header_2_font=&#8220;|700|||||||&#8220; header_2_font_size=&#8220;42px&#8220; header_3_font=&#8220;|700|||||||&#8220; header_3_text_color=&#8220;#009DE0&#8243; custom_padding=&#8220;||||false|false&#8220; animation_style=&#8220;zoom&#8220; animation_direction=&#8220;left&#8220; hover_enabled=&#8220;0&#8243; text_font_size_tablet=&#8220;&#8220; text_font_size_phone=&#8220;16px&#8220; text_font_size_last_edited=&#8220;on|phone&#8220; header_font_size_tablet=&#8220;48px&#8220; header_font_size_phone=&#8220;32px&#8220; header_font_size_last_edited=&#8220;on|desktop&#8220; header_2_font_size_tablet=&#8220;32px&#8220; header_2_font_size_phone=&#8220;24px&#8220; header_2_font_size_last_edited=&#8220;on|phone&#8220; header_3_font_size_tablet=&#8220;&#8220; header_3_font_size_phone=&#8220;20px&#8220; header_3_font_size_last_edited=&#8220;on|phone&#8220; global_colors_info=&#8220;{}&#8220; sticky_enabled=&#8220;0&#8243;]<\/p>\n<h2>Cookie Banner &#8211; Clickskeks<\/h2>\n<p><script id=\"clickskeks-disclaimer-script\" src=\"https:\/\/static.clickskeks.at\/923000ba-f90d-4ed6-9fd7-735d24837cbc\/disclaimer.js\" type=\"application\/javascript\"><\/script>[\/et_pb_text][\/et_pb_column][\/et_pb_row][\/et_pb_section]<\/p>\n","protected":false},"excerpt":{"rendered":"<p>AKTUAR DATENSCHUTZERKL\u00c4RUNGDer Schutz Ihrer pers\u00f6nlichen Daten ist uns ein besonderes Anliegen. Wir verarbeiten Ihre Daten daher ausschlie\u00dflich auf Grundlage der gesetzlichen Bestimmungen (DSGVO, TKG 2003). In diesen Datenschutzinformationen informieren wir Sie \u00fcber die wichtigsten Aspekte der Datenverarbeitung im Rahmen unserer Website.FIRMENSITZ AKTUAR Versicherungsmathematik GmbHWiedner G\u00fcrtel 13, Turm 24A-1100 Wien T: +43 (1) 58835-521 E: office[@]a-vm.atKONTAKT MIT UNS Wenn Sie Kontakt mit uns aufnehmen, werden Ihre angegebenen Daten zwecks Bearbeitung der Anfrage und f\u00fcr den Fall von Anschlussfragen bei uns gespeichert. Bitte beachten Sie in diesem Zusammenhang auch die folgenden Informationsbl\u00e4tter: AKTUAR Informationsblatt AKTUAR Informationsblatt f\u00fcr Bewerber\/innen AKTUAR NEWSLETTER \/ AKTUAR PUBLIKATIONEN \/ AKTUAR EVENT EINLADUNGEN Sie haben die M\u00f6glichkeit, \u00fcber unsere Website unseren Newsletter zu abonnieren. Hierf\u00fcr ben\u00f6tigen wir Ihre E-Mail-Adresse und Ihre Erkl\u00e4rung, dass Sie mit dem Bezug des Newsletters einverstanden sind. Das Abo des Newsletters k\u00f6nnen Sie jederzeit stornieren. Senden Sie Ihre Stornierung bitte an folgende E-Mail-Adresse: office@a-vm.at Wir l\u00f6schen anschlie\u00dfend Ihre Daten im Zusammenhang mit dem Newsletter-Versand so schnell wie m\u00f6glich. Bitte beachten Sie, dass es zu \u00dcberschneidungen kommen kann, und Sie eventuell noch einen Newsletter nach Ihrer Abmeldung erhalten k\u00f6nnen. Bitte beachten Sie in diesem Zusammenhang auch die folgenden Informationen: AKTUAR Informationsblatt f\u00fcr Publikationen AKTUAR Nutzungsbedingungen [&hellip;]<\/p>\n","protected":false},"author":1,"featured_media":0,"parent":0,"menu_order":0,"comment_status":"closed","ping_status":"closed","template":"","meta":{"_et_pb_use_builder":"on","_et_pb_old_content":"","_et_gb_content_width":"","footnotes":""},"class_list":["post-10506","page","type-page","status-publish","hentry"],"_links":{"self":[{"href":"https:\/\/old.aktuar-group.at\/vm\/wp-json\/wp\/v2\/pages\/10506","targetHints":{"allow":["GET"]}}],"collection":[{"href":"https:\/\/old.aktuar-group.at\/vm\/wp-json\/wp\/v2\/pages"}],"about":[{"href":"https:\/\/old.aktuar-group.at\/vm\/wp-json\/wp\/v2\/types\/page"}],"author":[{"embeddable":true,"href":"https:\/\/old.aktuar-group.at\/vm\/wp-json\/wp\/v2\/users\/1"}],"replies":[{"embeddable":true,"href":"https:\/\/old.aktuar-group.at\/vm\/wp-json\/wp\/v2\/comments?post=10506"}],"version-history":[{"count":0,"href":"https:\/\/old.aktuar-group.at\/vm\/wp-json\/wp\/v2\/pages\/10506\/revisions"}],"wp:attachment":[{"href":"https:\/\/old.aktuar-group.at\/vm\/wp-json\/wp\/v2\/media?parent=10506"}],"curies":[{"name":"wp","href":"https:\/\/api.w.org\/{rel}","templated":true}]}}