{"id":4408015,"date":"2021-10-04T10:46:19","date_gmt":"2021-10-04T08:46:19","guid":{"rendered":"https:\/\/aktuar.cc\/bv\/?page_id=4408015"},"modified":"2023-07-25T15:55:39","modified_gmt":"2023-07-25T13:55:39","slug":"christian-stacherl","status":"publish","type":"page","link":"https:\/\/old.aktuar-group.at\/bv\/team\/christian-stacherl\/","title":{"rendered":"Christian Stacherl"},"content":{"rendered":"<p>[et_pb_section fb_built=&#8220;1&#8243; _builder_version=&#8220;4.16&#8243; _module_preset=&#8220;default&#8220; background_color=&#8220;#353D47&#8243; custom_margin=&#8220;||||false|false&#8220; custom_padding=&#8220;||||false|false&#8220; bottom_divider_style=&#8220;ramp2&#8243; bottom_divider_color=&#8220;#FFFFFF&#8220; bottom_divider_height=&#8220;150px&#8220; bottom_divider_flip=&#8220;horizontal|vertical&#8220; global_colors_info=&#8220;{}&#8220;][et_pb_row column_structure=&#8220;1_3,2_3&#8243; _builder_version=&#8220;4.16&#8243; _module_preset=&#8220;default&#8220; width=&#8220;90%&#8220; max_width=&#8220;1280px&#8220; custom_margin=&#8220;10vh||||false|false&#8220; custom_padding=&#8220;||||false|false&#8220; pac_drh_enable_stacking=&#8220;pac_drh_stack_row pac_drh_stack_tab_mob&#8220; global_colors_info=&#8220;{}&#8220;][et_pb_column type=&#8220;1_3&#8243; _builder_version=&#8220;4.16&#8243; _module_preset=&#8220;default&#8220; positioning=&#8220;none&#8220; position_origin_a=&#8220;bottom_left&#8220; custom_padding=&#8220;||||false|false&#8220; pac_drh_add_staking_order_tab=&#8220;pac_drh_order_tab_two&#8220; pac_drh_add_staking_order_mob=&#8220;pac_drh_order_mob_two&#8220; global_colors_info=&#8220;{}&#8220;][et_pb_image src=&#8220;https:\/\/old.aktuar-group.at\/bv\/wp-content\/uploads\/sites\/4\/2021\/09\/Stacherl-Christian.png&#8220; title_text=&#8220;Stacherl Christian&#8220; show_bottom_space=&#8220;off&#8220; _builder_version=&#8220;4.16&#8243; _module_preset=&#8220;default&#8220; max_height=&#8220;60vh&#8220; custom_margin=&#8220;||||false|false&#8220; custom_margin_tablet=&#8220;||-10vh||false|false&#8220; custom_margin_phone=&#8220;||-10vh||false|false&#8220; custom_margin_last_edited=&#8220;on|tablet&#8220; border_radii=&#8220;on|22px|22px|22px|22px&#8220; box_shadow_style=&#8220;preset1&#8243; global_colors_info=&#8220;{}&#8220;][\/et_pb_image][\/et_pb_column][et_pb_column type=&#8220;2_3&#8243; _builder_version=&#8220;4.16&#8243; _module_preset=&#8220;default&#8220; positioning=&#8220;none&#8220; position_origin_a=&#8220;top_right&#8220; pac_drh_add_staking_order_tab=&#8220;pac_drh_order_tab_one&#8220; pac_drh_add_staking_order_mob=&#8220;pac_drh_order_mob_one&#8220; global_colors_info=&#8220;{}&#8220;][et_pb_image src=&#8220;https:\/\/old.aktuar-group.at\/bv\/wp-content\/uploads\/sites\/4\/2021\/08\/AKTUAR_Logo_Favicon_Weiss.svg&#8220; alt=&#8220;AKTUAR_Logo_Favicon_Wei\u00df&#8220; title_text=&#8220;AKTUAR_Logo_Favicon_Wei\u00df&#8220; align=&#8220;left&#8220; _builder_version=&#8220;4.16&#8243; _module_preset=&#8220;default&#8220; module_alignment=&#8220;left&#8220; height=&#8220;80px&#8220; global_colors_info=&#8220;{}&#8220;][\/et_pb_image][et_pb_text module_class=&#8220;span-font-brand&#8220; _builder_version=&#8220;4.21.0&#8243; _module_preset=&#8220;default&#8220; text_font=&#8220;|700|||||||&#8220; text_text_color=&#8220;#98A0AB&#8220; header_font=&#8220;|700|||||||&#8220; header_text_color=&#8220;#FFFFFF&#8220; header_font_size=&#8220;40px&#8220; header_2_font=&#8220;|700|||||||&#8220; header_2_font_size=&#8220;42px&#8220; header_3_font=&#8220;|700|||||||&#8220; header_3_text_color=&#8220;#009DE0&#8243; custom_margin_tablet=&#8220;||10vh||false|false&#8220; custom_margin_phone=&#8220;&#8220; custom_margin_last_edited=&#8220;on|phone&#8220; custom_padding=&#8220;||||false|false&#8220; animation_style=&#8220;zoom&#8220; animation_direction=&#8220;left&#8220; hover_enabled=&#8220;0&#8243; header_font_size_tablet=&#8220;32px&#8220; header_font_size_phone=&#8220;24px&#8220; header_font_size_last_edited=&#8220;on|phone&#8220; header_2_font_size_tablet=&#8220;32px&#8220; header_2_font_size_phone=&#8220;24px&#8220; header_2_font_size_last_edited=&#8220;on|phone&#8220; header_3_font_size_tablet=&#8220;&#8220; header_3_font_size_phone=&#8220;20px&#8220; header_3_font_size_last_edited=&#8220;on|phone&#8220; global_colors_info=&#8220;{}&#8220; sticky_enabled=&#8220;0&#8243;]<\/p>\n<h1>DI CHRISTIAN STACHERL<\/h1>\n<p>Manager, Aktuar<\/p>\n<p>[\/et_pb_text][\/et_pb_column][\/et_pb_row][\/et_pb_section][et_pb_section fb_built=&#8220;1&#8243; custom_padding_last_edited=&#8220;on|phone&#8220; _builder_version=&#8220;4.16&#8243; _module_preset=&#8220;default&#8220; background_color=&#8220;RGBA(0,0,0,0)&#8220; custom_padding=&#8220;15vh||15vh||true|false&#8220; custom_padding_tablet=&#8220;&#8220; custom_padding_phone=&#8220;10vh||5vh||false|false&#8220; global_colors_info=&#8220;{}&#8220;][et_pb_row _builder_version=&#8220;4.16&#8243; _module_preset=&#8220;default&#8220; width=&#8220;90%&#8220; max_width=&#8220;1280px&#8220; custom_margin=&#8220;||||false|false&#8220; animation_style=&#8220;zoom&#8220; animation_duration=&#8220;1500ms&#8220; global_colors_info=&#8220;{}&#8220;][et_pb_column type=&#8220;4_4&#8243; _builder_version=&#8220;4.16&#8243; _module_preset=&#8220;default&#8220; global_colors_info=&#8220;{}&#8220;][et_pb_text _builder_version=&#8220;4.16&#8243; _module_preset=&#8220;default&#8220; text_font=&#8220;|700|||||||&#8220; text_text_color=&#8220;#98A0AB&#8220; header_2_font=&#8220;|700|||||||&#8220; header_2_text_align=&#8220;center&#8220; header_2_font_size=&#8220;42px&#8220; text_orientation=&#8220;center&#8220; custom_padding=&#8220;||||false|false&#8220; animation_style=&#8220;zoom&#8220; animation_direction=&#8220;left&#8220; text_font_size_tablet=&#8220;&#8220; text_font_size_phone=&#8220;14px&#8220; text_font_size_last_edited=&#8220;on|phone&#8220; header_2_font_size_tablet=&#8220;30px&#8220; header_2_font_size_phone=&#8220;22px&#8220; header_2_font_size_last_edited=&#8220;on|phone&#8220; global_colors_info=&#8220;{}&#8220;]<\/p>\n<h2>Wer immer die Wahrheit sagt, kann sich ein schlechtes Ged\u00e4chtnis leisten.<\/h2>\n<p>THEODOR HEUSS, 1. DEUTSCHER BUNDESPR\u00c4SIDENT, 1884 &#8211; 1963\n<\/p>\n<p>[\/et_pb_text][\/et_pb_column][\/et_pb_row][\/et_pb_section][et_pb_section fb_built=&#8220;1&#8243; custom_padding_last_edited=&#8220;on|phone&#8220; _builder_version=&#8220;4.16&#8243; _module_preset=&#8220;default&#8220; background_color=&#8220;#FFFFFF&#8220; custom_margin=&#8220;0px||0px||true|false&#8220; custom_padding=&#8220;15vh||15vh||true|false&#8220; custom_padding_tablet=&#8220;&#8220; custom_padding_phone=&#8220;5vh||5vh||true|false&#8220; global_colors_info=&#8220;{}&#8220;][et_pb_row _builder_version=&#8220;4.16&#8243; _module_preset=&#8220;default&#8220; width=&#8220;90%&#8220; width_tablet=&#8220;95%&#8220; width_phone=&#8220;100%&#8220; width_last_edited=&#8220;on|tablet&#8220; max_width=&#8220;1280px&#8220; custom_margin=&#8220;||5vh||false|false&#8220; custom_padding=&#8220;||||false|false&#8220; animation_style=&#8220;fade&#8220; animation_duration=&#8220;1500ms&#8220; global_colors_info=&#8220;{}&#8220;][et_pb_column type=&#8220;4_4&#8243; _builder_version=&#8220;4.16&#8243; _module_preset=&#8220;default&#8220; global_colors_info=&#8220;{}&#8220;][bck_vertical_timeline connector_active_color=&#8220;#5A9141&#8243; connector_bg=&#8220;#5A9141&#8243; _builder_version=&#8220;4.16&#8243; _module_preset=&#8220;default&#8220; title_text_color=&#8220;#5A9141&#8243; subtitle_text_color=&#8220;#5A9141&#8243; global_colors_info=&#8220;{}&#8220;][bck_vertical_timeline_child icon=&#8220;&#xf164;||fa||900&#8243; title=&#8220;Verantwortungsbereich&#8220; description=&#8220;Christian ist seit November 2019 bei der Aktuar Versicherungsmathematik GmbH als Aktuar und Senior Consultant im Bereich Mathematik t\u00e4tig.<\/p>\n<p>Er f\u00fchrt sowohl finanzmathematische als auch versicherungsmathematische Berechnungen von Personalr\u00fcckstellungen (Abfertigungen, Jubil\u00e4umsgelder, Pensionen) nach nationalen und internationalen Rechnungslegungsvorschriften durch. Die Erstellung versicherungsmathematischer Gutachten z\u00e4hlt ebenso zu seinen T\u00e4tigkeiten wie die diesbez\u00fcgliche Beratung unserer Klienten.&#8220; _builder_version=&#8220;4.16&#8243; _module_preset=&#8220;default&#8220; title_font=&#8220;|700||on|||||&#8220; title_text_color=&#8220;#5A9141&#8243; background_color=&#8220;#FFFFFF&#8220; background_enable_color=&#8220;on&#8220; box_shadow_style_main=&#8220;preset1&#8243; global_colors_info=&#8220;{}&#8220;][\/bck_vertical_timeline_child][bck_vertical_timeline_child icon=&#8220;&#xe0f4;||divi||400&#8243; title=&#8220;Berufserfahrung&#8220; description=&#8220;Christian hat 9 Jahre f\u00fcr die Wiener St\u00e4dtische Versicherung AG (Bereich Tarifmathematik Personenversicherung) gearbeitet. Davor hat er etwa sechs Jahre Erfahrung als Aktuar in einem internationalen Beratungsunternehmen erworben.&#8220; _builder_version=&#8220;4.16&#8243; _module_preset=&#8220;default&#8220; title_font=&#8220;|700||on|||||&#8220; title_text_color=&#8220;#5A9141&#8243; background_color=&#8220;#FFFFFF&#8220; background_enable_color=&#8220;on&#8220; box_shadow_style_main=&#8220;preset1&#8243; global_colors_info=&#8220;{}&#8220;][\/bck_vertical_timeline_child][bck_vertical_timeline_child icon=&#8220;&#xf501;||fa||900&#8243; title=&#8220;Ausbildung&#8220; description=&#8220;Christian hat sein Diplomstudium der Versicherungsmathematik an der Technischen Universit\u00e4t Wien abgeschlossen.<\/p>\n<p>Er ist anerkannter Aktuar der Aktuarvereinigung \u00d6sterreichs (AV\u00d6).&#8220; _builder_version=&#8220;4.16&#8243; _module_preset=&#8220;default&#8220; title_font=&#8220;|700||on|||||&#8220; title_text_color=&#8220;#5A9141&#8243; background_color=&#8220;#FFFFFF&#8220; background_enable_color=&#8220;on&#8220; box_shadow_style_main=&#8220;preset1&#8243; global_colors_info=&#8220;{}&#8220;][\/bck_vertical_timeline_child][bck_vertical_timeline_child icon=&#8220;&#xf57c;||fa||900&#8243; title=&#8220;Sprachen&#8220; description=&#8220;Deutsch: Muttersprache<br \/>\nEnglisch: Verhandlungssicher&#8220; _builder_version=&#8220;4.16&#8243; _module_preset=&#8220;default&#8220; title_font=&#8220;|700||on|||||&#8220; title_text_color=&#8220;#5A9141&#8243; background_color=&#8220;#FFFFFF&#8220; background_enable_color=&#8220;on&#8220; box_shadow_style_main=&#8220;preset1&#8243; global_colors_info=&#8220;{}&#8220;][\/bck_vertical_timeline_child][\/bck_vertical_timeline][\/et_pb_column][\/et_pb_row][\/et_pb_section][et_pb_section fb_built=&#8220;1&#8243; _builder_version=&#8220;4.16&#8243; _module_preset=&#8220;default&#8220; background_color=&#8220;#F5F5F5&#8243; custom_margin=&#8220;0px||0px||true|false&#8220; custom_padding=&#8220;15vh||15vh||true|false&#8220; global_colors_info=&#8220;{}&#8220;][et_pb_row _builder_version=&#8220;4.16&#8243; _module_preset=&#8220;default&#8220; width=&#8220;90%&#8220; max_width=&#8220;90vw&#8220; custom_margin=&#8220;||5vh||false|false&#8220; global_colors_info=&#8220;{}&#8220;][et_pb_column type=&#8220;4_4&#8243; _builder_version=&#8220;4.16&#8243; _module_preset=&#8220;default&#8220; global_colors_info=&#8220;{}&#8220;][et_pb_text module_class=&#8220;span-font-brand&#8220; _builder_version=&#8220;4.16&#8243; _module_preset=&#8220;default&#8220; text_font=&#8220;|600|||||||&#8220; text_text_color=&#8220;#98A0AB&#8220; header_font=&#8220;|700|||||||&#8220; header_font_size=&#8220;56px&#8220; header_2_font=&#8220;|700|||||||&#8220; header_2_font_size=&#8220;42px&#8220; header_3_font=&#8220;|700|||||||&#8220; header_3_text_color=&#8220;#009DE0&#8243; custom_padding=&#8220;||||false|false&#8220; animation_style=&#8220;zoom&#8220; animation_direction=&#8220;left&#8220; header_font_size_tablet=&#8220;48px&#8220; header_font_size_phone=&#8220;32px&#8220; header_font_size_last_edited=&#8220;on|desktop&#8220; header_2_font_size_tablet=&#8220;32px&#8220; header_2_font_size_phone=&#8220;24px&#8220; header_2_font_size_last_edited=&#8220;on|phone&#8220; header_3_font_size_tablet=&#8220;&#8220; header_3_font_size_phone=&#8220;20px&#8220; header_3_font_size_last_edited=&#8220;on|phone&#8220; global_colors_info=&#8220;{}&#8220;]<\/p>\n<h2>KENNTNISSE<br \/>\n<span>CHRISTIAN STACHERL<\/span><\/h2>\n<p>[\/et_pb_text][\/et_pb_column][\/et_pb_row][et_pb_row _builder_version=&#8220;4.16&#8243; _module_preset=&#8220;default&#8220; global_colors_info=&#8220;{}&#8220;][et_pb_column type=&#8220;4_4&#8243; _builder_version=&#8220;4.16&#8243; _module_preset=&#8220;default&#8220; global_colors_info=&#8220;{}&#8220;][dsm_icon_list list_background=&#8220;#5A9141&#8243; _builder_version=&#8220;4.16&#8243; _module_preset=&#8220;6c412425-84be-41d1-a7a1-bffb095ee310&#8243; custom_margin=&#8220;||||false|false&#8220; global_colors_info=&#8220;{}&#8220; custom_padding__hover_enabled=&#8220;on|desktop&#8220;][dsm_icon_list_child text=&#8220;Leistungs- und beitragsorientierter Pensionsplan&#8220; use_icon=&#8220;off&#8220; _builder_version=&#8220;4.16&#8243; _module_preset=&#8220;2dcf1c75-a0e6-4c39-a657-967c1c80eddf&#8220; global_colors_info=&#8220;{}&#8220;][\/dsm_icon_list_child][dsm_icon_list_child text=&#8220;R\u00fcckdeckungsversicherung&#8220; use_icon=&#8220;off&#8220; _builder_version=&#8220;4.16&#8243; _module_preset=&#8220;2dcf1c75-a0e6-4c39-a657-967c1c80eddf&#8220; global_colors_info=&#8220;{}&#8220;][\/dsm_icon_list_child][dsm_icon_list_child text=&#8220;Versicherungsmathematische Gutachten&#8220; use_icon=&#8220;off&#8220; _builder_version=&#8220;4.16&#8243; _module_preset=&#8220;2dcf1c75-a0e6-4c39-a657-967c1c80eddf&#8220; global_colors_info=&#8220;{}&#8220;][\/dsm_icon_list_child][dsm_icon_list_child text=&#8220;Bewertungen von Pensionsr\u00fcckstellungen&#8220; use_icon=&#8220;off&#8220; _builder_version=&#8220;4.16&#8243; _module_preset=&#8220;2dcf1c75-a0e6-4c39-a657-967c1c80eddf&#8220; global_colors_info=&#8220;{}&#8220;][\/dsm_icon_list_child][\/dsm_icon_list][\/et_pb_column][\/et_pb_row][\/et_pb_section]<\/p>\n","protected":false},"excerpt":{"rendered":"<p>DI CHRISTIAN STACHERL Manager, AktuarWer immer die Wahrheit sagt, kann sich ein schlechtes Ged\u00e4chtnis leisten. THEODOR HEUSS, 1. DEUTSCHER BUNDESPR\u00c4SIDENT, 1884 &#8211; 1963 <div class=\"et_pb_module bck_vertical_timeline bck_vertical_timeline_0\">\n\t\t\t\t\n\t\t\t\t\n\t\t\t\t\n\t\t\t\t\n\t\t\t\t\n\t\t\t\t\n\t\t\t\t<div class=\"et_pb_module_inner\">\n\t\t\t\t\t<div class=\"bck-module bck-vertical-timeline template-1\" data-scroll=\"off\">\r\n\t\t\t\t<div class=\"et_pb_module bck_vertical_timeline_child bck_vertical_timeline_child_0\">\n\t\t\t\t\n\t\t\t\t\n\t\t\t\t\n\t\t\t\t\n\t\t\t\t\n\t\t\t\t\n\t\t\t\t<div class=\"et_pb_module_inner\">\n\t\t\t\t\t<div class=\"bck-vt-item\">\r\n\t\t\t\t<div class=\"bck-vt-scroll\">\r\n\t\t\t\t\t<div class=\"bck-vt-scroll-inner\"><\/div>\r\n\t\t\t\t<\/div>\r\n\t\t\t\t<div class=\"bck-vt-content\">\r\n\t\t\t\t\t<div class=\"bck-vt-circle\">\r\n\t\t\t\t<span class=\"bck-et-icon\">&#xf164;<\/span>\r\n\t\t\t<\/div> <div class=\"bck-vt-content-inner\">\r\n\t\t\t\t<div class=\"bck-vt-content-left\">\r\n\t\t\t\t\t<div class=\"bck-vt-title\">\r\n\t\t\t\t\t<h4>Verantwortungsbereich<\/h4>\r\n\t\t\t\t<\/div> \r\n\t\t\t\t<\/div>\r\n\t\t\t\t<div class=\"bck-vt-content-right\">\r\n\t\t\t\t\t <div class=\"bck-vt-desc\">\r\n\t\t\t\t\tChristian ist seit November 2019 bei der Aktuar Versicherungsmathematik GmbH als Aktuar und Senior Consultant im Bereich Mathematik t\u00e4tig. Er f\u00fchrt sowohl finanzmathematische als auch versicherungsmathematische Berechnungen von Personalr\u00fcckstellungen (Abfertigungen, Jubil\u00e4umsgelder, Pensionen) nach nationalen und internationalen Rechnungslegungsvorschriften durch. Die Erstellung versicherungsmathematischer Gutachten z\u00e4hlt ebenso zu seinen T\u00e4tigkeiten wie die diesbez\u00fcgliche Beratung unserer Klienten.\r\n\t\t\t\t<\/div> <div class=\"bck-vt-date-time\">\r\n\t\t\t\t\t\t<div class=\"bck-vt-date\">\r\n\t\t\t\t\t\t\tJanuary 01, 2021\r\n\t\t\t\t\t\t<\/div>\r\n\t\t\t\t\t\t<div class=\"bck-vt-time\">\r\n\t\t\t\t\t\t\t12 AM\r\n\t\t\t\t\t\t<\/div>\r\n\t\t\t\t\t<\/div>\r\n\t\t\t\t<\/div>\r\n\t\t\t<\/div>\r\n\t\t\t\t<\/div>\r\n\t\t\t<\/div>\n\t\t\t\t<\/div>\n\t\t\t<\/div><div class=\"et_pb_module bck_vertical_timeline_child bck_vertical_timeline_child_1\">\n\t\t\t\t\n\t\t\t\t\n\t\t\t\t\n\t\t\t\t\n\t\t\t\t\n\t\t\t\t\n\t\t\t\t<div class=\"et_pb_module_inner\">\n\t\t\t\t\t<div class=\"bck-vt-item\">\r\n\t\t\t\t<div class=\"bck-vt-scroll\">\r\n\t\t\t\t\t<div class=\"bck-vt-scroll-inner\"><\/div>\r\n\t\t\t\t<\/div>\r\n\t\t\t\t<div class=\"bck-vt-content\">\r\n\t\t\t\t\t<div class=\"bck-vt-circle\">\r\n\t\t\t\t<span class=\"bck-et-icon\">&#xe0f4;<\/span>\r\n\t\t\t<\/div> <div class=\"bck-vt-content-inner\">\r\n\t\t\t\t<div class=\"bck-vt-content-left\">\r\n\t\t\t\t\t<div class=\"bck-vt-title\">\r\n\t\t\t\t\t<h4>Berufserfahrung<\/h4>\r\n\t\t\t\t<\/div> \r\n\t\t\t\t<\/div>\r\n\t\t\t\t<div class=\"bck-vt-content-right\">\r\n\t\t\t\t\t <div class=\"bck-vt-desc\">\r\n\t\t\t\t\tChristian hat 9 Jahre f\u00fcr die Wiener St\u00e4dtische Versicherung AG (Bereich Tarifmathematik Personenversicherung) gearbeitet. Davor hat er etwa sechs Jahre Erfahrung als Aktuar in einem internationalen Beratungsunternehmen erworben.\r\n\t\t\t\t<\/div> <div class=\"bck-vt-date-time\">\r\n\t\t\t\t\t\t<div class=\"bck-vt-date\">\r\n\t\t\t\t\t\t\tJanuary 01, 2021\r\n\t\t\t\t\t\t<\/div>\r\n\t\t\t\t\t\t<div class=\"bck-vt-time\">\r\n\t\t\t\t\t\t\t12 AM\r\n\t\t\t\t\t\t<\/div>\r\n\t\t\t\t\t<\/div>\r\n\t\t\t\t<\/div>\r\n\t\t\t<\/div>\r\n\t\t\t\t<\/div>\r\n\t\t\t<\/div>\n\t\t\t\t<\/div>\n\t\t\t<\/div><div class=\"et_pb_module bck_vertical_timeline_child bck_vertical_timeline_child_2\">\n\t\t\t\t\n\t\t\t\t\n\t\t\t\t\n\t\t\t\t\n\t\t\t\t\n\t\t\t\t\n\t\t\t\t<div class=\"et_pb_module_inner\">\n\t\t\t\t\t<div class=\"bck-vt-item\">\r\n\t\t\t\t<div class=\"bck-vt-scroll\">\r\n\t\t\t\t\t<div class=\"bck-vt-scroll-inner\"><\/div>\r\n\t\t\t\t<\/div>\r\n\t\t\t\t<div class=\"bck-vt-content\">\r\n\t\t\t\t\t<div class=\"bck-vt-circle\">\r\n\t\t\t\t<span class=\"bck-et-icon\">&#xf501;<\/span>\r\n\t\t\t<\/div> <div class=\"bck-vt-content-inner\">\r\n\t\t\t\t<div class=\"bck-vt-content-left\">\r\n\t\t\t\t\t<div class=\"bck-vt-title\">\r\n\t\t\t\t\t<h4>Ausbildung<\/h4>\r\n\t\t\t\t<\/div> \r\n\t\t\t\t<\/div>\r\n\t\t\t\t<div class=\"bck-vt-content-right\">\r\n\t\t\t\t\t <div class=\"bck-vt-desc\">\r\n\t\t\t\t\tChristian hat sein Diplomstudium der Versicherungsmathematik an der Technischen Universit\u00e4t Wien abgeschlossen. Er ist anerkannter Aktuar der Aktuarvereinigung \u00d6sterreichs (AV\u00d6).\r\n\t\t\t\t<\/div> <div class=\"bck-vt-date-time\">\r\n\t\t\t\t\t\t<div class=\"bck-vt-date\">\r\n\t\t\t\t\t\t\tJanuary 01, 2021\r\n\t\t\t\t\t\t<\/div>\r\n\t\t\t\t\t\t<div class=\"bck-vt-time\">\r\n\t\t\t\t\t\t\t12 AM\r\n\t\t\t\t\t\t<\/div>\r\n\t\t\t\t\t<\/div>\r\n\t\t\t\t<\/div>\r\n\t\t\t<\/div>\r\n\t\t\t\t<\/div>\r\n\t\t\t<\/div>\n\t\t\t\t<\/div>\n\t\t\t<\/div><div class=\"et_pb_module bck_vertical_timeline_child bck_vertical_timeline_child_3\">\n\t\t\t\t\n\t\t\t\t\n\t\t\t\t\n\t\t\t\t\n\t\t\t\t\n\t\t\t\t\n\t\t\t\t<div class=\"et_pb_module_inner\">\n\t\t\t\t\t<div class=\"bck-vt-item\">\r\n\t\t\t\t<div class=\"bck-vt-scroll\">\r\n\t\t\t\t\t<div class=\"bck-vt-scroll-inner\"><\/div>\r\n\t\t\t\t<\/div>\r\n\t\t\t\t<div class=\"bck-vt-content\">\r\n\t\t\t\t\t<div class=\"bck-vt-circle\">\r\n\t\t\t\t<span class=\"bck-et-icon\">&#xf57c;<\/span>\r\n\t\t\t<\/div> <div class=\"bck-vt-content-inner\">\r\n\t\t\t\t<div class=\"bck-vt-content-left\">\r\n\t\t\t\t\t<div class=\"bck-vt-title\">\r\n\t\t\t\t\t<h4>Sprachen<\/h4>\r\n\t\t\t\t<\/div> \r\n\t\t\t\t<\/div>\r\n\t\t\t\t<div class=\"bck-vt-content-right\">\r\n\t\t\t\t\t <div class=\"bck-vt-desc\">\r\n\t\t\t\t\tDeutsch: Muttersprache Englisch: Verhandlungssicher\r\n\t\t\t\t<\/div> <div class=\"bck-vt-date-time\">\r\n\t\t\t\t\t\t<div class=\"bck-vt-date\">\r\n\t\t\t\t\t\t\tJanuary 01, 2021\r\n\t\t\t\t\t\t<\/div>\r\n\t\t\t\t\t\t<div class=\"bck-vt-time\">\r\n\t\t\t\t\t\t\t12 AM\r\n\t\t\t\t\t\t<\/div>\r\n\t\t\t\t\t<\/div>\r\n\t\t\t\t<\/div>\r\n\t\t\t<\/div>\r\n\t\t\t\t<\/div>\r\n\t\t\t<\/div>\n\t\t\t\t<\/div>\n\t\t\t<\/div>\r\n\t\t\t<\/div>\n\t\t\t\t<\/div>\n\t\t\t<\/div>KENNTNISSE CHRISTIAN STACHERL<div class=\"et_pb_module dsm_icon_list dsm_icon_list_0 et_animated\">\n\t\t\t\t\n\t\t\t\t\n\t\t\t\t\n\t\t\t\t\n\t\t\t\t\n\t\t\t\t\n\t\t\t\t<div class=\"et_pb_module_inner\">\n\t\t\t\t\t<ul class=\"dsm_icon_list_items dsm_icon_list_ltr_direction dsm_icon_list_layout_horizontal\"><\/ul>\n\t\t\t\t<\/div>\n\t\t\t<\/div><li class=\"dsm_icon_list_child dsm_icon_list_child_0\">\n\t\t\t\t\n\t\t\t\t\n\t\t\t\t\n\t\t\t\t\n\t\t\t\t<span class=\"dsm_icon_list_wrapper\"><\/span><span class=\"dsm_icon_list_text\">Leistungs- und beitragsorientierter Pensionsplan<\/span>\n\t\t\t<\/li><li class=\"dsm_icon_list_child dsm_icon_list_child_1\">\n\t\t\t\t\n\t\t\t\t\n\t\t\t\t\n\t\t\t\t\n\t\t\t\t<span class=\"dsm_icon_list_wrapper\"><\/span><span class=\"dsm_icon_list_text\">R\u00fcckdeckungsversicherung<\/span>\n\t\t\t<\/li><li class=\"dsm_icon_list_child dsm_icon_list_child_2\">\n\t\t\t\t\n\t\t\t\t\n\t\t\t\t\n\t\t\t\t\n\t\t\t\t<span class=\"dsm_icon_list_wrapper\"><span class=\"dsm_icon_list_icon\">P<\/span><\/span><span class=\"dsm_icon_list_text\">&#8220;Versicherungsmathematische<\/span>\n\t\t\t<\/li><\/p>\n","protected":false},"author":1,"featured_media":0,"parent":10982,"menu_order":0,"comment_status":"closed","ping_status":"closed","template":"","meta":{"_et_pb_use_builder":"on","_et_pb_old_content":"","_et_gb_content_width":"","footnotes":""},"class_list":["post-4408015","page","type-page","status-publish","hentry"],"_links":{"self":[{"href":"https:\/\/old.aktuar-group.at\/bv\/wp-json\/wp\/v2\/pages\/4408015","targetHints":{"allow":["GET"]}}],"collection":[{"href":"https:\/\/old.aktuar-group.at\/bv\/wp-json\/wp\/v2\/pages"}],"about":[{"href":"https:\/\/old.aktuar-group.at\/bv\/wp-json\/wp\/v2\/types\/page"}],"author":[{"embeddable":true,"href":"https:\/\/old.aktuar-group.at\/bv\/wp-json\/wp\/v2\/users\/1"}],"replies":[{"embeddable":true,"href":"https:\/\/old.aktuar-group.at\/bv\/wp-json\/wp\/v2\/comments?post=4408015"}],"version-history":[{"count":0,"href":"https:\/\/old.aktuar-group.at\/bv\/wp-json\/wp\/v2\/pages\/4408015\/revisions"}],"up":[{"embeddable":true,"href":"https:\/\/old.aktuar-group.at\/bv\/wp-json\/wp\/v2\/pages\/10982"}],"wp:attachment":[{"href":"https:\/\/old.aktuar-group.at\/bv\/wp-json\/wp\/v2\/media?parent=4408015"}],"curies":[{"name":"wp","href":"https:\/\/api.w.org\/{rel}","templated":true}]}}