{"id":415,"date":"2021-08-29T18:43:39","date_gmt":"2021-08-29T16:43:39","guid":{"rendered":"https:\/\/aktuar.cc\/bv\/?page_id=415"},"modified":"2023-07-24T16:49:51","modified_gmt":"2023-07-24T14:49:51","slug":"bwci","status":"publish","type":"page","link":"https:\/\/old.aktuar-group.at\/bv\/bwci\/","title":{"rendered":"BWCI"},"content":{"rendered":"<p>[et_pb_section fb_built=&#8220;1&#8243; _builder_version=&#8220;4.16&#8243; _module_preset=&#8220;default&#8220; background_image=&#8220;https:\/\/old.aktuar-group.at\/bv\/wp-content\/uploads\/sites\/4\/2021\/09\/Kooperation_Hintergrund.jpg&#8220; parallax=&#8220;on&#8220; parallax_method=&#8220;off&#8220; height=&#8220;100vh&#8220; custom_margin=&#8220;0px|0px|0px|0px|true|true&#8220; custom_padding=&#8220;0px|0px|0px|0px|true|true&#8220; global_colors_info=&#8220;{}&#8220;][et_pb_row column_structure=&#8220;1_4,3_4&#8243; make_equal=&#8220;on&#8220; _builder_version=&#8220;4.16&#8243; _module_preset=&#8220;default&#8220; background_color=&#8220;#5A9141&#8243; background_color_gradient_direction=&#8220;135deg&#8220; positioning=&#8220;absolute&#8220; position_origin_a=&#8220;center_center&#8220; width=&#8220;100%&#8220; width_tablet=&#8220;100vw&#8220; width_phone=&#8220;100vw&#8220; width_last_edited=&#8220;on|tablet&#8220; max_width=&#8220;100vw&#8220; custom_margin=&#8220;0px|0px|0px|0px|true|true&#8220; custom_padding=&#8220;|24px||24px|true|true&#8220; animation_style=&#8220;fade&#8220; animation_duration=&#8220;1500ms&#8220; global_colors_info=&#8220;{}&#8220;][et_pb_column type=&#8220;1_4&#8243; _builder_version=&#8220;4.16&#8243; _module_preset=&#8220;default&#8220; global_colors_info=&#8220;{}&#8220;][et_pb_image src=&#8220;https:\/\/old.aktuar-group.at\/bv\/wp-content\/uploads\/sites\/4\/2021\/08\/AKTUAR_Logo_Favicon_Weiss.svg&#8220; alt=&#8220;AKTUAR_Logo_Favicon_Wei\u00df&#8220; title_text=&#8220;AKTUAR_Logo_Favicon_Wei\u00df&#8220; _builder_version=&#8220;4.16&#8243; _module_preset=&#8220;default&#8220; positioning=&#8220;absolute&#8220; position_origin_a=&#8220;center_center&#8220; position_origin_a_tablet=&#8220;&#8220; position_origin_a_phone=&#8220;&#8220; position_origin_a_last_edited=&#8220;on|desktop&#8220; position_origin_f_tablet=&#8220;&#8220; position_origin_f_phone=&#8220;&#8220; position_origin_f_last_edited=&#8220;on|desktop&#8220; position_origin_r_tablet=&#8220;&#8220; position_origin_r_phone=&#8220;&#8220; position_origin_r_last_edited=&#8220;on|desktop&#8220; width=&#8220;50%&#8220; max_width_tablet=&#8220;150px&#8220; max_width_phone=&#8220;100px&#8220; max_width_last_edited=&#8220;on|phone&#8220; custom_margin_tablet=&#8220;&#8220; custom_margin_phone=&#8220;0px||0px||false|false&#8220; custom_margin_last_edited=&#8220;on|phone&#8220; custom_padding=&#8220;0px||0px||true|false&#8220; positioning_tablet=&#8220;none&#8220; positioning_phone=&#8220;&#8220; positioning_last_edited=&#8220;on|phone&#8220; global_colors_info=&#8220;{}&#8220;][\/et_pb_image][\/et_pb_column][et_pb_column type=&#8220;3_4&#8243; _builder_version=&#8220;4.16&#8243; _module_preset=&#8220;default&#8220; global_colors_info=&#8220;{}&#8220;][et_pb_text content_last_edited=&#8220;off|desktop&#8220; module_class=&#8220;span-h1-white&#8220; _builder_version=&#8220;4.16&#8243; _module_preset=&#8220;default&#8220; text_font=&#8220;|700|||||||&#8220; text_text_color=&#8220;#FFFFFF&#8220; text_font_size=&#8220;20px&#8220; text_line_height=&#8220;1em&#8220; header_font=&#8220;|700|||||||&#8220; header_text_color=&#8220;#FFFFFF&#8220; header_font_size=&#8220;50px&#8220; header_2_font=&#8220;|700|||||||&#8220; header_2_font_size=&#8220;42px&#8220; header_3_font=&#8220;|700|||||||&#8220; header_3_text_color=&#8220;#009DE0&#8243; positioning=&#8220;relative&#8220; position_origin_a=&#8220;center_left&#8220; width=&#8220;100%&#8220; custom_padding=&#8220;48px||48px||true|false&#8220; custom_padding_tablet=&#8220;&#8220; custom_padding_phone=&#8220;0px||24px||false|false&#8220; custom_padding_last_edited=&#8220;on|tablet&#8220; animation_direction=&#8220;left&#8220; text_font_size_tablet=&#8220;&#8220; text_font_size_phone=&#8220;16px&#8220; text_font_size_last_edited=&#8220;on|phone&#8220; header_font_size_tablet=&#8220;40px&#8220; header_font_size_phone=&#8220;32px&#8220; header_font_size_last_edited=&#8220;on|phone&#8220; header_2_font_size_tablet=&#8220;32px&#8220; header_2_font_size_phone=&#8220;24px&#8220; header_2_font_size_last_edited=&#8220;on|phone&#8220; header_3_font_size_tablet=&#8220;&#8220; header_3_font_size_phone=&#8220;20px&#8220; header_3_font_size_last_edited=&#8220;on|phone&#8220; text_orientation_tablet=&#8220;center&#8220; text_orientation_phone=&#8220;&#8220; text_orientation_last_edited=&#8220;on|phone&#8220; text_text_shadow_style=&#8220;preset1&#8243; header_text_shadow_style=&#8220;preset1&#8243; global_colors_info=&#8220;{}&#8220;]<\/p>\n<h1>KOOPERATION MIT BWCI<\/h1>\n<p>KUNDENORIENTIERT &#8211; KONKRET &#8211; INNOVATIV<\/p>\n<p>[\/et_pb_text][\/et_pb_column][\/et_pb_row][\/et_pb_section][et_pb_section fb_built=&#8220;1&#8243; _builder_version=&#8220;4.16&#8243; _module_preset=&#8220;default&#8220; background_color=&#8220;#FFFFFF&#8220; custom_margin=&#8220;0px||0px||true|false&#8220; custom_padding=&#8220;15vh||15vh||true|false&#8220; global_colors_info=&#8220;{}&#8220;][et_pb_row _builder_version=&#8220;4.16&#8243; _module_preset=&#8220;default&#8220; width=&#8220;90%&#8220; max_width=&#8220;90vw&#8220; custom_margin=&#8220;||5vh||false|false&#8220; animation_style=&#8220;zoom&#8220; animation_direction=&#8220;left&#8220; animation_duration=&#8220;1500ms&#8220; global_colors_info=&#8220;{}&#8220;][et_pb_column type=&#8220;4_4&#8243; _builder_version=&#8220;4.16&#8243; _module_preset=&#8220;default&#8220; global_colors_info=&#8220;{}&#8220;][et_pb_text module_class=&#8220;span-font-brand&#8220; _builder_version=&#8220;4.16&#8243; _module_preset=&#8220;default&#8220; text_font=&#8220;|600|||||||&#8220; text_text_color=&#8220;#98A0AB&#8220; header_2_font=&#8220;|700|||||||&#8220; custom_padding=&#8220;||||false|false&#8220; animation_style=&#8220;zoom&#8220; animation_direction=&#8220;left&#8220; global_colors_info=&#8220;{}&#8220;]<\/p>\n<h2>BWCI<br \/>\n<span>KUNDENORIENTIERT &#8211; KONKRET &#8211; INNOVATIV<\/span><\/h2>\n<p>[\/et_pb_text][\/et_pb_column][\/et_pb_row][et_pb_row column_structure=&#8220;1_2,1_2&#8243; _builder_version=&#8220;4.16&#8243; _module_preset=&#8220;default&#8220; width=&#8220;90%&#8220; max_width=&#8220;1280px&#8220; custom_padding=&#8220;|||1px||&#8220; animation_style=&#8220;zoom&#8220; animation_duration=&#8220;1500ms&#8220; global_colors_info=&#8220;{}&#8220;][et_pb_column type=&#8220;1_2&#8243; _builder_version=&#8220;4.16&#8243; _module_preset=&#8220;default&#8220; global_colors_info=&#8220;{}&#8220;][et_pb_text ul_type=&#8220;square&#8220; content_last_edited=&#8220;off|desktop&#8220; module_class=&#8220;textbox&#8220; _builder_version=&#8220;4.16&#8243; _module_preset=&#8220;default&#8220; text_font=&#8220;|300|||||||&#8220; text_line_height=&#8220;1.4em&#8220; ul_font=&#8220;|300|||||||&#8220; ul_line_height=&#8220;1.2em&#8220; header_2_text_color=&#8220;#242424&#8243; header_3_font=&#8220;|700|||||||&#8220; width=&#8220;100%&#8220; module_alignment=&#8220;center&#8220; custom_padding=&#8220;||||false|false&#8220; custom_padding_tablet=&#8220;|48px|48px|48px|false|true&#8220; custom_padding_phone=&#8220;|24px|24px|24px|false|true&#8220; custom_padding_last_edited=&#8220;on|phone&#8220; global_colors_info=&#8220;{}&#8220;]<\/p>\n<p>Gegr\u00fcndet in 1979, ist BWCI mit ca. 120 MitarbeiterInnen auf den Kanalinseln das gr\u00f6\u00dfte Unternehmen in den Gesch\u00e4ftsfeldern Versicherungs- und Wirtschaftsmathematik, Beratung zur betrieblichen Vorsorge sowie Investment (Veranlagung, ALM-Studien, Risikomanagement). Der Sitz des Unternehmens ist in St. Peter Port, Guernsey.<\/p>\n<p>[\/et_pb_text][\/et_pb_column][et_pb_column type=&#8220;1_2&#8243; _builder_version=&#8220;4.16&#8243; _module_preset=&#8220;default&#8220; global_colors_info=&#8220;{}&#8220;][et_pb_image src=&#8220;https:\/\/old.aktuar-group.at\/bv\/wp-content\/uploads\/sites\/4\/2023\/07\/BWCI_logo.png&#8220; alt=&#8220;BWCI Logo&#8220; title_text=&#8220;BWCI Logo&#8220; _builder_version=&#8220;4.21.0&#8243; _module_preset=&#8220;default&#8220; width=&#8220;50%&#8220; max_width=&#8220;200px&#8220; module_alignment=&#8220;left&#8220; hover_enabled=&#8220;0&#8243; global_colors_info=&#8220;{}&#8220; sticky_enabled=&#8220;0&#8243;][\/et_pb_image][\/et_pb_column][\/et_pb_row][\/et_pb_section][et_pb_section fb_built=&#8220;1&#8243; _builder_version=&#8220;4.16&#8243; _module_preset=&#8220;default&#8220; background_color=&#8220;#F5F5F5&#8243; custom_margin=&#8220;0px||0px||true|false&#8220; custom_padding=&#8220;15vh||15vh||true|false&#8220; global_colors_info=&#8220;{}&#8220;][et_pb_row column_structure=&#8220;1_2,1_2&#8243; _builder_version=&#8220;4.16&#8243; _module_preset=&#8220;default&#8220; width=&#8220;90%&#8220; max_width=&#8220;1280px&#8220; custom_padding=&#8220;|||1px||&#8220; animation_style=&#8220;zoom&#8220; animation_duration=&#8220;1500ms&#8220; global_colors_info=&#8220;{}&#8220;][et_pb_column type=&#8220;1_2&#8243; _builder_version=&#8220;4.16&#8243; _module_preset=&#8220;default&#8220; global_colors_info=&#8220;{}&#8220;][dsm_icon_list icon_color=&#8220;#5A9141&#8243; icon_padding=&#8220;16px&#8220; icon_font_size=&#8220;32px&#8220; list_space_between=&#8220;0px&#8220; _builder_version=&#8220;4.16&#8243; _module_preset=&#8220;default&#8220; global_colors_info=&#8220;{}&#8220;][dsm_icon_list_child text=&#8220;Pensionsvorsorge (Treuhandschaft, Pensionsadministration, Internationaler Pensionsplan)&#8220; font_icon=&#8220;&#x52;||divi||400&#8243; _builder_version=&#8220;4.16&#8243; _module_preset=&#8220;default&#8220; global_colors_info=&#8220;{}&#8220;][\/dsm_icon_list_child][dsm_icon_list_child text=&#8220;Versicherungsmathematische Gutachten (nach internationalen Bewertungsrichtlinien)&#8220; font_icon=&#8220;&#x52;||divi||400&#8243; _builder_version=&#8220;4.16&#8243; _module_preset=&#8220;default&#8220; global_colors_info=&#8220;{}&#8220;][\/dsm_icon_list_child][dsm_icon_list_child text=&#8220;Investment Consulting (u.a. ALM-Studien, Investmentmanager Selektion)&#8220; font_icon=&#8220;&#x52;||divi||400&#8243; _builder_version=&#8220;4.16&#8243; _module_preset=&#8220;default&#8220; global_colors_info=&#8220;{}&#8220;][\/dsm_icon_list_child][dsm_icon_list_child text=&#8220;Versicherung (Solvency II, Veranlagung, Produktdesign, Tarifierung)&#8220; font_icon=&#8220;&#x52;||divi||400&#8243; _builder_version=&#8220;4.16&#8243; _module_preset=&#8220;default&#8220; global_colors_info=&#8220;{}&#8220;][\/dsm_icon_list_child][dsm_icon_list_child text=&#8220;Internationale Beratungst\u00e4tigkeiten (v.a. Gro\u00dfbritannien, Gibraltar, Malta, Isle of Man, S\u00fcdafrika)&#8220; font_icon=&#8220;&#x52;||divi||400&#8243; _builder_version=&#8220;4.16&#8243; _module_preset=&#8220;default&#8220; global_colors_info=&#8220;{}&#8220;][\/dsm_icon_list_child][\/dsm_icon_list][et_pb_button button_url=&#8220;https:\/\/www.bwcigroup.com\/&#8220; url_new_window=&#8220;on&#8220; button_text=&#8220;WEBSITE VON BWCI&#8220; button_alignment=&#8220;left&#8220; _builder_version=&#8220;4.16&#8243; _module_preset=&#8220;default&#8220; custom_margin=&#8220;8vh||||false|false&#8220; global_colors_info=&#8220;{}&#8220;][\/et_pb_button][\/et_pb_column][et_pb_column type=&#8220;1_2&#8243; _builder_version=&#8220;4.16&#8243; _module_preset=&#8220;default&#8220; global_colors_info=&#8220;{}&#8220;][et_pb_image src=&#8220;https:\/\/old.aktuar-group.at\/bv\/wp-content\/uploads\/sites\/4\/2021\/09\/BWCI-Titel_2-1dce2c4b.png&#8220; alt=&#8220;BWCI Titel&#8220; title_text=&#8220;BWCI Titel&#8220; _builder_version=&#8220;4.16&#8243; _module_preset=&#8220;default&#8220; global_colors_info=&#8220;{}&#8220; filter_saturate__hover_enabled=&#8220;on|desktop&#8220;][\/et_pb_image][\/et_pb_column][\/et_pb_row][\/et_pb_section]<\/p>\n","protected":false},"excerpt":{"rendered":"<p>KOOPERATION MIT BWCI KUNDENORIENTIERT &#8211; KONKRET &#8211; INNOVATIVBWCI KUNDENORIENTIERT &#8211; KONKRET &#8211; INNOVATIVGegr\u00fcndet in 1979, ist BWCI mit ca. 120 MitarbeiterInnen auf den Kanalinseln das gr\u00f6\u00dfte Unternehmen in den Gesch\u00e4ftsfeldern Versicherungs- und Wirtschaftsmathematik, Beratung zur betrieblichen Vorsorge sowie Investment (Veranlagung, ALM-Studien, Risikomanagement). Der Sitz des Unternehmens ist in St. Peter Port, Guernsey.<div class=\"et_pb_module dsm_icon_list dsm_icon_list_0\">\n\t\t\t\t\n\t\t\t\t\n\t\t\t\t\n\t\t\t\t\n\t\t\t\t\n\t\t\t\t\n\t\t\t\t<div class=\"et_pb_module_inner\">\n\t\t\t\t\t<ul class=\"dsm_icon_list_items dsm_icon_list_ltr_direction dsm_icon_list_layout_vertical\"><li class=\"dsm_icon_list_child dsm_icon_list_child_0\">\n\t\t\t\t\n\t\t\t\t\n\t\t\t\t\n\t\t\t\t\n\t\t\t\t<span class=\"dsm_icon_list_wrapper\"><span class=\"dsm_icon_list_icon\">R<\/span><\/span><span class=\"dsm_icon_list_text\">Pensionsvorsorge (Treuhandschaft, Pensionsadministration, Internationaler Pensionsplan)<\/span>\n\t\t\t<\/li><li class=\"dsm_icon_list_child dsm_icon_list_child_1\">\n\t\t\t\t\n\t\t\t\t\n\t\t\t\t\n\t\t\t\t\n\t\t\t\t<span class=\"dsm_icon_list_wrapper\"><span class=\"dsm_icon_list_icon\">R<\/span><\/span><span class=\"dsm_icon_list_text\">Versicherungsmathematische Gutachten (nach internationalen Bewertungsrichtlinien)<\/span>\n\t\t\t<\/li><li class=\"dsm_icon_list_child dsm_icon_list_child_2\">\n\t\t\t\t\n\t\t\t\t\n\t\t\t\t\n\t\t\t\t\n\t\t\t\t<span class=\"dsm_icon_list_wrapper\"><span class=\"dsm_icon_list_icon\">R<\/span><\/span><span class=\"dsm_icon_list_text\">Investment Consulting (u.a. ALM-Studien, Investmentmanager Selektion)<\/span>\n\t\t\t<\/li><li class=\"dsm_icon_list_child dsm_icon_list_child_3\">\n\t\t\t\t\n\t\t\t\t\n\t\t\t\t\n\t\t\t\t\n\t\t\t\t<span class=\"dsm_icon_list_wrapper\"><span class=\"dsm_icon_list_icon\">R<\/span><\/span><span class=\"dsm_icon_list_text\">Versicherung (Solvency II, Veranlagung, Produktdesign, Tarifierung)<\/span>\n\t\t\t<\/li><li class=\"dsm_icon_list_child dsm_icon_list_child_4\">\n\t\t\t\t\n\t\t\t\t\n\t\t\t\t\n\t\t\t\t\n\t\t\t\t<span class=\"dsm_icon_list_wrapper\"><span class=\"dsm_icon_list_icon\">R<\/span><\/span><span class=\"dsm_icon_list_text\">Internationale Beratungst\u00e4tigkeiten (v.a. Gro\u00dfbritannien, Gibraltar, Malta, Isle of Man, S\u00fcdafrika)<\/span>\n\t\t\t<\/li><\/ul>\n\t\t\t\t<\/div>\n\t\t\t<\/div><\/p>\n","protected":false},"author":1,"featured_media":0,"parent":0,"menu_order":0,"comment_status":"closed","ping_status":"closed","template":"","meta":{"_et_pb_use_builder":"on","_et_pb_old_content":"","_et_gb_content_width":"","footnotes":""},"class_list":["post-415","page","type-page","status-publish","hentry"],"_links":{"self":[{"href":"https:\/\/old.aktuar-group.at\/bv\/wp-json\/wp\/v2\/pages\/415","targetHints":{"allow":["GET"]}}],"collection":[{"href":"https:\/\/old.aktuar-group.at\/bv\/wp-json\/wp\/v2\/pages"}],"about":[{"href":"https:\/\/old.aktuar-group.at\/bv\/wp-json\/wp\/v2\/types\/page"}],"author":[{"embeddable":true,"href":"https:\/\/old.aktuar-group.at\/bv\/wp-json\/wp\/v2\/users\/1"}],"replies":[{"embeddable":true,"href":"https:\/\/old.aktuar-group.at\/bv\/wp-json\/wp\/v2\/comments?post=415"}],"version-history":[{"count":0,"href":"https:\/\/old.aktuar-group.at\/bv\/wp-json\/wp\/v2\/pages\/415\/revisions"}],"wp:attachment":[{"href":"https:\/\/old.aktuar-group.at\/bv\/wp-json\/wp\/v2\/media?parent=415"}],"curies":[{"name":"wp","href":"https:\/\/api.w.org\/{rel}","templated":true}]}}