{"id":405,"date":"2021-08-29T18:25:33","date_gmt":"2021-08-29T16:25:33","guid":{"rendered":"https:\/\/aktuar.cc\/bv\/?page_id=405"},"modified":"2022-05-17T12:08:30","modified_gmt":"2022-05-17T10:08:30","slug":"bvnet","status":"publish","type":"page","link":"https:\/\/old.aktuar-group.at\/bv\/bvnet\/","title":{"rendered":"BVNET"},"content":{"rendered":"<p>[et_pb_section fb_built=&#8220;1&#8243; _builder_version=&#8220;4.16&#8243; _module_preset=&#8220;default&#8220; background_image=&#8220;https:\/\/old.aktuar-group.at\/bv\/wp-content\/uploads\/sites\/4\/2021\/09\/Kooperation_Hintergrund.jpg&#8220; parallax=&#8220;on&#8220; parallax_method=&#8220;off&#8220; height=&#8220;100vh&#8220; custom_margin=&#8220;0px|0px|0px|0px|true|true&#8220; custom_padding=&#8220;0px|0px|0px|0px|true|true&#8220; global_colors_info=&#8220;{}&#8220;][et_pb_row column_structure=&#8220;1_4,3_4&#8243; make_equal=&#8220;on&#8220; _builder_version=&#8220;4.16&#8243; _module_preset=&#8220;default&#8220; background_color=&#8220;#5A9141&#8243; background_color_gradient_direction=&#8220;135deg&#8220; positioning=&#8220;absolute&#8220; position_origin_a=&#8220;center_center&#8220; width=&#8220;100%&#8220; width_tablet=&#8220;100vw&#8220; width_phone=&#8220;100vw&#8220; width_last_edited=&#8220;on|tablet&#8220; max_width=&#8220;100vw&#8220; custom_margin=&#8220;0px|0px|0px|0px|true|true&#8220; custom_padding=&#8220;|24px||24px|true|true&#8220; animation_style=&#8220;fade&#8220; animation_duration=&#8220;1500ms&#8220; global_colors_info=&#8220;{}&#8220;][et_pb_column type=&#8220;1_4&#8243; _builder_version=&#8220;4.16&#8243; _module_preset=&#8220;default&#8220; global_colors_info=&#8220;{}&#8220;][et_pb_image src=&#8220;https:\/\/old.aktuar-group.at\/bv\/wp-content\/uploads\/sites\/4\/2021\/08\/AKTUAR_Logo_Favicon_Weiss.svg&#8220; alt=&#8220;AKTUAR_Logo_Favicon_Wei\u00df&#8220; title_text=&#8220;AKTUAR_Logo_Favicon_Wei\u00df&#8220; _builder_version=&#8220;4.16&#8243; _module_preset=&#8220;default&#8220; positioning=&#8220;absolute&#8220; position_origin_a=&#8220;center_center&#8220; position_origin_a_tablet=&#8220;&#8220; position_origin_a_phone=&#8220;&#8220; position_origin_a_last_edited=&#8220;on|desktop&#8220; position_origin_f_tablet=&#8220;&#8220; position_origin_f_phone=&#8220;&#8220; position_origin_f_last_edited=&#8220;on|desktop&#8220; position_origin_r_tablet=&#8220;&#8220; position_origin_r_phone=&#8220;&#8220; position_origin_r_last_edited=&#8220;on|desktop&#8220; width=&#8220;50%&#8220; max_width_tablet=&#8220;150px&#8220; max_width_phone=&#8220;100px&#8220; max_width_last_edited=&#8220;on|phone&#8220; custom_margin_tablet=&#8220;&#8220; custom_margin_phone=&#8220;0px||0px||false|false&#8220; custom_margin_last_edited=&#8220;on|phone&#8220; custom_padding=&#8220;0px||0px||true|false&#8220; positioning_tablet=&#8220;none&#8220; positioning_phone=&#8220;&#8220; positioning_last_edited=&#8220;on|phone&#8220; global_colors_info=&#8220;{}&#8220;][\/et_pb_image][\/et_pb_column][et_pb_column type=&#8220;3_4&#8243; _builder_version=&#8220;4.16&#8243; _module_preset=&#8220;default&#8220; global_colors_info=&#8220;{}&#8220;][et_pb_text content_last_edited=&#8220;off|desktop&#8220; module_class=&#8220;span-h1-white&#8220; _builder_version=&#8220;4.16&#8243; _module_preset=&#8220;default&#8220; text_font=&#8220;|700|||||||&#8220; text_text_color=&#8220;#FFFFFF&#8220; text_font_size=&#8220;20px&#8220; text_line_height=&#8220;1em&#8220; header_font=&#8220;|700|||||||&#8220; header_text_color=&#8220;#FFFFFF&#8220; header_font_size=&#8220;50px&#8220; header_2_font=&#8220;|700|||||||&#8220; header_2_font_size=&#8220;42px&#8220; header_3_font=&#8220;|700|||||||&#8220; header_3_text_color=&#8220;#009DE0&#8243; positioning=&#8220;relative&#8220; position_origin_a=&#8220;center_left&#8220; width=&#8220;100%&#8220; custom_padding=&#8220;48px||48px||true|false&#8220; custom_padding_tablet=&#8220;&#8220; custom_padding_phone=&#8220;0px||24px||false|false&#8220; custom_padding_last_edited=&#8220;on|tablet&#8220; animation_direction=&#8220;left&#8220; text_font_size_tablet=&#8220;&#8220; text_font_size_phone=&#8220;16px&#8220; text_font_size_last_edited=&#8220;on|phone&#8220; header_font_size_tablet=&#8220;40px&#8220; header_font_size_phone=&#8220;32px&#8220; header_font_size_last_edited=&#8220;on|phone&#8220; header_2_font_size_tablet=&#8220;32px&#8220; header_2_font_size_phone=&#8220;24px&#8220; header_2_font_size_last_edited=&#8220;on|phone&#8220; header_3_font_size_tablet=&#8220;&#8220; header_3_font_size_phone=&#8220;20px&#8220; header_3_font_size_last_edited=&#8220;on|phone&#8220; text_orientation_tablet=&#8220;center&#8220; text_orientation_phone=&#8220;&#8220; text_orientation_last_edited=&#8220;on|phone&#8220; text_text_shadow_style=&#8220;preset1&#8243; header_text_shadow_style=&#8220;preset1&#8243; global_colors_info=&#8220;{}&#8220;]<\/p>\n<h1> KOOPERATION MIT BVNET<\/h1>\n<p>VORTEILE, DIE \u00dcBERZEUGEN[\/et_pb_text][\/et_pb_column][\/et_pb_row][\/et_pb_section][et_pb_section fb_built=&#8220;1&#8243; _builder_version=&#8220;4.16&#8243; _module_preset=&#8220;default&#8220; background_color=&#8220;#FFFFFF&#8220; custom_margin=&#8220;0px||0px||true|false&#8220; custom_padding=&#8220;15vh||15vh||true|false&#8220; global_colors_info=&#8220;{}&#8220;][et_pb_row _builder_version=&#8220;4.16&#8243; _module_preset=&#8220;default&#8220; width=&#8220;90%&#8220; max_width=&#8220;90vw&#8220; custom_margin=&#8220;||5vh||false|false&#8220; global_colors_info=&#8220;{}&#8220;][et_pb_column type=&#8220;4_4&#8243; _builder_version=&#8220;4.16&#8243; _module_preset=&#8220;default&#8220; global_colors_info=&#8220;{}&#8220;][et_pb_text module_class=&#8220;span-font-brand&#8220; _builder_version=&#8220;4.16&#8243; _module_preset=&#8220;default&#8220; text_font=&#8220;|600|||||||&#8220; text_text_color=&#8220;#98A0AB&#8220; header_2_font=&#8220;|700|||||||&#8220; custom_padding=&#8220;||||false|false&#8220; animation_style=&#8220;zoom&#8220; animation_direction=&#8220;left&#8220; global_colors_info=&#8220;{}&#8220;]KOMPETENZEN B\u00dcNDELN<\/p>\n<h2>BVNET<br \/>\n<span>HINTERGRUND &#038; NETZWERK<\/span><\/h2>\n<p>[\/et_pb_text][\/et_pb_column][\/et_pb_row][et_pb_row column_structure=&#8220;1_2,1_2&#8243; _builder_version=&#8220;4.16&#8243; _module_preset=&#8220;default&#8220; width=&#8220;90%&#8220; max_width=&#8220;1280px&#8220; custom_padding=&#8220;|||1px||&#8220; animation_style=&#8220;zoom&#8220; animation_duration=&#8220;1500ms&#8220; global_colors_info=&#8220;{}&#8220;][et_pb_column type=&#8220;1_2&#8243; _builder_version=&#8220;4.16&#8243; _module_preset=&#8220;default&#8220; global_colors_info=&#8220;{}&#8220;][et_pb_text ul_type=&#8220;square&#8220; content_last_edited=&#8220;off|desktop&#8220; module_class=&#8220;textbox&#8220; _builder_version=&#8220;4.16&#8243; _module_preset=&#8220;default&#8220; text_font=&#8220;|300|||||||&#8220; text_line_height=&#8220;1.4em&#8220; ul_font=&#8220;|300|||||||&#8220; ul_line_height=&#8220;1.2em&#8220; header_2_text_color=&#8220;#242424&#8243; header_3_font=&#8220;|700|||||||&#8220; width=&#8220;100%&#8220; module_alignment=&#8220;center&#8220; custom_padding=&#8220;||||false|false&#8220; custom_padding_tablet=&#8220;|48px|48px|48px|false|true&#8220; custom_padding_phone=&#8220;|24px|24px|24px|false|true&#8220; custom_padding_last_edited=&#8220;on|phone&#8220; global_colors_info=&#8220;{}&#8220;]<\/p>\n<p>Von der Basis-Beratung zu den jeweiligen Vor- &amp; Nachteilen, der Wahl der geeigneten Durchf\u00fchrungswege \u00fcber die Unterst\u00fctzung bei Ausschreibungsverfahren bzw. die Abwicklung von R\u00fcckdeckungsversicherungen bis hin zu (steuer-)rechtlichen Hilfestellungen und versicherungsmathematischen Gutachten \u2013 Netzwerkpartner und Kunden von BVNet-Partnern profitieren von einem umfangreichen Leistungsportfolio \u2013 <strong>unabh\u00e4ngig, transparent und kompetent<\/strong>.<\/p>\n<p>[\/et_pb_text][\/et_pb_column][et_pb_column type=&#8220;1_2&#8243; _builder_version=&#8220;4.16&#8243; _module_preset=&#8220;default&#8220; global_colors_info=&#8220;{}&#8220;][et_pb_image src=&#8220;https:\/\/old.aktuar-group.at\/bv\/wp-content\/uploads\/sites\/4\/2022\/05\/BVNet-Logo.png&#8220; alt=&#8220;BVNet Logo&#8220; title_text=&#8220;BVNet Logo&#8220; _builder_version=&#8220;4.17.4&#8243; _module_preset=&#8220;default&#8220; hover_enabled=&#8220;0&#8243; global_colors_info=&#8220;{}&#8220; sticky_enabled=&#8220;0&#8243;][\/et_pb_image][\/et_pb_column][\/et_pb_row][et_pb_row _builder_version=&#8220;4.16&#8243; _module_preset=&#8220;default&#8220; width=&#8220;90%&#8220; max_width=&#8220;1280px&#8220; custom_padding=&#8220;|||1px||&#8220; animation_style=&#8220;zoom&#8220; animation_duration=&#8220;1500ms&#8220; global_colors_info=&#8220;{}&#8220;][et_pb_column type=&#8220;4_4&#8243; _builder_version=&#8220;4.16&#8243; _module_preset=&#8220;default&#8220; global_colors_info=&#8220;{}&#8220;][et_pb_text ul_type=&#8220;square&#8220; content_last_edited=&#8220;off|desktop&#8220; module_class=&#8220;textbox&#8220; _builder_version=&#8220;4.16&#8243; _module_preset=&#8220;default&#8220; text_font=&#8220;|300|||||||&#8220; text_line_height=&#8220;1.4em&#8220; ul_font=&#8220;|300|||||||&#8220; ul_line_height=&#8220;1.2em&#8220; header_2_text_color=&#8220;#242424&#8243; header_3_font=&#8220;|700|||||||&#8220; width=&#8220;100%&#8220; module_alignment=&#8220;center&#8220; custom_padding=&#8220;||||false|false&#8220; custom_padding_tablet=&#8220;|48px|48px|48px|false|true&#8220; custom_padding_phone=&#8220;|24px|24px|24px|false|true&#8220; custom_padding_last_edited=&#8220;on|phone&#8220; global_colors_info=&#8220;{}&#8220;]<\/p>\n<h3>VORTEILE, DIE \u00dcBERZEUGEN<\/h3>\n<p>Das BVNet Kompetenznetzwerk bietet f\u00fcr seine Partner eine Reihe an entscheidenden Vorteilen. Durch den Zugriff auf Experten unterschiedlicher Fachbereiche k\u00f6nnen s\u00e4mtliche Frage- und Problemstellungen der betrieblichen Vorsorge adressiert werden. Das erm\u00f6glicht BVNet-Partnern eine Erweiterung der eigenen Dienstleistungen und eine Reduktion von Haftungsrisiken. Endkunden profitieren von dem geb\u00fcndelten Know-How und g\u00fcnstigeren Marktzug\u00e4ngen zur Gestaltung moderner, individueller Vorsorgel\u00f6sungen.<\/p>\n<p>[\/et_pb_text][\/et_pb_column][\/et_pb_row][et_pb_row column_structure=&#8220;1_2,1_4,1_4&#8243; _builder_version=&#8220;4.16&#8243; _module_preset=&#8220;default&#8220; width=&#8220;90%&#8220; max_width=&#8220;1280px&#8220; custom_padding=&#8220;|||1px||&#8220; animation_style=&#8220;zoom&#8220; animation_duration=&#8220;1500ms&#8220; global_colors_info=&#8220;{}&#8220;][et_pb_column type=&#8220;1_2&#8243; _builder_version=&#8220;4.16&#8243; _module_preset=&#8220;default&#8220; global_colors_info=&#8220;{}&#8220;][et_pb_text ul_type=&#8220;square&#8220; content_last_edited=&#8220;off|desktop&#8220; module_class=&#8220;textbox&#8220; _builder_version=&#8220;4.16&#8243; _module_preset=&#8220;default&#8220; text_font=&#8220;|300|||||||&#8220; text_line_height=&#8220;1.4em&#8220; ul_font=&#8220;|300|||||||&#8220; ul_line_height=&#8220;1.2em&#8220; header_2_text_color=&#8220;#242424&#8243; header_3_font=&#8220;|700|||||||&#8220; width=&#8220;100%&#8220; module_alignment=&#8220;center&#8220; custom_padding=&#8220;||||false|false&#8220; custom_padding_tablet=&#8220;|48px|48px|48px|false|true&#8220; custom_padding_phone=&#8220;|24px|24px|24px|false|true&#8220; custom_padding_last_edited=&#8220;on|phone&#8220; global_colors_info=&#8220;{}&#8220;]<\/p>\n<h3>STARKE PARTNER<\/h3>\n<p><strong>BVNet \u2013 Kompetenznetzwerk Betriebliche Vorsorge<\/strong> wird aktuell von zwei Kernpartnern gestaltet \u2013 AKTUAR und PERICON.<\/p>\n<p>[\/et_pb_text][\/et_pb_column][et_pb_column type=&#8220;1_4&#8243; _builder_version=&#8220;4.16&#8243; _module_preset=&#8220;default&#8220; global_colors_info=&#8220;{}&#8220;][et_pb_image src=&#8220;https:\/\/old.aktuar-group.at\/bv\/wp-content\/uploads\/sites\/4\/2021\/08\/AKTUAR_Logo_Standard.svg&#8220; alt=&#8220;BVNet-Logo&#8220; title_text=&#8220;AKTUAR_Logo_Standard&#8220; _builder_version=&#8220;4.16&#8243; _module_preset=&#8220;default&#8220; global_colors_info=&#8220;{}&#8220;][\/et_pb_image][\/et_pb_column][et_pb_column type=&#8220;1_4&#8243; _builder_version=&#8220;4.16&#8243; _module_preset=&#8220;default&#8220; global_colors_info=&#8220;{}&#8220;][et_pb_image src=&#8220;https:\/\/old.aktuar-group.at\/bv\/wp-content\/uploads\/sites\/4\/2022\/05\/Pericon.png&#8220; alt=&#8220;Pericon-Logo&#8220; title_text=&#8220;Pericon&#8220; _builder_version=&#8220;4.17.4&#8243; _module_preset=&#8220;default&#8220; hover_enabled=&#8220;0&#8243; global_colors_info=&#8220;{}&#8220; sticky_enabled=&#8220;0&#8243;][\/et_pb_image][\/et_pb_column][\/et_pb_row][et_pb_row _builder_version=&#8220;4.16&#8243; _module_preset=&#8220;default&#8220; width=&#8220;90%&#8220; max_width=&#8220;1280px&#8220; custom_padding=&#8220;|||1px||&#8220; animation_style=&#8220;zoom&#8220; animation_duration=&#8220;1500ms&#8220; global_colors_info=&#8220;{}&#8220;][et_pb_column type=&#8220;4_4&#8243; _builder_version=&#8220;4.16&#8243; _module_preset=&#8220;default&#8220; global_colors_info=&#8220;{}&#8220;][et_pb_text ul_type=&#8220;square&#8220; content_last_edited=&#8220;off|desktop&#8220; module_class=&#8220;textbox&#8220; _builder_version=&#8220;4.16&#8243; _module_preset=&#8220;default&#8220; text_font=&#8220;|300|||||||&#8220; text_line_height=&#8220;1.4em&#8220; ul_font=&#8220;|300|||||||&#8220; ul_line_height=&#8220;1.2em&#8220; header_2_text_color=&#8220;#242424&#8243; header_3_font=&#8220;|700|||||||&#8220; width=&#8220;100%&#8220; module_alignment=&#8220;center&#8220; custom_padding=&#8220;||||false|false&#8220; custom_padding_tablet=&#8220;|48px|48px|48px|false|true&#8220; custom_padding_phone=&#8220;|24px|24px|24px|false|true&#8220; custom_padding_last_edited=&#8220;on|phone&#8220; global_colors_info=&#8220;{}&#8220;]Beide Partner sind seit vielen Jahren im Bereich der Betrieblichen Vorsorge aktiv und haben ihre Fachgebiete in sich erg\u00e4nzenden Themenbereichen entwickelt.[\/et_pb_text][\/et_pb_column][\/et_pb_row][\/et_pb_section][et_pb_section fb_built=&#8220;1&#8243; _builder_version=&#8220;4.16&#8243; _module_preset=&#8220;default&#8220; background_color=&#8220;#F5F5F5&#8243; custom_margin=&#8220;0px||0px||true|false&#8220; custom_padding=&#8220;15vh||15vh||true|false&#8220; global_colors_info=&#8220;{}&#8220;][et_pb_row _builder_version=&#8220;4.16&#8243; _module_preset=&#8220;default&#8220; width=&#8220;90%&#8220; max_width=&#8220;90vw&#8220; custom_margin=&#8220;||5vh||false|false&#8220; global_colors_info=&#8220;{}&#8220;][et_pb_column type=&#8220;4_4&#8243; _builder_version=&#8220;4.16&#8243; _module_preset=&#8220;default&#8220; global_colors_info=&#8220;{}&#8220;][et_pb_text module_class=&#8220;span-font-brand&#8220; _builder_version=&#8220;4.16&#8243; _module_preset=&#8220;default&#8220; text_font=&#8220;|600|||||||&#8220; text_text_color=&#8220;#98A0AB&#8220; header_2_font=&#8220;|700|||||||&#8220; custom_padding=&#8220;||||false|false&#8220; animation_style=&#8220;zoom&#8220; animation_direction=&#8220;left&#8220; global_colors_info=&#8220;{}&#8220;]DAS IST EINE DER GRUNDIDEEN UND LEITLINIEN F\u00dcR DAS NEU GEGR\u00dcNDETE EXPERTENNETZWERK BVNET.<\/p>\n<h2>BETRIEBLICHE VORSORGE<br \/>\n<span>\u201eALL INCLUSIVE\u201c<\/span><\/h2>\n<p>[\/et_pb_text][et_pb_text ul_type=&#8220;square&#8220; content_last_edited=&#8220;off|desktop&#8220; module_class=&#8220;textbox&#8220; _builder_version=&#8220;4.16&#8243; _module_preset=&#8220;default&#8220; text_font=&#8220;|300|||||||&#8220; text_line_height=&#8220;1.4em&#8220; ul_font=&#8220;|300|||||||&#8220; ul_line_height=&#8220;1.2em&#8220; header_2_text_color=&#8220;#242424&#8243; header_3_font=&#8220;|700|||||||&#8220; width=&#8220;100%&#8220; module_alignment=&#8220;center&#8220; custom_padding=&#8220;||||false|false&#8220; custom_padding_tablet=&#8220;|48px|48px|48px|false|true&#8220; custom_padding_phone=&#8220;|24px|24px|24px|false|true&#8220; custom_padding_last_edited=&#8220;on|phone&#8220; global_colors_info=&#8220;{}&#8220;]Beratung, Umsetzung, laufende Betreuung und Bilanzpflege &#8211; individuell, transparent und kompetent.[\/et_pb_text][\/et_pb_column][\/et_pb_row][et_pb_row column_structure=&#8220;1_2,1_2&#8243; _builder_version=&#8220;4.16&#8243; _module_preset=&#8220;default&#8220; width=&#8220;90%&#8220; max_width=&#8220;1280px&#8220; custom_padding=&#8220;|||1px||&#8220; animation_style=&#8220;fade&#8220; animation_duration=&#8220;1500ms&#8220; global_colors_info=&#8220;{}&#8220;][et_pb_column type=&#8220;1_2&#8243; _builder_version=&#8220;4.16&#8243; _module_preset=&#8220;default&#8220; global_colors_info=&#8220;{}&#8220;][dsm_icon_list icon_color=&#8220;#5A9141&#8243; list_space_between=&#8220;0px&#8220; _builder_version=&#8220;4.16&#8243; _module_preset=&#8220;default&#8220; global_colors_info=&#8220;{}&#8220;][dsm_icon_list_child text=&#8220;Zugriff auf Experten verschiedener Fachbereiche&#8220; font_icon=&#8220;&#x52;||divi||400&#8243; icon_padding=&#8220;16px&#8220; icon_font_size=&#8220;32px&#8220; _builder_version=&#8220;4.16&#8243; _module_preset=&#8220;default&#8220; global_colors_info=&#8220;{}&#8220;][\/dsm_icon_list_child][dsm_icon_list_child text=&#8220;Erweiterung des eigenen Dienstleistungsportfolios&#8220; font_icon=&#8220;&#x52;||divi||400&#8243; icon_padding=&#8220;16px&#8220; icon_font_size=&#8220;32px&#8220; _builder_version=&#8220;4.16&#8243; _module_preset=&#8220;default&#8220; global_colors_info=&#8220;{}&#8220;][\/dsm_icon_list_child][dsm_icon_list_child text=&#8220;Reduktion von Haftungsrisiken&#8220; font_icon=&#8220;&#x52;||divi||400&#8243; icon_padding=&#8220;16px&#8220; icon_font_size=&#8220;32px&#8220; _builder_version=&#8220;4.16&#8243; _module_preset=&#8220;default&#8220; global_colors_info=&#8220;{}&#8220;][\/dsm_icon_list_child][dsm_icon_list_child text=&#8220;Know-How-Transfer&#8220; font_icon=&#8220;&#x52;||divi||400&#8243; icon_padding=&#8220;16px&#8220; icon_font_size=&#8220;32px&#8220; _builder_version=&#8220;4.16&#8243; _module_preset=&#8220;default&#8220; global_colors_info=&#8220;{}&#8220;][\/dsm_icon_list_child][dsm_icon_list_child text=&#8220;%22Qualit\u00e4tspartnerschaft\u201c \u2013 keine Verpflichtung, keine Bindung&#8220; font_icon=&#8220;&#x52;||divi||400&#8243; icon_padding=&#8220;16px&#8220; icon_font_size=&#8220;32px&#8220; _builder_version=&#8220;4.16&#8243; _module_preset=&#8220;default&#8220; global_colors_info=&#8220;{}&#8220;][\/dsm_icon_list_child][dsm_icon_list_child text=&#8220;Beratungs- &#038; Berechnungstools&#8220; font_icon=&#8220;&#x52;||divi||400&#8243; icon_padding=&#8220;16px&#8220; icon_font_size=&#8220;32px&#8220; _builder_version=&#8220;4.16&#8243; _module_preset=&#8220;default&#8220; global_colors_info=&#8220;{}&#8220;][\/dsm_icon_list_child][dsm_icon_list_child text=&#8220;Pensionsbilanz&#8220; font_icon=&#8220;&#x52;||divi||400&#8243; icon_padding=&#8220;16px&#8220; icon_font_size=&#8220;32px&#8220; _builder_version=&#8220;4.16&#8243; _module_preset=&#8220;default&#8220; global_colors_info=&#8220;{}&#8220;][\/dsm_icon_list_child][\/dsm_icon_list][\/et_pb_column][et_pb_column type=&#8220;1_2&#8243; _builder_version=&#8220;4.16&#8243; _module_preset=&#8220;default&#8220; global_colors_info=&#8220;{}&#8220;][et_pb_image src=&#8220;https:\/\/old.aktuar-group.at\/bv\/wp-content\/uploads\/sites\/4\/2021\/08\/BVnet-Pericon1-635-1-2.jpeg&#8220; alt=&#8220;BVnet-Pericon&#8220; title_text=&#8220;BVnet-Pericon&#8220; _builder_version=&#8220;4.16&#8243; _module_preset=&#8220;default&#8220; global_colors_info=&#8220;{}&#8220; filter_saturate__hover_enabled=&#8220;on|desktop&#8220;][\/et_pb_image][\/et_pb_column][\/et_pb_row][\/et_pb_section]<\/p>\n","protected":false},"excerpt":{"rendered":"<p>KOOPERATION MIT BVNET VORTEILE, DIE \u00dcBERZEUGENKOMPETENZEN B\u00dcNDELNBVNET HINTERGRUND &#038; NETZWERKVon der Basis-Beratung zu den jeweiligen Vor- &amp; Nachteilen, der Wahl der geeigneten Durchf\u00fchrungswege \u00fcber die Unterst\u00fctzung bei Ausschreibungsverfahren bzw. die Abwicklung von R\u00fcckdeckungsversicherungen bis hin zu (steuer-)rechtlichen Hilfestellungen und versicherungsmathematischen Gutachten \u2013 Netzwerkpartner und Kunden von BVNet-Partnern profitieren von einem umfangreichen Leistungsportfolio \u2013 unabh\u00e4ngig, transparent und kompetent.VORTEILE, DIE \u00dcBERZEUGEN Das BVNet Kompetenznetzwerk bietet f\u00fcr seine Partner eine Reihe an entscheidenden Vorteilen. Durch den Zugriff auf Experten unterschiedlicher Fachbereiche k\u00f6nnen s\u00e4mtliche Frage- und Problemstellungen der betrieblichen Vorsorge adressiert werden. Das erm\u00f6glicht BVNet-Partnern eine Erweiterung der eigenen Dienstleistungen und eine Reduktion von Haftungsrisiken. Endkunden profitieren von dem geb\u00fcndelten Know-How und g\u00fcnstigeren Marktzug\u00e4ngen zur Gestaltung moderner, individueller Vorsorgel\u00f6sungen.STARKE PARTNER BVNet \u2013 Kompetenznetzwerk Betriebliche Vorsorge wird aktuell von zwei Kernpartnern gestaltet \u2013 AKTUAR und PERICON.Beide Partner sind seit vielen Jahren im Bereich der Betrieblichen Vorsorge aktiv und haben ihre Fachgebiete in sich erg\u00e4nzenden Themenbereichen entwickelt.DAS IST EINE DER GRUNDIDEEN UND LEITLINIEN F\u00dcR DAS NEU GEGR\u00dcNDETE EXPERTENNETZWERK BVNET. BETRIEBLICHE VORSORGE \u201eALL INCLUSIVE\u201cBeratung, Umsetzung, laufende Betreuung und Bilanzpflege &#8211; individuell, transparent und kompetent.<div class=\"et_pb_module dsm_icon_list dsm_icon_list_0\">\n\t\t\t\t\n\t\t\t\t\n\t\t\t\t\n\t\t\t\t\n\t\t\t\t\n\t\t\t\t\n\t\t\t\t<div class=\"et_pb_module_inner\">\n\t\t\t\t\t<ul class=\"dsm_icon_list_items dsm_icon_list_ltr_direction dsm_icon_list_layout_vertical\"><\/ul>\n\t\t\t\t<\/div>\n\t\t\t<\/div><li class=\"dsm_icon_list_child dsm_icon_list_child_0\">\n\t\t\t\t\n\t\t\t\t\n\t\t\t\t\n\t\t\t\t\n\t\t\t\t<span class=\"dsm_icon_list_wrapper\"><span class=\"dsm_icon_list_icon\">R<\/span><\/span><span class=\"dsm_icon_list_text\">Zugriff auf Experten verschiedener Fachbereiche<\/span>\n\t\t\t<\/li><li class=\"dsm_icon_list_child dsm_icon_list_child_1\">\n\t\t\t\t\n\t\t\t\t\n\t\t\t\t\n\t\t\t\t\n\t\t\t\t<span class=\"dsm_icon_list_wrapper\"><span class=\"dsm_icon_list_icon\"><\/span><\/span><span class=\"dsm_icon_list_text\">&#8220;Erweiterung<\/span>\n\t\t\t<\/li><\/p>\n","protected":false},"author":1,"featured_media":0,"parent":0,"menu_order":0,"comment_status":"closed","ping_status":"closed","template":"","meta":{"_et_pb_use_builder":"on","_et_pb_old_content":"","_et_gb_content_width":"","footnotes":""},"class_list":["post-405","page","type-page","status-publish","hentry"],"_links":{"self":[{"href":"https:\/\/old.aktuar-group.at\/bv\/wp-json\/wp\/v2\/pages\/405","targetHints":{"allow":["GET"]}}],"collection":[{"href":"https:\/\/old.aktuar-group.at\/bv\/wp-json\/wp\/v2\/pages"}],"about":[{"href":"https:\/\/old.aktuar-group.at\/bv\/wp-json\/wp\/v2\/types\/page"}],"author":[{"embeddable":true,"href":"https:\/\/old.aktuar-group.at\/bv\/wp-json\/wp\/v2\/users\/1"}],"replies":[{"embeddable":true,"href":"https:\/\/old.aktuar-group.at\/bv\/wp-json\/wp\/v2\/comments?post=405"}],"version-history":[{"count":0,"href":"https:\/\/old.aktuar-group.at\/bv\/wp-json\/wp\/v2\/pages\/405\/revisions"}],"wp:attachment":[{"href":"https:\/\/old.aktuar-group.at\/bv\/wp-json\/wp\/v2\/media?parent=405"}],"curies":[{"name":"wp","href":"https:\/\/api.w.org\/{rel}","templated":true}]}}