{"id":383,"date":"2021-08-29T17:32:20","date_gmt":"2021-08-29T15:32:20","guid":{"rendered":"https:\/\/aktuar.cc\/bv\/?page_id=383"},"modified":"2023-07-24T16:50:39","modified_gmt":"2023-07-24T14:50:39","slug":"abelica","status":"publish","type":"page","link":"https:\/\/old.aktuar-group.at\/bv\/abelica\/","title":{"rendered":"Abelica Global"},"content":{"rendered":"<p>[et_pb_section fb_built=&#8220;1&#8243; _builder_version=&#8220;4.16&#8243; _module_preset=&#8220;default&#8220; background_image=&#8220;https:\/\/old.aktuar-group.at\/bv\/wp-content\/uploads\/sites\/4\/2021\/08\/ThinkGlobalActLocal_Fotolia_95112943_L.jpg&#8220; parallax=&#8220;on&#8220; parallax_method=&#8220;off&#8220; height=&#8220;100vh&#8220; custom_margin=&#8220;0px|0px|0px|0px|true|true&#8220; custom_padding=&#8220;0px|0px|0px|0px|true|true&#8220; global_colors_info=&#8220;{}&#8220;][et_pb_row column_structure=&#8220;1_4,3_4&#8243; make_equal=&#8220;on&#8220; _builder_version=&#8220;4.16&#8243; _module_preset=&#8220;default&#8220; background_color=&#8220;#5A9141&#8243; background_color_gradient_direction=&#8220;135deg&#8220; positioning=&#8220;absolute&#8220; position_origin_a=&#8220;center_center&#8220; width=&#8220;100%&#8220; width_tablet=&#8220;100vw&#8220; width_phone=&#8220;100vw&#8220; width_last_edited=&#8220;on|tablet&#8220; max_width=&#8220;100vw&#8220; custom_margin=&#8220;0px|0px|0px|0px|true|true&#8220; custom_padding=&#8220;|24px||24px|true|true&#8220; animation_style=&#8220;fade&#8220; animation_duration=&#8220;1500ms&#8220; global_colors_info=&#8220;{}&#8220;][et_pb_column type=&#8220;1_4&#8243; _builder_version=&#8220;4.16&#8243; _module_preset=&#8220;default&#8220; global_colors_info=&#8220;{}&#8220;][et_pb_image src=&#8220;https:\/\/old.aktuar-group.at\/bv\/wp-content\/uploads\/sites\/4\/2021\/08\/AKTUAR_Logo_Favicon_Weiss.svg&#8220; alt=&#8220;AKTUAR_Logo_Favicon_Wei\u00df&#8220; title_text=&#8220;AKTUAR_Logo_Favicon_Wei\u00df&#8220; _builder_version=&#8220;4.16&#8243; _module_preset=&#8220;default&#8220; positioning=&#8220;absolute&#8220; position_origin_a=&#8220;center_center&#8220; position_origin_a_tablet=&#8220;&#8220; position_origin_a_phone=&#8220;&#8220; position_origin_a_last_edited=&#8220;on|desktop&#8220; position_origin_f_tablet=&#8220;&#8220; position_origin_f_phone=&#8220;&#8220; position_origin_f_last_edited=&#8220;on|desktop&#8220; position_origin_r_tablet=&#8220;&#8220; position_origin_r_phone=&#8220;&#8220; position_origin_r_last_edited=&#8220;on|desktop&#8220; width=&#8220;50%&#8220; max_width_tablet=&#8220;150px&#8220; max_width_phone=&#8220;100px&#8220; max_width_last_edited=&#8220;on|phone&#8220; custom_margin_tablet=&#8220;&#8220; custom_margin_phone=&#8220;0px||0px||false|false&#8220; custom_margin_last_edited=&#8220;on|phone&#8220; custom_padding=&#8220;0px||0px||true|false&#8220; positioning_tablet=&#8220;none&#8220; positioning_phone=&#8220;&#8220; positioning_last_edited=&#8220;on|phone&#8220; global_colors_info=&#8220;{}&#8220;][\/et_pb_image][\/et_pb_column][et_pb_column type=&#8220;3_4&#8243; _builder_version=&#8220;4.16&#8243; _module_preset=&#8220;default&#8220; global_colors_info=&#8220;{}&#8220;][et_pb_text content_last_edited=&#8220;off|desktop&#8220; module_class=&#8220;span-h1-white&#8220; _builder_version=&#8220;4.16&#8243; _module_preset=&#8220;default&#8220; text_font=&#8220;|700|||||||&#8220; text_text_color=&#8220;#FFFFFF&#8220; text_font_size=&#8220;20px&#8220; text_line_height=&#8220;1em&#8220; header_font=&#8220;|700|||||||&#8220; header_text_color=&#8220;#FFFFFF&#8220; header_font_size=&#8220;50px&#8220; header_2_font=&#8220;|700|||||||&#8220; header_2_font_size=&#8220;42px&#8220; header_3_font=&#8220;|700|||||||&#8220; header_3_text_color=&#8220;#009DE0&#8243; positioning=&#8220;relative&#8220; position_origin_a=&#8220;center_left&#8220; width=&#8220;100%&#8220; custom_padding=&#8220;48px||48px||true|false&#8220; custom_padding_tablet=&#8220;&#8220; custom_padding_phone=&#8220;0px||24px||false|false&#8220; custom_padding_last_edited=&#8220;on|tablet&#8220; animation_direction=&#8220;left&#8220; text_font_size_tablet=&#8220;&#8220; text_font_size_phone=&#8220;16px&#8220; text_font_size_last_edited=&#8220;on|phone&#8220; header_font_size_tablet=&#8220;40px&#8220; header_font_size_phone=&#8220;32px&#8220; header_font_size_last_edited=&#8220;on|phone&#8220; header_2_font_size_tablet=&#8220;32px&#8220; header_2_font_size_phone=&#8220;24px&#8220; header_2_font_size_last_edited=&#8220;on|phone&#8220; header_3_font_size_tablet=&#8220;&#8220; header_3_font_size_phone=&#8220;20px&#8220; header_3_font_size_last_edited=&#8220;on|phone&#8220; text_orientation_tablet=&#8220;center&#8220; text_orientation_phone=&#8220;&#8220; text_orientation_last_edited=&#8220;on|phone&#8220; text_text_shadow_style=&#8220;preset1&#8243; header_text_shadow_style=&#8220;preset1&#8243; global_colors_info=&#8220;{}&#8220;]<\/p>\n<h1>ABELICA GLOBAL<\/h1>\n<p>WELTWEITES EXPERTENWISSEN UND BEST PRACTICES[\/et_pb_text][\/et_pb_column][\/et_pb_row][\/et_pb_section][et_pb_section fb_built=&#8220;1&#8243; _builder_version=&#8220;4.16&#8243; _module_preset=&#8220;default&#8220; background_color=&#8220;#FFFFFF&#8220; custom_margin=&#8220;0px||0px||true|false&#8220; custom_padding=&#8220;15vh||15vh||true|false&#8220; global_colors_info=&#8220;{}&#8220;][et_pb_row _builder_version=&#8220;4.16&#8243; _module_preset=&#8220;default&#8220; width=&#8220;90%&#8220; max_width=&#8220;90vw&#8220; custom_margin=&#8220;||5vh||false|false&#8220; global_colors_info=&#8220;{}&#8220;][et_pb_column type=&#8220;4_4&#8243; _builder_version=&#8220;4.16&#8243; _module_preset=&#8220;default&#8220; global_colors_info=&#8220;{}&#8220;][et_pb_text module_class=&#8220;span-font-brand&#8220; _builder_version=&#8220;4.16&#8243; _module_preset=&#8220;default&#8220; text_font=&#8220;|600|||||||&#8220; text_text_color=&#8220;#98A0AB&#8220; header_2_font=&#8220;|700|||||||&#8220; custom_padding=&#8220;||||false|false&#8220; animation_style=&#8220;zoom&#8220; animation_direction=&#8220;left&#8220; global_colors_info=&#8220;{}&#8220;]EINE STARKE PARTNERSCHAFT<\/p>\n<h2>ABELICA<br \/>\n<span>GLOBAL<\/span><\/h2>\n<p>[\/et_pb_text][\/et_pb_column][\/et_pb_row][et_pb_row column_structure=&#8220;1_2,1_2&#8243; _builder_version=&#8220;4.16&#8243; _module_preset=&#8220;default&#8220; width=&#8220;90%&#8220; max_width=&#8220;1280px&#8220; custom_padding=&#8220;|||1px||&#8220; animation_style=&#8220;fade&#8220; animation_duration=&#8220;1500ms&#8220; global_colors_info=&#8220;{}&#8220;][et_pb_column type=&#8220;1_2&#8243; _builder_version=&#8220;4.16&#8243; _module_preset=&#8220;default&#8220; global_colors_info=&#8220;{}&#8220;][et_pb_text ul_type=&#8220;square&#8220; content_last_edited=&#8220;off|desktop&#8220; module_class=&#8220;textbox&#8220; _builder_version=&#8220;4.16&#8243; _module_preset=&#8220;default&#8220; text_font=&#8220;|300|||||||&#8220; text_line_height=&#8220;1.4em&#8220; ul_font=&#8220;|300|||||||&#8220; ul_line_height=&#8220;1.2em&#8220; header_2_text_color=&#8220;#242424&#8243; header_3_font=&#8220;|700|||||||&#8220; width=&#8220;100%&#8220; module_alignment=&#8220;center&#8220; custom_padding=&#8220;||||false|false&#8220; custom_padding_tablet=&#8220;|48px|48px|48px|false|true&#8220; custom_padding_phone=&#8220;|24px|24px|24px|false|true&#8220; custom_padding_last_edited=&#8220;on|phone&#8220; global_colors_info=&#8220;{}&#8220;]<\/p>\n<p>Abelica Global ist ein <strong>internationales Netzwerk unabh\u00e4ngiger Aktuare und Berater<\/strong> in den Bereichen Betriebliche Vorsorge, Versicherung und Finanzanlagen. Die Mitglieder wurden sorgf\u00e4ltig in einem mehrstufigen Auswahlverfahren ausgew\u00e4hlt und z\u00e4hlen in ihren L\u00e4ndern zu den Besten Ihrer Branche.<\/p>\n<p>[\/et_pb_text][et_pb_button button_url=&#8220;https:\/\/www.abelicaglobal.com&#8220; url_new_window=&#8220;on&#8220; button_text=&#8220;ZUR WEBSEITE VON ABELICA GLOBAL&#8220; _builder_version=&#8220;4.16&#8243; _module_preset=&#8220;default&#8220; global_colors_info=&#8220;{}&#8220;][\/et_pb_button][\/et_pb_column][et_pb_column type=&#8220;1_2&#8243; _builder_version=&#8220;4.16&#8243; _module_preset=&#8220;default&#8220; global_colors_info=&#8220;{}&#8220;][et_pb_image src=&#8220;https:\/\/old.aktuar-group.at\/bv\/wp-content\/uploads\/sites\/4\/2023\/07\/Abelica-Global-logo.jpg&#8220; alt=&#8220;Abelica Global Logo&#8220; title_text=&#8220;Abelica Global Logo&#8220; _builder_version=&#8220;4.21.0&#8243; _module_preset=&#8220;default&#8220; max_width=&#8220;200px&#8220; global_colors_info=&#8220;{}&#8220; width=&#8220;50%&#8220; module_alignment=&#8220;left&#8220;][\/et_pb_image][\/et_pb_column][\/et_pb_row][\/et_pb_section][et_pb_section fb_built=&#8220;1&#8243; _builder_version=&#8220;4.16&#8243; _module_preset=&#8220;default&#8220; background_color=&#8220;#5A9141&#8243; custom_padding=&#8220;15vh||15vh||true|false&#8220; global_colors_info=&#8220;{}&#8220;][et_pb_row _builder_version=&#8220;4.16&#8243; _module_preset=&#8220;default&#8220; width=&#8220;90%&#8220; max_width=&#8220;90vw&#8220; custom_margin=&#8220;||||false|false&#8220; animation_style=&#8220;zoom&#8220; animation_duration=&#8220;1500ms&#8220; global_colors_info=&#8220;{}&#8220;][et_pb_column type=&#8220;4_4&#8243; _builder_version=&#8220;4.16&#8243; _module_preset=&#8220;default&#8220; global_colors_info=&#8220;{}&#8220;][et_pb_text _builder_version=&#8220;4.16&#8243; _module_preset=&#8220;default&#8220; header_2_font=&#8220;|700|||||||&#8220; header_2_text_align=&#8220;center&#8220; header_2_text_color=&#8220;#FFFFFF&#8220; header_2_font_size=&#8220;42px&#8220; header_2_line_height=&#8220;1.1em&#8220; custom_padding=&#8220;||||false|false&#8220; animation_style=&#8220;zoom&#8220; animation_direction=&#8220;left&#8220; header_2_font_size_tablet=&#8220;42px&#8220; header_2_font_size_phone=&#8220;24px&#8220; header_2_font_size_last_edited=&#8220;on|phone&#8220; global_colors_info=&#8220;{}&#8220;]<\/p>\n<h2>ABELICA GLOBAL<br \/>\nINTERNATIONAL CONSULTING FOLDER<\/h2>\n<p>[\/et_pb_text][et_pb_button button_url=&#8220;https:\/\/old.aktuar-group.at\/bv\/wp-content\/uploads\/sites\/4\/2021\/08\/AbelicaGlobal-22pgbrochJune18lowres.pdf&#8220; url_new_window=&#8220;on&#8220; button_text=&#8220;FOLDER \u00d6FFNEN \/ DOWNLOADEN&#8220; _builder_version=&#8220;4.16&#8243; _dynamic_attributes=&#8220;button_url&#8220; _module_preset=&#8220;default&#8220; global_colors_info=&#8220;{}&#8220;][\/et_pb_button][\/et_pb_column][\/et_pb_row][\/et_pb_section][et_pb_section fb_built=&#8220;1&#8243; _builder_version=&#8220;4.16&#8243; _module_preset=&#8220;default&#8220; background_color=&#8220;#FFFFFF&#8220; custom_margin=&#8220;0px||0px||true|false&#8220; custom_padding=&#8220;15vh||15vh||true|false&#8220; global_colors_info=&#8220;{}&#8220;][et_pb_row _builder_version=&#8220;4.16&#8243; _module_preset=&#8220;default&#8220; width=&#8220;90%&#8220; max_width=&#8220;90vw&#8220; custom_margin=&#8220;||5vh||false|false&#8220; global_colors_info=&#8220;{}&#8220;][et_pb_column type=&#8220;4_4&#8243; _builder_version=&#8220;4.16&#8243; _module_preset=&#8220;default&#8220; global_colors_info=&#8220;{}&#8220;][et_pb_text module_class=&#8220;span-font-brand&#8220; _builder_version=&#8220;4.16&#8243; _module_preset=&#8220;default&#8220; text_font=&#8220;|600|||||||&#8220; text_text_color=&#8220;#98A0AB&#8220; header_2_font=&#8220;|700|||||||&#8220; custom_padding=&#8220;||||false|false&#8220; animation_style=&#8220;zoom&#8220; animation_direction=&#8220;left&#8220; global_colors_info=&#8220;{}&#8220;]UNABH\u00c4NGIGKEIT UND EINE HERVORRAGENDE INTERNATIONALE VERNETZUNG GEBEN UNS EINE EINZIGARTIGE MARKTPOSITION IN \u00d6STERREICH.<\/p>\n<h2>EINE OPTIMALE KOMBINATION<br \/>\n<span>ZU IHREM VORTEIL<\/span><\/h2>\n<p>[\/et_pb_text][\/et_pb_column][\/et_pb_row][et_pb_row column_structure=&#8220;1_2,1_2&#8243; _builder_version=&#8220;4.16&#8243; _module_preset=&#8220;default&#8220; width=&#8220;90%&#8220; max_width=&#8220;1280px&#8220; custom_padding=&#8220;|||1px||&#8220; animation_style=&#8220;fade&#8220; animation_duration=&#8220;1500ms&#8220; global_colors_info=&#8220;{}&#8220;][et_pb_column type=&#8220;1_2&#8243; _builder_version=&#8220;4.16&#8243; _module_preset=&#8220;default&#8220; global_colors_info=&#8220;{}&#8220;][et_pb_text ul_type=&#8220;square&#8220; content_last_edited=&#8220;off|desktop&#8220; module_class=&#8220;textbox&#8220; _builder_version=&#8220;4.16&#8243; _module_preset=&#8220;default&#8220; text_font=&#8220;|300|||||||&#8220; text_line_height=&#8220;1.4em&#8220; ul_font=&#8220;|300|||||||&#8220; ul_line_height=&#8220;1.2em&#8220; header_2_text_color=&#8220;#242424&#8243; header_3_font=&#8220;|700|||||||&#8220; width=&#8220;100%&#8220; module_alignment=&#8220;center&#8220; custom_padding=&#8220;||||false|false&#8220; custom_padding_tablet=&#8220;|48px|48px|48px|false|true&#8220; custom_padding_phone=&#8220;|24px|24px|24px|false|true&#8220; custom_padding_last_edited=&#8220;on|phone&#8220; global_colors_info=&#8220;{}&#8220;]<\/p>\n<p>Als <strong>unabh\u00e4ngiges Tochterunternehmen der TPA Steuerberatung GmbH<\/strong> k\u00f6nnen wir auf das Know-how von Steuerberatung, Wirtschaftspr\u00fcfung und Unternehmensberatung in 11 L\u00e4ndern aus Mittel- und Osteuropa zugreifen.<\/p>\n<p>Da wir in keinen Konzern eingebunden sind und uns somit nicht internen Richtlinien und Vorgaben unterordnen m\u00fcssen, die oft ohne Ber\u00fccksichtigung von lokalen Besonderheiten festgelegt werden, sind wir eigenbestimmt und unb\u00fcrokratisch. So k\u00f6nnen wir Ihnen kosteng\u00fcnstige Dienstleistungen bei zeitlicher und sachlicher Flexibilit\u00e4t garantieren.<\/p>\n<p>Unsere <strong>jahrelange Mitgliedschaft bei Abelica Global<\/strong>, einem internationalen Netzwerk f\u00fchrender unabh\u00e4ngiger Berater und Aktuare, erm\u00f6glicht Ihnen eine weltweite Beratung und Betreuung.<\/p>\n<p>[\/et_pb_text][\/et_pb_column][et_pb_column type=&#8220;1_2&#8243; _builder_version=&#8220;4.16&#8243; _module_preset=&#8220;default&#8220; global_colors_info=&#8220;{}&#8220;][et_pb_image src=&#8220;https:\/\/old.aktuar-group.at\/bv\/wp-content\/uploads\/sites\/4\/2021\/08\/Handschlag.jpg&#8220; alt=&#8220;Abelica-Global-logo&#8220; title_text=&#8220;Handschlag&#8220; _builder_version=&#8220;4.16&#8243; _module_preset=&#8220;default&#8220; global_colors_info=&#8220;{}&#8220; filter_saturate__hover_enabled=&#8220;on|desktop&#8220;][\/et_pb_image][\/et_pb_column][\/et_pb_row][\/et_pb_section][et_pb_section fb_built=&#8220;1&#8243; _builder_version=&#8220;4.16&#8243; _module_preset=&#8220;default&#8220; background_color=&#8220;#F5F5F5&#8243; custom_margin=&#8220;0px||0px||true|false&#8220; custom_padding=&#8220;15vh||15vh||true|false&#8220; global_colors_info=&#8220;{}&#8220;][et_pb_row _builder_version=&#8220;4.16&#8243; _module_preset=&#8220;default&#8220; width=&#8220;90%&#8220; max_width=&#8220;90vw&#8220; custom_margin=&#8220;||5vh||false|false&#8220; global_colors_info=&#8220;{}&#8220;][et_pb_column type=&#8220;4_4&#8243; _builder_version=&#8220;4.16&#8243; _module_preset=&#8220;default&#8220; global_colors_info=&#8220;{}&#8220;][et_pb_text module_class=&#8220;span-font-brand&#8220; _builder_version=&#8220;4.16&#8243; _module_preset=&#8220;default&#8220; header_2_font=&#8220;|700|||||||&#8220; custom_padding=&#8220;||||false|false&#8220; animation_style=&#8220;zoom&#8220; animation_direction=&#8220;left&#8220; global_colors_info=&#8220;{}&#8220;]<\/p>\n<h2>AKTIVIT\u00c4TEN<br \/>\n<span><\/span><\/h2>\n<p>[\/et_pb_text][\/et_pb_column][\/et_pb_row][et_pb_row column_structure=&#8220;1_2,1_2&#8243; _builder_version=&#8220;4.16&#8243; _module_preset=&#8220;default&#8220; width=&#8220;90%&#8220; max_width=&#8220;1280px&#8220; custom_padding=&#8220;|||1px||&#8220; animation_style=&#8220;fade&#8220; animation_duration=&#8220;1500ms&#8220; global_colors_info=&#8220;{}&#8220;][et_pb_column type=&#8220;1_2&#8243; _builder_version=&#8220;4.16&#8243; _module_preset=&#8220;default&#8220; global_colors_info=&#8220;{}&#8220;][dsm_card title=&#8220;Regelm\u00e4\u00dfiger Wissenstransfer&#8220; use_content_icon=&#8220;on&#8220; font_icon=&#8220;&#xe0dd;||divi||400&#8243; icon_color=&#8220;#5A9141&#8243; button_url_new_window=&#8220;1&#8243; _builder_version=&#8220;4.16&#8243; _module_preset=&#8220;default&#8220; header_text_color=&#8220;#5A9141&#8243; animation_style=&#8220;fade&#8220; global_colors_info=&#8220;{}&#8220;]<\/p>\n<p>Abelica ist in <strong>26 L\u00e4ndern<\/strong> und <strong>auf allen Kontinenten<\/strong> mit ihren Mitgliedern vertreten. J\u00e4hrlich findet eine Konferenz statt, auf der vor allem etliche Vortr\u00e4ge von Mitgliedern und Gastrednern gehalten werden. Zudem werden Meetings der diversen Arbeitskreise wie z.B. in den Bereichen Versicherungswesen und Betriebliche Altersvorsorge durchgef\u00fchrt. Zudem gibt es regelm\u00e4\u00dfig Telefonkonferenzen der einzelnen Arbeitskreise sowie dem Abelica-Rat.<\/p>\n<p>[\/dsm_card][\/et_pb_column][et_pb_column type=&#8220;1_2&#8243; _builder_version=&#8220;4.16&#8243; _module_preset=&#8220;default&#8220; global_colors_info=&#8220;{}&#8220;][dsm_card title=&#8220;Unser Engagement im Kundeninteresse&#8220; use_content_icon=&#8220;on&#8220; font_icon=&#8220;&#xe0dd;||divi||400&#8243; icon_color=&#8220;#5A9141&#8243; button_url_new_window=&#8220;1&#8243; _builder_version=&#8220;4.16&#8243; _module_preset=&#8220;default&#8220; header_text_color=&#8220;#5A9141&#8243; animation_style=&#8220;fade&#8220; global_colors_info=&#8220;{}&#8220;]Wir sind seit dem Jahr 2011 Mitglied von Abelica Global. Seit unserem Eintritt in das Netzwerk haben wir schon an etlichen Veranstaltungen (Boston, London, Frankfurt, Edinburgh, Br\u00fcssel, Lissabon, Berlin, Chicago) teilgenommen. Als Mitglied im Rat und in zwei Arbeitskreisen ist es f\u00fcr uns eine verantwortungsvolle und interessante Aufgabe, aktiv bei Abelica mitzugestalten.[\/dsm_card][\/et_pb_column][\/et_pb_row][et_pb_row column_structure=&#8220;1_2,1_2&#8243; _builder_version=&#8220;4.16&#8243; _module_preset=&#8220;default&#8220; width=&#8220;90%&#8220; max_width=&#8220;1280px&#8220; custom_padding=&#8220;|||1px||&#8220; animation_style=&#8220;fade&#8220; animation_duration=&#8220;1500ms&#8220; global_colors_info=&#8220;{}&#8220;][et_pb_column type=&#8220;1_2&#8243; _builder_version=&#8220;4.16&#8243; _module_preset=&#8220;default&#8220; global_colors_info=&#8220;{}&#8220;][dsm_card title=&#8220;Unabh\u00e4ngig &#038; Flexibel&#8220; use_content_icon=&#8220;on&#8220; font_icon=&#8220;&#xe0dd;||divi||400&#8243; icon_color=&#8220;#5A9141&#8243; button_url_new_window=&#8220;1&#8243; _builder_version=&#8220;4.16&#8243; _module_preset=&#8220;default&#8220; header_text_color=&#8220;#5A9141&#8243; animation_style=&#8220;fade&#8220; global_colors_info=&#8220;{}&#8220;]<\/p>\n<p>Die St\u00e4rke der unabh\u00e4ngigen Abelica-Mitglieder ist, dass sie ihr <strong>lokales Wissen<\/strong> individuell zum Vorteil ihrer Kunden anwenden k\u00f6nnen und nicht durch strikte einheitliche Vorgaben des Netzwerkes daran gehindert werden. Die Mitglieder von Abelica sind <strong>keinem internationalem Konzern zugeh\u00f6rig<\/strong> und es besteht auch <strong>keine Abh\u00e4ngigkeit zu Versicherungen oder Pensionskassen<\/strong>. Trotzdem gibt es im Abelica-Netzwerk <strong>l\u00e4nder\u00fcbergreifend erarbeitete Ziele und Ma\u00dfnahmen<\/strong>, soweit dies auch auf Landesebene sinnvoll ist. Dies ist z.B. bei den Zinssatzempfehlungen im Euro-Raum f\u00fcr die Bewertung von Personalr\u00fcckstellungen nach IFRS der Fall.<\/p>\n<p>Dar\u00fcber hinaus findet ein reger Austausch von Fachwissen und technischer Hilfsmittel (z.B. zur mathematischen Modellierung von finanz- und versicherungsmathematischen Risiken, webbasierter Bilanzierungssoftware f\u00fcr Personalr\u00fcckstellungen, etc.) zwischen den Mitgliedern statt.<\/p>\n<p>[\/dsm_card][\/et_pb_column][et_pb_column type=&#8220;1_2&#8243; _builder_version=&#8220;4.16&#8243; _module_preset=&#8220;default&#8220; global_colors_info=&#8220;{}&#8220;][dsm_card title=&#8220;Kundenspezifische Softwarel\u00f6sungen&#8220; use_content_icon=&#8220;on&#8220; font_icon=&#8220;&#xe0dd;||divi||400&#8243; icon_color=&#8220;#5A9141&#8243; button_url_new_window=&#8220;1&#8243; _builder_version=&#8220;4.16&#8243; _module_preset=&#8220;default&#8220; header_text_color=&#8220;#5A9141&#8243; animation_style=&#8220;fade&#8220; global_colors_info=&#8220;{}&#8220;]<\/p>\n<p>Dar\u00fcber hinaus findet ein reger Austausch von Fachwissen und technischer Hilfsmittel (z.B. zur mathematischen Modellierung von finanz- und versicherungsmathematischen Risiken, webbasierter Bilanzierungssoftware f\u00fcr Personalr\u00fcckstellungen, etc.) zwischen den Mitgliedern statt.<\/p>\n<p>Einige Mitglieder haben bereits <strong>innovative Softwarel\u00f6sungen<\/strong> f\u00fcr ihre Kunden entwickelt wie z.B. Hymans Robertson LLP (UK) mit \u00a9 <strong>Club Vita<\/strong>, einem Tool zur Analyse und Darstellung von Langlebigkeitsrisken und \u00a9 <strong>Guided Outcomes<\/strong>, einem Tool f\u00fcr Mitarbeiter zum Gestalten ihrer beitragsorientierten Pensionspl\u00e4ne. Unser kanadischer Partner Eckler Ltd. entwickelt Apps f\u00fcr Handys und webbasierte L\u00f6sungen zur Gestaltung, Administration und Kommunikation von betrieblichen Sozialleistungen. Viele dieser Anwendungen k\u00f6nnen bei Bedarf auf lokale Verh\u00e4ltnisse angepasst werden.<\/p>\n<p>[\/dsm_card][\/et_pb_column][\/et_pb_row][et_pb_row column_structure=&#8220;1_2,1_2&#8243; _builder_version=&#8220;4.16&#8243; _module_preset=&#8220;default&#8220; width=&#8220;90%&#8220; max_width=&#8220;1280px&#8220; custom_padding=&#8220;|||1px||&#8220; animation_style=&#8220;fade&#8220; animation_duration=&#8220;1500ms&#8220; global_colors_info=&#8220;{}&#8220;][et_pb_column type=&#8220;1_2&#8243; _builder_version=&#8220;4.16&#8243; _module_preset=&#8220;default&#8220; global_colors_info=&#8220;{}&#8220;][dsm_card title=&#8220;Starke Marktpr\u00e4senz&#8220; use_content_icon=&#8220;on&#8220; font_icon=&#8220;&#xe0dd;||divi||400&#8243; icon_color=&#8220;#5A9141&#8243; button_url_new_window=&#8220;1&#8243; _builder_version=&#8220;4.16&#8243; _module_preset=&#8220;default&#8220; header_text_color=&#8220;#5A9141&#8243; animation_style=&#8220;fade&#8220; global_colors_info=&#8220;{}&#8220;]Abelica versteht sich nicht als Verkaufsplattform ihrer Mitglieder, sondern als B\u00fcndnis von Firmen, die neben einem Wissensaustausch gemeinsam regionale und internationale Projekte durchf\u00fchren. Mittlerweile betr\u00e4gt der j\u00e4hrliche Umsatz, der in solchen Projekten innerhalb des Netzwerkes erzielt wird, bereits mehrere Millionen Euro. Wir k\u00f6nnen mehrere gemeinsame Referenzprojekte vor allem im Bereich des globalen Aktuariats vorweisen, an denen die Aktuar Versicherungsmathematik GmbH teilgenommen hat.[\/dsm_card][\/et_pb_column][et_pb_column type=&#8220;1_2&#8243; _builder_version=&#8220;4.16&#8243; _module_preset=&#8220;default&#8220; global_colors_info=&#8220;{}&#8220;][\/et_pb_column][\/et_pb_row][\/et_pb_section]<\/p>\n","protected":false},"excerpt":{"rendered":"<p>ABELICA GLOBAL WELTWEITES EXPERTENWISSEN UND BEST PRACTICESEINE STARKE PARTNERSCHAFT ABELICA GLOBALAbelica Global ist ein internationales Netzwerk unabh\u00e4ngiger Aktuare und Berater in den Bereichen Betriebliche Vorsorge, Versicherung und Finanzanlagen. Die Mitglieder wurden sorgf\u00e4ltig in einem mehrstufigen Auswahlverfahren ausgew\u00e4hlt und z\u00e4hlen in ihren L\u00e4ndern zu den Besten Ihrer Branche.ABELICA GLOBAL INTERNATIONAL CONSULTING FOLDERUNABH\u00c4NGIGKEIT UND EINE HERVORRAGENDE INTERNATIONALE VERNETZUNG GEBEN UNS EINE EINZIGARTIGE MARKTPOSITION IN \u00d6STERREICH. EINE OPTIMALE KOMBINATION ZU IHREM VORTEILAls unabh\u00e4ngiges Tochterunternehmen der TPA Steuerberatung GmbH k\u00f6nnen wir auf das Know-how von Steuerberatung, Wirtschaftspr\u00fcfung und Unternehmensberatung in 11 L\u00e4ndern aus Mittel- und Osteuropa zugreifen. Da wir in keinen Konzern eingebunden sind und uns somit nicht internen Richtlinien und Vorgaben unterordnen m\u00fcssen, die oft ohne Ber\u00fccksichtigung von lokalen Besonderheiten festgelegt werden, sind wir eigenbestimmt und unb\u00fcrokratisch. So k\u00f6nnen wir Ihnen kosteng\u00fcnstige Dienstleistungen bei zeitlicher und sachlicher Flexibilit\u00e4t garantieren. Unsere jahrelange Mitgliedschaft bei Abelica Global, einem internationalen Netzwerk f\u00fchrender unabh\u00e4ngiger Berater und Aktuare, erm\u00f6glicht Ihnen eine weltweite Beratung und Betreuung.AKTIVIT\u00c4TEN <div class=\"et_pb_module dsm_card dsm_card_0 textbox et_animated et_pb_bg_layout_light  dsm_card_layout_stacked\">\n\t\t\t\t\n\t\t\t\t\n\t\t\t\t\n\t\t\t\t\n\t\t\t\t\n\t\t\t\t\n\t\t\t\t<div class=\"et_pb_module_inner\">\n\t\t\t\t\t\n\t\t\t\n\t\t\t\n\t\t\t<div class=\"et_pb_module dsm_card_wrapper et_pb_text_align_left\">\n\t\t\t\t\t<div class=\"dsm_card_icon\">\n\t\t\t\t\t\t<span class=\"dsm_card_icon_wrap\">\n\t\t\t\t\t\t\t<span class=\"et-pb-icon\">\ue0dd<\/span>\n\t\t\t\t\t\t<\/span>\n\t\t\t\t\t<\/div>\n\t\t\t\t\t<h3 class=\"dsm_card_title et_pb_module_header\">Regelm\u00e4\u00dfiger Wissenstransfer<\/h3>\n\t\t\t\t\t\n\t\t\t\t\t\n\t\t\t\t\t\n\t\t\t\t<\/div>\n\t\t\t\n\t\t\t\t<\/div>\n\t\t\t<\/div>Abelica ist in 26 L\u00e4ndern und auf allen Kontinenten mit ihren Mitgliedern vertreten. J\u00e4hrlich findet eine Konferenz statt, auf der vor allem etliche Vortr\u00e4ge von Mitgliedern und Gastrednern gehalten werden. Zudem werden [&hellip;]<\/p>\n","protected":false},"author":1,"featured_media":0,"parent":0,"menu_order":0,"comment_status":"closed","ping_status":"closed","template":"","meta":{"_et_pb_use_builder":"on","_et_pb_old_content":"","_et_gb_content_width":"","footnotes":""},"class_list":["post-383","page","type-page","status-publish","hentry"],"_links":{"self":[{"href":"https:\/\/old.aktuar-group.at\/bv\/wp-json\/wp\/v2\/pages\/383","targetHints":{"allow":["GET"]}}],"collection":[{"href":"https:\/\/old.aktuar-group.at\/bv\/wp-json\/wp\/v2\/pages"}],"about":[{"href":"https:\/\/old.aktuar-group.at\/bv\/wp-json\/wp\/v2\/types\/page"}],"author":[{"embeddable":true,"href":"https:\/\/old.aktuar-group.at\/bv\/wp-json\/wp\/v2\/users\/1"}],"replies":[{"embeddable":true,"href":"https:\/\/old.aktuar-group.at\/bv\/wp-json\/wp\/v2\/comments?post=383"}],"version-history":[{"count":0,"href":"https:\/\/old.aktuar-group.at\/bv\/wp-json\/wp\/v2\/pages\/383\/revisions"}],"wp:attachment":[{"href":"https:\/\/old.aktuar-group.at\/bv\/wp-json\/wp\/v2\/media?parent=383"}],"curies":[{"name":"wp","href":"https:\/\/api.w.org\/{rel}","templated":true}]}}